{"id":1042,"date":"2024-06-11T10:35:30","date_gmt":"2024-06-11T14:35:30","guid":{"rendered":"https:\/\/www.proeibandes.org\/?page_id=1042"},"modified":"2024-07-18T10:17:31","modified_gmt":"2024-07-18T14:17:31","slug":"revistas","status":"publish","type":"page","link":"https:\/\/www.proeibandes.org\/?page_id=1042","title":{"rendered":"Revistas"},"content":{"rendered":"\n<div class=\"wp-block-stackable-spacer stk-block-spacer stk--no-padding stk-block stk-d6a2027\" data-block-id=\"d6a2027\"><\/div>\n\n\n\n<div class=\"wp-block-stackable-heading stk-block-heading stk-block-heading--v2 stk-block stk-0ac7ad4\" id=\"revista-dialogica-intercultural\" data-block-id=\"0ac7ad4\"><style>.stk-0ac7ad4 .stk-block-heading__text{font-size:40px !important}@media screen and (max-width:999px){.stk-0ac7ad4 .stk-block-heading__text{font-size:40px !important}}@media screen and (max-width:689px){.stk-0ac7ad4 .stk-block-heading__text{font-size:30px !important}}<\/style><h2 class=\"stk-block-heading__text\">Revista Dial\u00f3gica Intercultural<\/h2><\/div>\n\n\n\n<div class=\"wp-block-stackable-text stk-block-text stk-block stk-ea4d40c\" data-block-id=\"ea4d40c\"><p class=\"stk-block-text__text\">La Revista Dial\u00f3gica Intercultural tiene su historia. El a\u00f1o 2017 sali\u00f3 el primer n\u00famero impreso de la Revista Dial\u00f3gica con el objetivo de difundir los resultados de investigaci\u00f3n de la Maestr\u00eda en Socioling\u00fc\u00edstica del Centro Interdisciplinario PROEIB Andes (CI PROEIB Andes). Los dos primeros n\u00fameros respondieron a este prop\u00f3sito. Pasada la pandemia del COVID &#8211; 19, el CI PROEIB Andes comienza a trabajar en una versi\u00f3n digital con el soporte del Software Open Journal System (OJS), dando nacimiento a la Revista Digital Dial\u00f3gica Intercultural. La palabra Intercultural se a\u00f1ade para diferenciarla de una revista hom\u00f3nima m\u00e1s antigua publicada en Venezuela. A partir de su primer n\u00famero (junio\/julio 2023), Dial\u00f3gica Intercultural ampl\u00eda la cobertura tem\u00e1tica de Dial\u00f3gica para difundir resultados de investigaci\u00f3n sobre educaci\u00f3n, interculturalidad, lenguas y cultura de los pueblos ind\u00edgenas de Bolivia y Am\u00e9rica Latina y tem\u00e1ticas afines y emergentes.<\/p><\/div>\n\n\n\n<p>Dial\u00f3gica Intercultural pretende propiciar debates en temas sociales, hist\u00f3ricos, culturales, antropol\u00f3gicos, educativos, y ling\u00fc\u00edsticos vinculados a pueblos ind\u00edgenas en Bolivia, el continente y m\u00e1s all\u00e1.<\/p>\n\n\n\n<p>Uno de sus prop\u00f3sitos es fortalecer redes acad\u00e9micas, proporcionar datos e informaci\u00f3n a profesores, estudiantes, as\u00ed como a la comunidad en general.<\/p>\n\n\n\n<div class=\"wp-block-stackable-spacer stk-block-spacer stk--no-padding stk-block stk-2c06c91\" data-block-id=\"2c06c91\"><\/div>\n\n\n\n<div class=\"wp-block-stackable-feature stk-block-feature stk-block stk-76fdfce is-style-default\" data-v=\"2\" data-block-id=\"76fdfce\"><div class=\"stk-content-align stk-76fdfce-column stk-container stk-76fdfce-container stk--no-background stk--no-padding\"><div class=\"stk-inner-blocks stk-block-content stk-row\">\n<div class=\"wp-block-stackable-column stk-block-column stk-column stk-block stk-b06d1cc\" data-v=\"4\" data-block-id=\"b06d1cc\"><style>.stk-b06d1cc{align-self:center !important}<\/style><div class=\"stk-column-wrapper stk-block-column__content stk-container stk-b06d1cc-container stk--no-background stk--no-padding\"><div class=\"stk-block-content stk-inner-blocks stk-b06d1cc-inner-blocks\">\n<div class=\"wp-block-stackable-heading stk-block-heading stk-block-heading--v2 stk-block stk-45b1236\" id=\"segundo-numero-de-la-revista-dialogica-intercultural-2023\" data-block-id=\"45b1236\"><style>@media screen and (max-width:689px){.stk-45b1236 .stk-block-heading__text{font-size:30px !important}}<\/style><h2 class=\"stk-block-heading__text\">Segundo n\u00famero de la Revista Dial\u00f3gica Intercultural 2023<\/h2><\/div>\n\n\n\n<ul class=\"wp-block-list\">\n<li>Casos emblem\u00e1ticos de ecoturismo comunitario en Ecuador<\/li>\n\n\n\n<li>Intermitencias de Microtonos en la m\u00fasica de Jula Jula<\/li>\n\n\n\n<li>Apuntes para la historia de la educaci\u00f3n en Cochabamba<\/li>\n<\/ul>\n\n\n\n<div class=\"wp-block-stackable-button-group stk-block-button-group stk-block stk-0ed2270\" data-block-id=\"0ed2270\"><div class=\"stk-row stk-inner-blocks has-text-align-center-mobile stk-block-content stk-button-group\">\n<div class=\"wp-block-stackable-button stk-block-button stk-block stk-ecefb88\" data-block-id=\"ecefb88\"><a class=\"stk-link stk-button stk--hover-effect-darken\" href=\"https:\/\/revistas.umss.edu.bo\/index.php\/dialogica_intercultural\/issue\/view\/71\/64\" target=\"_blank\" rel=\"noreferrer noopener\"><span class=\"stk-button__inner-text\">Ver revista<\/span><\/a><\/div>\n<\/div><\/div>\n<\/div><\/div><\/div>\n\n\n\n<div class=\"wp-block-stackable-column stk-block-column stk-column stk-block stk-06c287e\" data-v=\"4\" data-block-id=\"06c287e\"><style>.stk-06c287e{align-self:center !important}<\/style><div class=\"stk-column-wrapper stk-block-column__content stk-container stk-06c287e-container stk--no-background stk--no-padding\"><div class=\"stk-block-content stk-inner-blocks stk-06c287e-inner-blocks\">\n<div class=\"wp-block-stackable-image stk-block-image stk-block stk-87e4cf5\" data-block-id=\"87e4cf5\"><figure><span class=\"stk-img-wrapper stk-image--shape-stretch\"><img loading=\"lazy\" decoding=\"async\" class=\"stk-img wp-image-1484\" src=\"http:\/\/www.proeibandes.org\/wp-content\/uploads\/2024\/06\/WhatsApp-Image-2024-06-25-at-09.42.34.jpeg\" width=\"570\" height=\"736\" srcset=\"https:\/\/www.proeibandes.org\/wp-content\/uploads\/2024\/06\/WhatsApp-Image-2024-06-25-at-09.42.34.jpeg 570w, https:\/\/www.proeibandes.org\/wp-content\/uploads\/2024\/06\/WhatsApp-Image-2024-06-25-at-09.42.34-232x300.jpeg 232w\" sizes=\"(max-width: 570px) 100vw, 570px\" \/><\/span><\/figure><\/div>\n<\/div><\/div><\/div>\n<\/div><\/div><\/div>\n\n\n\n<div class=\"wp-block-stackable-spacer stk-block-spacer stk--no-padding stk-block stk-94889be\" data-block-id=\"94889be\"><\/div>\n\n\n\n<div class=\"wp-block-stackable-feature stk-block-feature stk-block stk-fc9701f is-style-default\" data-v=\"2\" data-block-id=\"fc9701f\"><div class=\"stk-content-align stk-fc9701f-column stk-container stk-fc9701f-container stk--no-background stk--no-padding\"><div class=\"stk-inner-blocks stk-block-content stk-row\">\n<div class=\"wp-block-stackable-column stk-block-column stk-column stk-block stk-371b0b4\" data-v=\"4\" data-block-id=\"371b0b4\"><style>.stk-371b0b4{align-self:center !important}<\/style><div class=\"stk-column-wrapper stk-block-column__content stk-container stk-371b0b4-container stk--no-background stk--no-padding\"><div class=\"stk-block-content stk-inner-blocks stk-371b0b4-inner-blocks\">\n<div class=\"wp-block-stackable-heading stk-block-heading stk-block-heading--v2 stk-block stk-e3f3d4b\" id=\"primer-numero-de-la-revista-dialogica-intercultural-2023\" data-block-id=\"e3f3d4b\"><style>@media screen and (max-width:689px){.stk-e3f3d4b .stk-block-heading__text{font-size:30px !important}}<\/style><h2 class=\"stk-block-heading__text\">Primer n\u00famero de la Revista  Dial\u00f3gica Intercultural 2023<\/h2><\/div>\n\n\n\n<ul class=\"wp-block-list\">\n<li>Tipolog\u00eda y funci\u00f3n de las escalas de evaluaci\u00f3n del riesgo, vitalidad y programas de revitalizaci\u00f3n de lenguas ind\u00edgenas<\/li>\n\n\n\n<li>Incidencia de los pr\u00e9stamos ling\u00fc\u00edsticos en el quechua escrito de Tarabuco<\/li>\n\n\n\n<li>Pr\u00e1cticas ancestrales en tiempos de COVID-19: Reflexiones decoloniales desde tres comunidades Kichwa-Otavalos<\/li>\n<\/ul>\n\n\n\n<div class=\"wp-block-stackable-button-group stk-block-button-group stk-block stk-4b9e69a\" data-block-id=\"4b9e69a\"><div class=\"stk-row stk-inner-blocks has-text-align-center-mobile stk-block-content stk-button-group\">\n<div class=\"wp-block-stackable-button stk-block-button stk-block stk-85fda6a\" data-block-id=\"85fda6a\"><a class=\"stk-link stk-button stk--hover-effect-darken\" href=\"https:\/\/revistas.umss.edu.bo\/index.php\/dialogica_intercultural\/issue\/view\/1\/7\" target=\"_blank\" rel=\"noreferrer noopener\"><span class=\"stk-button__inner-text\">Ver revista<\/span><\/a><\/div>\n<\/div><\/div>\n<\/div><\/div><\/div>\n\n\n\n<div class=\"wp-block-stackable-column stk-block-column stk-column stk-block stk-3b488e3\" data-v=\"4\" data-block-id=\"3b488e3\"><style>.stk-3b488e3{align-self:center !important}<\/style><div class=\"stk-column-wrapper stk-block-column__content stk-container stk-3b488e3-container stk--no-background stk--no-padding\"><div class=\"stk-block-content stk-inner-blocks stk-3b488e3-inner-blocks\">\n<div class=\"wp-block-stackable-image stk-block-image stk-block stk-3ff2086\" data-block-id=\"3ff2086\"><figure><span class=\"stk-img-wrapper stk-image--shape-stretch\"><img loading=\"lazy\" decoding=\"async\" class=\"stk-img wp-image-1486\" src=\"http:\/\/www.proeibandes.org\/wp-content\/uploads\/2024\/06\/WhatsApp-Image-2024-06-25-at-09.44.45.jpeg\" width=\"649\" height=\"844\" srcset=\"https:\/\/www.proeibandes.org\/wp-content\/uploads\/2024\/06\/WhatsApp-Image-2024-06-25-at-09.44.45.jpeg 649w, https:\/\/www.proeibandes.org\/wp-content\/uploads\/2024\/06\/WhatsApp-Image-2024-06-25-at-09.44.45-231x300.jpeg 231w\" sizes=\"(max-width: 649px) 100vw, 649px\" \/><\/span><\/figure><\/div>\n<\/div><\/div><\/div>\n<\/div><\/div><\/div>\n\n\n\n<div class=\"wp-block-stackable-spacer stk-block-spacer stk--no-padding stk-block stk-4a9395f\" data-block-id=\"4a9395f\"><\/div>\n","protected":false},"excerpt":{"rendered":"<p>Revista Dial\u00f3gica Intercultural La Revista Dial\u00f3gica Intercultural tiene su historia. El a\u00f1o 2017 sali\u00f3 el primer n\u00famero impreso de la Revista Dial\u00f3gica con el objetivo de difundir los resultados de investigaci\u00f3n de la Maestr\u00eda en Socioling\u00fc\u00edstica del Centro Interdisciplinario PROEIB Andes (CI PROEIB Andes). Los dos primeros n\u00fameros respondieron a este prop\u00f3sito. Pasada la pandemia [&hellip;]<\/p>\n","protected":false},"author":2,"featured_media":0,"parent":0,"menu_order":0,"comment_status":"closed","ping_status":"closed","template":"","meta":{"footnotes":""},"class_list":["post-1042","page","type-page","status-publish","hentry"],"blocksy_meta":[],"_links":{"self":[{"href":"https:\/\/www.proeibandes.org\/index.php?rest_route=\/wp\/v2\/pages\/1042"}],"collection":[{"href":"https:\/\/www.proeibandes.org\/index.php?rest_route=\/wp\/v2\/pages"}],"about":[{"href":"https:\/\/www.proeibandes.org\/index.php?rest_route=\/wp\/v2\/types\/page"}],"author":[{"embeddable":true,"href":"https:\/\/www.proeibandes.org\/index.php?rest_route=\/wp\/v2\/users\/2"}],"replies":[{"embeddable":true,"href":"https:\/\/www.proeibandes.org\/index.php?rest_route=%2Fwp%2Fv2%2Fcomments&post=1042"}],"version-history":[{"count":8,"href":"https:\/\/www.proeibandes.org\/index.php?rest_route=\/wp\/v2\/pages\/1042\/revisions"}],"predecessor-version":[{"id":1794,"href":"https:\/\/www.proeibandes.org\/index.php?rest_route=\/wp\/v2\/pages\/1042\/revisions\/1794"}],"wp:attachment":[{"href":"https:\/\/www.proeibandes.org\/index.php?rest_route=%2Fwp%2Fv2%2Fmedia&parent=1042"}],"curies":[{"name":"wp","href":"https:\/\/api.w.org\/{rel}","templated":true}]}}