{"id":142,"date":"2018-06-27T18:43:37","date_gmt":"2018-06-27T18:43:37","guid":{"rendered":"http:\/\/ciproeib.proeibandes.org\/?page_id=142"},"modified":"2024-06-20T10:24:54","modified_gmt":"2024-06-20T14:24:54","slug":"proposito","status":"publish","type":"page","link":"https:\/\/www.proeibandes.org\/?page_id=142","title":{"rendered":"Prop\u00f3sito"},"content":{"rendered":"\n<div class=\"wp-block-stackable-spacer stk-block-spacer stk--no-padding stk-block stk-bca1163\" data-block-id=\"bca1163\"><style>.stk-bca1163{height:50px !important}<\/style><\/div>\n\n\n\n<p>La Maestr\u00eda en Educaci\u00f3n Intercultural Biling\u00fce contribuye al desarrollo y mejoramiento de la calidad de la educaci\u00f3n en contextos de diversidad cultural y ling\u00fc\u00edstica, mediante el perfeccionamiento profesional de recursos humanos, mujeres y hombres comprometidos con los derechos y demandas de los pueblos ind\u00edgenas y afro-descendientes.<\/p>\n\n\n\n<p>A trav\u00e9s de la formaci\u00f3n de profesionales con grado de maestr\u00eda, impulsa la transformaci\u00f3n de las pr\u00e1cticas educativas en los diferentes niveles de la educaci\u00f3n p\u00fablica. Trata de contribuir a una comprensi\u00f3n de la educaci\u00f3n como v\u00ednculo entre la tradici\u00f3n y el futuro de los pueblos ind\u00edgenas, tomando en consideraci\u00f3n el contexto en el cual se desarrolla su vida y las necesidades de aprendizaje que derivan de \u00e9l. En este sentido, la EIB es una contribuci\u00f3n a nuevos enfoques de desarrollo y bienestar demandados por las sociedades ind\u00edgenas que contribuyan a la gesti\u00f3n de sus territorios ancestrales con identidad y al fortalecimiento de sus propios sistemas econ\u00f3micos basados en sus saberes \u00e9tnicos m\u00e1s amigables con el medio ambiente y la preservaci\u00f3n de la vida.<\/p>\n\n\n\n<div class=\"wp-block-stackable-spacer stk-block-spacer stk--no-padding stk-block stk-74bf895\" data-block-id=\"74bf895\"><\/div>\n","protected":false},"excerpt":{"rendered":"<p>La Maestr\u00eda en Educaci\u00f3n Intercultural Biling\u00fce contribuye al desarrollo y mejoramiento de la calidad de la educaci\u00f3n en contextos de diversidad cultural y ling\u00fc\u00edstica, mediante el perfeccionamiento profesional de recursos humanos, mujeres y hombres comprometidos con los derechos y demandas de los pueblos ind\u00edgenas y afro-descendientes. A trav\u00e9s de la formaci\u00f3n de profesionales con grado [&hellip;]<\/p>\n","protected":false},"author":1,"featured_media":0,"parent":38,"menu_order":1,"comment_status":"closed","ping_status":"closed","template":"","meta":{"footnotes":""},"class_list":["post-142","page","type-page","status-publish","hentry"],"blocksy_meta":[],"_links":{"self":[{"href":"https:\/\/www.proeibandes.org\/index.php?rest_route=\/wp\/v2\/pages\/142"}],"collection":[{"href":"https:\/\/www.proeibandes.org\/index.php?rest_route=\/wp\/v2\/pages"}],"about":[{"href":"https:\/\/www.proeibandes.org\/index.php?rest_route=\/wp\/v2\/types\/page"}],"author":[{"embeddable":true,"href":"https:\/\/www.proeibandes.org\/index.php?rest_route=\/wp\/v2\/users\/1"}],"replies":[{"embeddable":true,"href":"https:\/\/www.proeibandes.org\/index.php?rest_route=%2Fwp%2Fv2%2Fcomments&post=142"}],"version-history":[{"count":3,"href":"https:\/\/www.proeibandes.org\/index.php?rest_route=\/wp\/v2\/pages\/142\/revisions"}],"predecessor-version":[{"id":1416,"href":"https:\/\/www.proeibandes.org\/index.php?rest_route=\/wp\/v2\/pages\/142\/revisions\/1416"}],"up":[{"embeddable":true,"href":"https:\/\/www.proeibandes.org\/index.php?rest_route=\/wp\/v2\/pages\/38"}],"wp:attachment":[{"href":"https:\/\/www.proeibandes.org\/index.php?rest_route=%2Fwp%2Fv2%2Fmedia&parent=142"}],"curies":[{"name":"wp","href":"https:\/\/api.w.org\/{rel}","templated":true}]}}