{"id":146,"date":"2018-06-27T18:52:03","date_gmt":"2018-06-27T18:52:03","guid":{"rendered":"http:\/\/ciproeib.proeibandes.org\/?page_id=146"},"modified":"2024-06-18T17:09:41","modified_gmt":"2024-06-18T21:09:41","slug":"descripcion-del-programa","status":"publish","type":"page","link":"https:\/\/www.proeibandes.org\/?page_id=146","title":{"rendered":"Descripci\u00f3n del programa"},"content":{"rendered":"\n<div class=\"wp-block-stackable-spacer stk-block-spacer stk--no-padding stk-block stk-4a6d968\" data-block-id=\"4a6d968\"><\/div>\n\n\n\n<p>La Maestr\u00eda en Educaci\u00f3n Intercultural Biling\u00fce est\u00e1 destinada a la formaci\u00f3n a nivel de postgrado de profesionales&nbsp; ind\u00edgenas y no ind\u00edgenas que trabajan en zonas, comunidades o localidades con poblaci\u00f3n ind\u00edgena y que cuentan con las calificaciones acad\u00e9micas correspondientes y con experiencias previas o motivaci\u00f3n hacia la EIB, de cara a especializarse como agentes de cambio de la realidad sociocultural, socioling\u00fc\u00edstica y socioeducativa de los pueblos ind\u00edgenas.<\/p>\n\n\n\n<p>La Maestr\u00eda tiene car\u00e1cter internacional porque atiende a estudiantes provenientes de distintos pa\u00edses tanto de Sud Am\u00e9rica como de Centro Am\u00e9rica. Otorga el t\u00edtulo de mag\u00edster en Educaci\u00f3n Intercultural Biling\u00fce. Los profesionales formados en esta maestr\u00eda, al finalizar su formaci\u00f3n, desempe\u00f1an funciones en distintos \u00e1mbitos relacionados con el sistema educativo en general. Se desempe\u00f1an en Ministerios de Educaci\u00f3n, Universidades e Institutos de Formaci\u00f3n Docente, Escuelas y Colegios, Organizaciones ind\u00edgenas, Organizaciones no Gubernamentales y como consultores independientes. Algunos graduados contin\u00faan su formaci\u00f3n a nivel de doctorado.<\/p>\n\n\n\n<p>La duraci\u00f3n total de la Maestr\u00eda es de 2 a\u00f1os acreditada con 2600 horas acad\u00e9micas, equivalente a 65 cr\u00e9ditos. Tiene una modalidad presencial y comprende 3 fases: inicial, &nbsp;la formaci\u00f3n general y la formaci\u00f3n especializada e investigaci\u00f3n. La formaci\u00f3n est\u00e1 organizada en \u00e1reas con sus respectivos m\u00f3dulos, adem\u00e1s del taller de investigaci\u00f3n y el trabajo de campo. En el primer semestre, el trabajo de campo se realiza en Bolivia y tiene el objetivo de desarrollar destrezas metodol\u00f3gicas para la realizaci\u00f3n de investigaciones. El segundo trabajo de campo est\u00e1 orientado a la recolecci\u00f3n de datos para la tesis y se lleva a cabo en el pa\u00eds de origen de los estudiantes.<\/p>\n\n\n\n<p>La Maestr\u00eda en Educaci\u00f3n intercultural Biling\u00fce cuenta para su implementaci\u00f3n con un equipo base permanente de profesionales con grado de doctorado y maestr\u00eda. Tambi\u00e9n son parte del plantel docente profesionales reconocidos a nivel nacional e internacional.<\/p>\n\n\n\n<div class=\"wp-block-stackable-spacer stk-block-spacer stk--no-padding stk-block stk-c2956b4\" data-block-id=\"c2956b4\"><\/div>\n","protected":false},"excerpt":{"rendered":"<p>La Maestr\u00eda en Educaci\u00f3n Intercultural Biling\u00fce est\u00e1 destinada a la formaci\u00f3n a nivel de postgrado de profesionales&nbsp; ind\u00edgenas y no ind\u00edgenas que trabajan en zonas, comunidades o localidades con poblaci\u00f3n ind\u00edgena y que cuentan con las calificaciones acad\u00e9micas correspondientes y con experiencias previas o motivaci\u00f3n hacia la EIB, de cara a especializarse como agentes de [&hellip;]<\/p>\n","protected":false},"author":1,"featured_media":0,"parent":38,"menu_order":3,"comment_status":"closed","ping_status":"closed","template":"","meta":{"footnotes":""},"class_list":["post-146","page","type-page","status-publish","hentry"],"blocksy_meta":[],"_links":{"self":[{"href":"https:\/\/www.proeibandes.org\/index.php?rest_route=\/wp\/v2\/pages\/146"}],"collection":[{"href":"https:\/\/www.proeibandes.org\/index.php?rest_route=\/wp\/v2\/pages"}],"about":[{"href":"https:\/\/www.proeibandes.org\/index.php?rest_route=\/wp\/v2\/types\/page"}],"author":[{"embeddable":true,"href":"https:\/\/www.proeibandes.org\/index.php?rest_route=\/wp\/v2\/users\/1"}],"replies":[{"embeddable":true,"href":"https:\/\/www.proeibandes.org\/index.php?rest_route=%2Fwp%2Fv2%2Fcomments&post=146"}],"version-history":[{"count":2,"href":"https:\/\/www.proeibandes.org\/index.php?rest_route=\/wp\/v2\/pages\/146\/revisions"}],"predecessor-version":[{"id":1330,"href":"https:\/\/www.proeibandes.org\/index.php?rest_route=\/wp\/v2\/pages\/146\/revisions\/1330"}],"up":[{"embeddable":true,"href":"https:\/\/www.proeibandes.org\/index.php?rest_route=\/wp\/v2\/pages\/38"}],"wp:attachment":[{"href":"https:\/\/www.proeibandes.org\/index.php?rest_route=%2Fwp%2Fv2%2Fmedia&parent=146"}],"curies":[{"name":"wp","href":"https:\/\/api.w.org\/{rel}","templated":true}]}}