{"id":148,"date":"2018-06-27T18:58:33","date_gmt":"2018-06-27T18:58:33","guid":{"rendered":"http:\/\/ciproeib.proeibandes.org\/?page_id=148"},"modified":"2024-06-18T17:10:45","modified_gmt":"2024-06-18T21:10:45","slug":"perfil-profesional","status":"publish","type":"page","link":"https:\/\/www.proeibandes.org\/?page_id=148","title":{"rendered":"Perfil profesional"},"content":{"rendered":"\n<div class=\"wp-block-stackable-spacer stk-block-spacer stk--no-padding stk-block stk-74a8f02\" data-block-id=\"74a8f02\"><\/div>\n\n\n\n<div class=\"wp-block-stackable-text stk-block-text stk-block stk-02d4267\" data-block-id=\"02d4267\"><p class=\"stk-block-text__text\">Los egresados y graduados con Maestr\u00eda en Educaci\u00f3n Intercultural Biling\u00fce se desempe\u00f1ar\u00e1n como, directivos y docentes de centros de formaci\u00f3n docente, funcionarios de ministerios de educaci\u00f3n, dirigentes y t\u00e9cnicos de organizaciones ind\u00edgenas, consultores de organismos internacionales, docentes universitarios y tambi\u00e9n como investigadores en comunidades ind\u00edgenas y \u00e1mbitos urbanos.<\/p><\/div>\n\n\n\n<p>Al concluir sus estudios, tienen desarrolladas las siguientes capacidades cognitivas, afectivas, comunicacionales y pr\u00e1cticas:<\/p>\n\n\n\n<ul class=\"wp-block-list\">\n<li>Es sensible a la diversidad cultural y las problem\u00e1ticas ind\u00edgenas en la regi\u00f3n.<\/li>\n\n\n\n<li>Adopta una postura cr\u00edtica frente a los modelos educativos funcionales al modelo civilizatorio hegem\u00f3nico, modernizante y homogeneizante.<\/li>\n\n\n\n<li>Promueve cambios sociales y educativos que favorecen las relaciones interculturales y democr\u00e1ticas en sus regiones y pa\u00edses de origen.<\/li>\n\n\n\n<li>Plantea pol\u00edticas educativas que contribuyan al mejoramiento de la calidad educativa en las comunidades, distritos y pa\u00edses de la regi\u00f3n.<\/li>\n\n\n\n<li>Promueve el ejercicio de los derechos de los pueblos ind\u00edgenas y afro descendientes.<\/li>\n\n\n\n<li>Dise\u00f1a, planifica, monitorea y eval\u00faa programas y proyectos educativos que atiendan la diversidad cultural y ling\u00fc\u00edstica.<\/li>\n\n\n\n<li>Aplica sus conocimientos culturales, ling\u00fc\u00edsticos y pedag\u00f3gicos en procesos de ense\u00f1anza y aprendizaje en diversas instituciones de formaci\u00f3n.<\/li>\n\n\n\n<li>Asesora t\u00e9cnicamente a organizaciones e instituciones ind\u00edgenas en el quehacer educativo.<\/li>\n\n\n\n<li>Desarrolla investigaciones y produce conocimientos tomando en cuenta los aportes y debates sobre pluralismo epistemol\u00f3gico, para responder a las demandas cognitivas de los pueblos ind\u00edgenas originarios.<\/li>\n<\/ul>\n\n\n\n<div class=\"wp-block-stackable-spacer stk-block-spacer stk--no-padding stk-block stk-f328a65\" data-block-id=\"f328a65\"><\/div>\n","protected":false},"excerpt":{"rendered":"<p>Los egresados y graduados con Maestr\u00eda en Educaci\u00f3n Intercultural Biling\u00fce se desempe\u00f1ar\u00e1n como, directivos y docentes de centros de formaci\u00f3n docente, funcionarios de ministerios de educaci\u00f3n, dirigentes y t\u00e9cnicos de organizaciones ind\u00edgenas, consultores de organismos internacionales, docentes universitarios y tambi\u00e9n como investigadores en comunidades ind\u00edgenas y \u00e1mbitos urbanos. Al concluir sus estudios, tienen desarrolladas las [&hellip;]<\/p>\n","protected":false},"author":1,"featured_media":0,"parent":38,"menu_order":4,"comment_status":"closed","ping_status":"closed","template":"","meta":{"footnotes":""},"class_list":["post-148","page","type-page","status-publish","hentry"],"blocksy_meta":[],"_links":{"self":[{"href":"https:\/\/www.proeibandes.org\/index.php?rest_route=\/wp\/v2\/pages\/148"}],"collection":[{"href":"https:\/\/www.proeibandes.org\/index.php?rest_route=\/wp\/v2\/pages"}],"about":[{"href":"https:\/\/www.proeibandes.org\/index.php?rest_route=\/wp\/v2\/types\/page"}],"author":[{"embeddable":true,"href":"https:\/\/www.proeibandes.org\/index.php?rest_route=\/wp\/v2\/users\/1"}],"replies":[{"embeddable":true,"href":"https:\/\/www.proeibandes.org\/index.php?rest_route=%2Fwp%2Fv2%2Fcomments&post=148"}],"version-history":[{"count":2,"href":"https:\/\/www.proeibandes.org\/index.php?rest_route=\/wp\/v2\/pages\/148\/revisions"}],"predecessor-version":[{"id":1331,"href":"https:\/\/www.proeibandes.org\/index.php?rest_route=\/wp\/v2\/pages\/148\/revisions\/1331"}],"up":[{"embeddable":true,"href":"https:\/\/www.proeibandes.org\/index.php?rest_route=\/wp\/v2\/pages\/38"}],"wp:attachment":[{"href":"https:\/\/www.proeibandes.org\/index.php?rest_route=%2Fwp%2Fv2%2Fmedia&parent=148"}],"curies":[{"name":"wp","href":"https:\/\/api.w.org\/{rel}","templated":true}]}}