{"id":1614,"date":"2024-06-28T10:07:57","date_gmt":"2024-06-28T14:07:57","guid":{"rendered":"https:\/\/www.proeibandes.org\/?page_id=1614"},"modified":"2024-07-18T10:01:05","modified_gmt":"2024-07-18T14:01:05","slug":"maestrias","status":"publish","type":"page","link":"https:\/\/www.proeibandes.org\/?page_id=1614","title":{"rendered":"Maestr\u00edas"},"content":{"rendered":"\n<div class=\"wp-block-stackable-spacer stk-block-spacer stk--no-padding stk-block stk-c893e09\" data-block-id=\"c893e09\"><\/div>\n\n\n\n<div class=\"wp-block-stackable-text stk-block-text stk-block stk-b25d698\" data-block-id=\"b25d698\"><p class=\"stk-block-text__text\">El Centro Interdisciplinario PROEIB Andes desde 1998 a la fecha, ha concluido con ocho versiones de su Maestr\u00eda en Educaci\u00f3n Intercultural Biling\u00fce (EIB), y dos versiones de la Maestr\u00eda en Socioling\u00fc\u00edstica.<br>En ambas maestr\u00edas m\u00e1s de 243 estudiantes han concluido sus estudios y de ellos, se han titulado m\u00e1s de 205 entre hombres y mujeres de origen ind\u00edgena provenientes de varios pa\u00edses de Am\u00e9rica Latina, superando el 84% de titulaci\u00f3n.<br>Fueron parte de estos cursos, estudiantes ind\u00edgenas y no ind\u00edgenas de Argentina, Belice, Bolivia, Chile, Colombia, Costa Rica, Ecuador, Guatemala, Honduras, M\u00e9xico, Nicaragua, Panam\u00e1, Paraguay, Per\u00fa y Venezuela.<br>Consolid\u00e1ndose como unidad de la Facultad de Humanidades y Ciencias de la Educaci\u00f3n de la Universidad Mayor de San Sim\u00f3n, el Centro ha explorado dar un paso m\u00e1s y trabajar el proyecto de la Maestr\u00eda en Bioeducaci\u00f3n y Culturas que se ha consolidado el a\u00f1o 2024, planteando un enfoque alternativo que tiene el prop\u00f3sito de formar profesionales ind\u00edgenas y no ind\u00edgenas en un paradigma educativo que interpela al sistema de conocimientos que sostiene al modelo civilizatorio, que violenta y pone en riesgo la vida en el planeta.<\/p><\/div>\n\n\n\n<div class=\"wp-block-stackable-spacer stk-block-spacer stk--no-padding stk-block stk-2b6dcaa\" data-block-id=\"2b6dcaa\"><\/div>\n\n\n\n<div class=\"wp-block-stackable-card stk-block-card stk-block stk-12dd71d is-style-default\" data-v=\"2\" data-block-id=\"12dd71d\"><style>.stk-12dd71d .stk-block-card__image{height:50vh !important}@media screen and (max-width:689px){.stk-12dd71d .stk-block-card__image{aspect-ratio:16\/9 !important;height:220px !important}}<\/style><div class=\"stk--no-padding stk-container stk-12dd71d-container stk-hover-parent\"><figure class=\"stk-block-card__image stk-img-wrapper stk-image--shape-stretch\"><img loading=\"lazy\" decoding=\"async\" class=\"stk-img wp-image-764\" src=\"http:\/\/www.proeibandes.org\/wp-content\/uploads\/2024\/03\/IMAGEN-DE-MAESTRIA-rectangular.png\" width=\"2160\" height=\"920\" srcset=\"https:\/\/www.proeibandes.org\/wp-content\/uploads\/2024\/03\/IMAGEN-DE-MAESTRIA-rectangular.png 2160w, https:\/\/www.proeibandes.org\/wp-content\/uploads\/2024\/03\/IMAGEN-DE-MAESTRIA-rectangular-300x128.png 300w, https:\/\/www.proeibandes.org\/wp-content\/uploads\/2024\/03\/IMAGEN-DE-MAESTRIA-rectangular-1024x436.png 1024w, https:\/\/www.proeibandes.org\/wp-content\/uploads\/2024\/03\/IMAGEN-DE-MAESTRIA-rectangular-768x327.png 768w, https:\/\/www.proeibandes.org\/wp-content\/uploads\/2024\/03\/IMAGEN-DE-MAESTRIA-rectangular-1536x654.png 1536w, https:\/\/www.proeibandes.org\/wp-content\/uploads\/2024\/03\/IMAGEN-DE-MAESTRIA-rectangular-2048x872.png 2048w\" sizes=\"(max-width: 2160px) 100vw, 2160px\" \/><\/figure><div class=\"stk-container-padding stk-block-card__content\"><div class=\"stk-block-content stk-inner-blocks stk-12dd71d-inner-blocks\">\n<div class=\"wp-block-stackable-heading stk-block-heading stk-block-heading--v2 stk-block stk-0737692\" id=\"maestria-en-bioeducacion-y-culturas\" data-block-id=\"0737692\"><style>@media screen and (max-width:689px){.stk-0737692 .stk-block-heading__text{font-size:30px !important}}<\/style><h2 class=\"stk-block-heading__text\">Maestr\u00eda en Bioeducaci\u00f3n y culturas<\/h2><\/div>\n\n\n\n<div class=\"wp-block-stackable-text stk-block-text stk-block stk-2304748\" data-block-id=\"2304748\"><p class=\"stk-block-text__text\">Desde 1998, el Centro Interdisciplinario PROEIB Andes (CIPA) desarrolla programas de formaci\u00f3n en lengua, cultura y educaci\u00f3n. Las maestr\u00edas en Educaci\u00f3n Intercultural Biling\u00fce y en Socioling\u00fc\u00edstica y el doctorado en Estudios Socioculturales son respuestas a problem\u00e1ticas y necesidades de la regi\u00f3n. Desde inicios del milenio, el CIPA ha priorizado la problem\u00e1tica ambiental tanto en las investigaciones como en la formaci\u00f3n. Con la Maestr\u00eda en Bio-educaci\u00f3n y Culturas, programada para la gesti\u00f3n 2024, se inicia el desarrollo de una educaci\u00f3n alternativa centrada en la recuperaci\u00f3n del medio ambiente y de la vida.<\/p><\/div>\n\n\n\n<div class=\"wp-block-stackable-button-group stk-block-button-group stk-block stk-e419d1a\" data-block-id=\"e419d1a\"><div class=\"stk-row stk-inner-blocks has-text-align-center stk-block-content stk-button-group\">\n<div class=\"wp-block-stackable-button stk-block-button stk-block stk-7f75c1f\" data-block-id=\"7f75c1f\"><style>.stk-7f75c1f{align-items:center !important;display:flex !important}<\/style><a class=\"stk-link stk-button stk--hover-effect-darken\" href=\"https:\/\/drive.google.com\/file\/d\/1nMAqjiB97kRA2fZ5K02TORSBnXBWUHtq\/view\" target=\"_blank\" rel=\"noreferrer noopener\"><span class=\"stk-button__inner-text\">M\u00e1s informaci\u00f3n<\/span><\/a><\/div>\n<\/div><\/div>\n<\/div><\/div><\/div><\/div>\n\n\n\n<div class=\"wp-block-stackable-spacer stk-block-spacer stk--no-padding stk-block stk-c824c82\" data-block-id=\"c824c82\"><\/div>\n\n\n\n<div class=\"wp-block-stackable-card stk-block-card stk-block stk-10e82e1 is-style-default\" data-v=\"2\" data-block-id=\"10e82e1\"><style>.stk-10e82e1 .stk-block-card__image{height:50vh !important}@media screen and (max-width:689px){.stk-10e82e1 .stk-block-card__image{height:148px !important}}<\/style><div class=\"stk--no-padding stk-container stk-10e82e1-container stk-hover-parent\"><figure class=\"stk-block-card__image stk-img-wrapper stk-image--shape-stretch\"><img loading=\"lazy\" decoding=\"async\" class=\"stk-img wp-image-1624\" src=\"http:\/\/www.proeibandes.org\/wp-content\/uploads\/2024\/06\/Sin-titulo-1.jpg\" width=\"2160\" height=\"920\" srcset=\"https:\/\/www.proeibandes.org\/wp-content\/uploads\/2024\/06\/Sin-titulo-1.jpg 2160w, https:\/\/www.proeibandes.org\/wp-content\/uploads\/2024\/06\/Sin-titulo-1-300x128.jpg 300w, https:\/\/www.proeibandes.org\/wp-content\/uploads\/2024\/06\/Sin-titulo-1-1024x436.jpg 1024w, https:\/\/www.proeibandes.org\/wp-content\/uploads\/2024\/06\/Sin-titulo-1-768x327.jpg 768w, https:\/\/www.proeibandes.org\/wp-content\/uploads\/2024\/06\/Sin-titulo-1-1536x654.jpg 1536w, https:\/\/www.proeibandes.org\/wp-content\/uploads\/2024\/06\/Sin-titulo-1-2048x872.jpg 2048w\" sizes=\"(max-width: 2160px) 100vw, 2160px\" \/><\/figure><div class=\"stk-container-padding stk-block-card__content\"><div class=\"stk-block-content stk-inner-blocks stk-10e82e1-inner-blocks\">\n<div class=\"wp-block-stackable-heading stk-block-heading stk-block-heading--v2 stk-block stk-4ac8bf4\" id=\"maestria-en-educacion-intercultural-bilingue\" data-block-id=\"4ac8bf4\"><style>@media screen and (max-width:689px){.stk-4ac8bf4 .stk-block-heading__text{font-size:30px !important}}<\/style><h2 class=\"stk-block-heading__text\">Maestr\u00eda en Educaci\u00f3n Intercultural Biling\u00fce<\/h2><\/div>\n\n\n\n<div class=\"wp-block-stackable-text stk-block-text stk-block stk-bc03216\" data-block-id=\"bc03216\"><p class=\"stk-block-text__text\">Desde 1998 a la fecha, el PROEIB Andes ha desarrollado nueve versiones de su Maestr\u00eda en Educaci\u00f3n intercultural Biling\u00fce con la participaci\u00f3n de profesionales ind\u00edgenas y no ind\u00edgenas de varios pa\u00edses de Am\u00e9rica Latina. A trav\u00e9s de la formaci\u00f3n de profesionales con grado de maestr\u00eda, impulsa la transformaci\u00f3n de las pr\u00e1cticas educativas en los diferentes niveles de la educaci\u00f3n p\u00fablica. Trata de contribuir a una comprensi\u00f3n de la educaci\u00f3n como v\u00ednculo entre la tradici\u00f3n y el futuro de los pueblos ind\u00edgenas, tomando en consideraci\u00f3n el contexto en el cual se desarrolla su vida y las necesidades de aprendizaje que derivan de \u00e9l.<\/p><\/div>\n\n\n\n<div class=\"wp-block-stackable-button-group stk-block-button-group stk-block stk-e1e5c2d\" data-block-id=\"e1e5c2d\"><div class=\"stk-row stk-inner-blocks has-text-align-center stk-block-content stk-button-group\">\n<div class=\"wp-block-stackable-button stk-block-button stk-block stk-7f831cf\" data-block-id=\"7f831cf\"><a class=\"stk-link stk-button stk--hover-effect-darken\" href=\"https:\/\/www.proeibandes.org\/?page_id=38\" target=\"_blank\" rel=\"noreferrer noopener\"><span class=\"stk-button__inner-text\">M\u00e1s Informaci\u00f3n<\/span><\/a><\/div>\n<\/div><\/div>\n<\/div><\/div><\/div><\/div>\n\n\n\n<div class=\"wp-block-stackable-spacer stk-block-spacer stk--no-padding stk-block stk-93aa116\" data-block-id=\"93aa116\"><\/div>\n\n\n\n<div class=\"wp-block-stackable-card stk-block-card stk-block stk-b9fcc71 is-style-default\" data-v=\"2\" data-block-id=\"b9fcc71\"><div class=\"stk--no-padding stk-container stk-b9fcc71-container stk-hover-parent\"><div class=\"stk-container-padding stk-block-card__content\"><div class=\"stk-block-content stk-inner-blocks stk-b9fcc71-inner-blocks\">\n<div class=\"wp-block-stackable-heading stk-block-heading stk-block-heading--v2 stk-block stk-760f7f5\" id=\"maestria-en-sociolinguistica\" data-block-id=\"760f7f5\"><style>@media screen and (max-width:689px){.stk-760f7f5 .stk-block-heading__text{font-size:30px !important}}<\/style><h2 class=\"stk-block-heading__text\">Maestr\u00eda en Socioling\u00fc\u00edstica<\/h2><\/div>\n\n\n\n<div class=\"wp-block-stackable-text stk-block-text stk-block stk-dbf1af8\" data-block-id=\"dbf1af8\"><p class=\"stk-block-text__text\">La Maestr\u00eda en Socioling\u00fc\u00edstica fue gestada en B\u00e9lgica primero como proyecto en 2010 a iniciativa de un doctorante boliviano (Teofilo Laime), luego fue institucionalizado y concretado en 2013 como programa de formaci\u00f3n a nivel de posgrado en el PROEIB Andes UMSS, Cochabamba-Bolivia, gracias a la planta docente del PROEIB Andes, el Posgrado de la Facultad de Humanidades y al Convenio espec\u00edfico entre la Universidad Mayor de San Sim\u00f3n y la Universidad Cat\u00f3lica de Lovaina; asimismo cont\u00f3 con el apoyo financiero de ARES (antes CIUF-CUD) y la cooperaci\u00f3n acad\u00e9mica de la Universidad Cat\u00f3lica de Lovaina y la Universidad de Namur, de B\u00e9lgica.<\/p><\/div>\n\n\n\n<div class=\"wp-block-stackable-button-group stk-block-button-group stk-block stk-a40d381\" data-block-id=\"a40d381\"><div class=\"stk-row stk-inner-blocks has-text-align-center stk-block-content stk-button-group\">\n<div class=\"wp-block-stackable-button stk-block-button stk-block stk-7b8bb92\" data-block-id=\"7b8bb92\"><a class=\"stk-link stk-button stk--hover-effect-darken\" href=\"https:\/\/www.proeibandes.org\/?page_id=40\" target=\"_blank\" rel=\"noreferrer noopener\"><span class=\"stk-button__inner-text\">M\u00e1s informaci\u00f3n<\/span><\/a><\/div>\n<\/div><\/div>\n<\/div><\/div><\/div><\/div>\n","protected":false},"excerpt":{"rendered":"<p>El Centro Interdisciplinario PROEIB Andes desde 1998 a la fecha, ha concluido con ocho versiones de su Maestr\u00eda en Educaci\u00f3n Intercultural Biling\u00fce (EIB), y dos versiones de la Maestr\u00eda en Socioling\u00fc\u00edstica.En ambas maestr\u00edas m\u00e1s de 243 estudiantes han concluido sus estudios y de ellos, se han titulado m\u00e1s de 205 entre hombres y mujeres de [&hellip;]<\/p>\n","protected":false},"author":2,"featured_media":0,"parent":0,"menu_order":0,"comment_status":"closed","ping_status":"closed","template":"","meta":{"footnotes":""},"class_list":["post-1614","page","type-page","status-publish","hentry"],"blocksy_meta":[],"_links":{"self":[{"href":"https:\/\/www.proeibandes.org\/index.php?rest_route=\/wp\/v2\/pages\/1614"}],"collection":[{"href":"https:\/\/www.proeibandes.org\/index.php?rest_route=\/wp\/v2\/pages"}],"about":[{"href":"https:\/\/www.proeibandes.org\/index.php?rest_route=\/wp\/v2\/types\/page"}],"author":[{"embeddable":true,"href":"https:\/\/www.proeibandes.org\/index.php?rest_route=\/wp\/v2\/users\/2"}],"replies":[{"embeddable":true,"href":"https:\/\/www.proeibandes.org\/index.php?rest_route=%2Fwp%2Fv2%2Fcomments&post=1614"}],"version-history":[{"count":9,"href":"https:\/\/www.proeibandes.org\/index.php?rest_route=\/wp\/v2\/pages\/1614\/revisions"}],"predecessor-version":[{"id":1781,"href":"https:\/\/www.proeibandes.org\/index.php?rest_route=\/wp\/v2\/pages\/1614\/revisions\/1781"}],"wp:attachment":[{"href":"https:\/\/www.proeibandes.org\/index.php?rest_route=%2Fwp%2Fv2%2Fmedia&parent=1614"}],"curies":[{"name":"wp","href":"https:\/\/api.w.org\/{rel}","templated":true}]}}