{"id":1632,"date":"2024-06-28T10:47:52","date_gmt":"2024-06-28T14:47:52","guid":{"rendered":"https:\/\/www.proeibandes.org\/?page_id=1632"},"modified":"2024-07-18T10:04:02","modified_gmt":"2024-07-18T14:04:02","slug":"taller-de-redaccion-de-articulos-cientificos","status":"publish","type":"page","link":"https:\/\/www.proeibandes.org\/?page_id=1632","title":{"rendered":"Taller de redacci\u00f3n de art\u00edculos cient\u00edficos"},"content":{"rendered":"\n<div class=\"wp-block-stackable-spacer stk-block-spacer stk--no-padding stk-block stk-09b7a3f\" data-block-id=\"09b7a3f\"><style>.stk-09b7a3f{height:50px !important}<\/style><\/div>\n\n\n\n<p>Dirigido a: Doctorantes de ciencias humanas &nbsp;y doctorantes estudios socio culturales<br>Docentes: Dr. Pedro Plaza \u2013 Dr. Vicente Limachi<\/p>\n\n\n\n<p>Estamos seguros que el Seminario Taller sobre Elaboraci\u00f3n de Art\u00edculos Cient\u00edficos ser\u00e1 una excelente oportunidad para continuar mejorando sus capacidades en el marco de su formaci\u00f3n.<\/p>\n\n\n\n<p>La competencia principal es elaborar un art\u00edculo cient\u00edfico con base en resultados de investigaci\u00f3n y siguiendo la estructura; &nbsp;Introducci\u00f3n &#8211; M\u00e9todos -Resultados y Discusi\u00f3n (IMRD) as\u00ed como los lineamientos de las normas de estilo APA 7.<\/p>\n\n\n\n<div class=\"wp-block-stackable-spacer stk-block-spacer stk--no-padding stk-block stk-29ab2ee\" data-block-id=\"29ab2ee\"><\/div>\n\n\n\n<div class=\"wp-block-stackable-heading stk-block-heading stk-block-heading--v2 stk-block stk-ddf9b6f\" id=\"clases\" data-block-id=\"ddf9b6f\"><h2 class=\"stk-block-heading__text\">Clases<\/h2><\/div>\n\n\n\n<div class=\"wp-block-stackable-feature stk-block-feature stk-block stk-f8244bb is-style-default\" data-v=\"2\" data-block-id=\"f8244bb\"><div class=\"stk-content-align stk-f8244bb-column stk-container stk-f8244bb-container stk--no-background stk--no-padding\"><div class=\"stk-inner-blocks stk-block-content stk-row\">\n<div class=\"wp-block-stackable-column stk-block-column stk-column stk-block stk-d46ec75\" data-v=\"4\" data-block-id=\"d46ec75\"><style>.stk-d46ec75{align-self:center !important}<\/style><div class=\"stk-column-wrapper stk-block-column__content stk-container stk-d46ec75-container stk--no-background stk--no-padding\"><div class=\"has-text-align-center stk-block-content stk-inner-blocks stk-d46ec75-inner-blocks\">\n<div class=\"wp-block-stackable-heading stk-block-heading stk-block-heading--v2 stk-block stk-362975c\" id=\"unidad-01\" data-block-id=\"362975c\"><h2 class=\"stk-block-heading__text has-text-align-center\">Unidad 01<\/h2><\/div>\n\n\n\n<div class=\"wp-block-stackable-subtitle stk-block-subtitle stk-block stk-9116e70\" data-block-id=\"9116e70\"><p class=\"stk-block-subtitle__text stk-subtitle\">Introducci\u00f3n<\/p><\/div>\n\n\n\n<div class=\"wp-block-stackable-text stk-block-text stk-block stk-907d769\" data-block-id=\"907d769\"><p class=\"stk-block-text__text\">Definir el t\u00edtulo, resumen, el problema<\/p><\/div>\n\n\n\n<div class=\"wp-block-stackable-button-group stk-block-button-group stk-block stk-d45ca49\" data-block-id=\"d45ca49\"><div class=\"stk-row stk-inner-blocks stk-block-content stk-button-group\">\n<div class=\"wp-block-stackable-button stk-block-button stk-block stk-4a0f096\" data-block-id=\"4a0f096\"><a class=\"stk-link stk-button stk--hover-effect-darken\" href=\"https:\/\/youtube.com\/playlist?list=PLF-ndp4v6Y1ggQDB4yzgKE7DlPgUXJDK6&amp;si=Owl61KefJVQOOapC\" target=\"_blank\" rel=\"noreferrer noopener\"><span class=\"stk-button__inner-text\">Ver playlist completa<\/span><\/a><\/div>\n<\/div><\/div>\n<\/div><\/div><\/div>\n\n\n\n<div class=\"wp-block-stackable-column stk-block-column stk-column stk-block stk-295621a\" data-v=\"4\" data-block-id=\"295621a\"><style>.stk-295621a{align-self:center !important}<\/style><div class=\"stk-column-wrapper stk-block-column__content stk-container stk-295621a-container stk--no-background stk--no-padding\"><div class=\"stk-block-content stk-inner-blocks stk-295621a-inner-blocks\">\n<div class=\"wp-block-stackable-video-popup stk-block-video-popup stk-block stk-b2b0b27\" data-video=\"https:\/\/youtu.be\/Te3N6M4JPPM?si=BsFpR0LhHXpB8xOX\" data-block-id=\"b2b0b27\"><div class=\"stk-block-video-popup__overlay stk-row stk-inner-blocks stk-block-content stk-hover-parent\" aria-label=\"Reproducir v\u00eddeo\" tabindex=\"0\" role=\"button\">\n<div class=\"wp-block-stackable-icon stk-block-icon has-text-align-center stk-block stk-f74f453\" data-block-id=\"f74f453\"><span class=\"stk--svg-wrapper\"><div class=\"stk--inner-svg\"><svg style=\"height:0;width:0\"><defs><linearGradient id=\"linear-gradient-f74f453\" x1=\"0\" x2=\"100%\" y1=\"0\" y2=\"0\"><stop offset=\"0%\" style=\"stop-opacity:1;stop-color:var(--linear-gradient-f-74-f-453-color-1)\"><\/stop><stop offset=\"100%\" style=\"stop-opacity:1;stop-color:var(--linear-gradient-f-74-f-453-color-2)\"><\/stop><\/linearGradient><\/defs><\/svg><svg data-prefix=\"fas\" data-icon=\"play\" class=\"svg-inline--fa fa-play fa-w-14\" xmlns=\"http:\/\/www.w3.org\/2000\/svg\" viewBox=\"0 0 448 512\" aria-hidden=\"true\" width=\"32\" height=\"32\"><path fill=\"currentColor\" d=\"M424.4 214.7L72.4 6.6C43.8-10.3 0 6.1 0 47.9V464c0 37.5 40.7 60.1 72.4 41.3l352-208c31.4-18.5 31.5-64.1 0-82.6z\"><\/path><\/svg><\/div><\/span><\/div>\n\n\n\n<div class=\"wp-block-stackable-image stk-block-image stk-block stk-7f267e5\" data-block-id=\"7f267e5\"><figure><span class=\"stk-img-wrapper stk-image--shape-stretch\"><img loading=\"lazy\" decoding=\"async\" class=\"stk-img wp-image-1496\" src=\"http:\/\/www.proeibandes.org\/wp-content\/uploads\/2024\/06\/WhatsApp-Image-2024-06-25-at-10.06.48.jpeg\" width=\"1583\" height=\"890\" srcset=\"https:\/\/www.proeibandes.org\/wp-content\/uploads\/2024\/06\/WhatsApp-Image-2024-06-25-at-10.06.48.jpeg 1583w, https:\/\/www.proeibandes.org\/wp-content\/uploads\/2024\/06\/WhatsApp-Image-2024-06-25-at-10.06.48-300x169.jpeg 300w, https:\/\/www.proeibandes.org\/wp-content\/uploads\/2024\/06\/WhatsApp-Image-2024-06-25-at-10.06.48-1024x576.jpeg 1024w, https:\/\/www.proeibandes.org\/wp-content\/uploads\/2024\/06\/WhatsApp-Image-2024-06-25-at-10.06.48-768x432.jpeg 768w, https:\/\/www.proeibandes.org\/wp-content\/uploads\/2024\/06\/WhatsApp-Image-2024-06-25-at-10.06.48-1536x864.jpeg 1536w\" sizes=\"(max-width: 1583px) 100vw, 1583px\" \/><\/span><\/figure><\/div>\n<\/div><\/div>\n<\/div><\/div><\/div>\n<\/div><\/div><\/div>\n\n\n\n<div class=\"wp-block-stackable-feature stk-block-feature stk-block stk-ccad582 is-style-default\" data-v=\"2\" data-block-id=\"ccad582\"><div class=\"stk-content-align stk-ccad582-column stk-container stk-ccad582-container stk--no-background stk--no-padding\"><div class=\"stk-inner-blocks stk-block-content stk-row\">\n<div class=\"wp-block-stackable-column stk-block-column stk-column stk-block stk-2ca61b6\" data-v=\"4\" data-block-id=\"2ca61b6\"><style>.stk-2ca61b6{align-self:center !important}<\/style><div class=\"stk-column-wrapper stk-block-column__content stk-container stk-2ca61b6-container stk--no-background stk--no-padding\"><div class=\"has-text-align-center stk-block-content stk-inner-blocks stk-2ca61b6-inner-blocks\">\n<div class=\"wp-block-stackable-heading stk-block-heading stk-block-heading--v2 stk-block stk-5d72496\" id=\"unidad-01\" data-block-id=\"5d72496\"><h2 class=\"stk-block-heading__text has-text-align-center\">Unidad 01<\/h2><\/div>\n\n\n\n<div class=\"wp-block-stackable-subtitle stk-block-subtitle stk-block stk-e56e4a6\" data-block-id=\"e56e4a6\"><p class=\"stk-block-subtitle__text stk-subtitle\">Introducci\u00f3n<\/p><\/div>\n\n\n\n<div class=\"wp-block-stackable-text stk-block-text stk-block stk-fed25e7\" data-block-id=\"fed25e7\"><p class=\"stk-block-text__text\">Definir el t\u00edtulo, resumen, el problema<\/p><\/div>\n\n\n\n<div class=\"wp-block-stackable-button-group stk-block-button-group stk-block stk-149a97a\" data-block-id=\"149a97a\"><div class=\"stk-row stk-inner-blocks stk-block-content stk-button-group\">\n<div class=\"wp-block-stackable-button stk-block-button stk-block stk-2b7cf73\" data-block-id=\"2b7cf73\"><a class=\"stk-link stk-button stk--hover-effect-darken\" href=\"https:\/\/youtube.com\/playlist?list=PLF-ndp4v6Y1ggQDB4yzgKE7DlPgUXJDK6&amp;si=Owl61KefJVQOOapC\" target=\"_blank\" rel=\"noreferrer noopener\"><span class=\"stk-button__inner-text\">Ver playlist completa<\/span><\/a><\/div>\n<\/div><\/div>\n<\/div><\/div><\/div>\n\n\n\n<div class=\"wp-block-stackable-column stk-block-column stk-column stk-block stk-e824f5a\" data-v=\"4\" data-block-id=\"e824f5a\"><style>.stk-e824f5a{align-self:center !important}<\/style><div class=\"stk-column-wrapper stk-block-column__content stk-container stk-e824f5a-container stk--no-background stk--no-padding\"><div class=\"stk-block-content stk-inner-blocks stk-e824f5a-inner-blocks\">\n<div class=\"wp-block-stackable-video-popup stk-block-video-popup stk-block stk-1ee11ca\" data-video=\"https:\/\/youtu.be\/Te3N6M4JPPM?si=BsFpR0LhHXpB8xOX\" data-block-id=\"1ee11ca\"><div class=\"stk-block-video-popup__overlay stk-row stk-inner-blocks stk-block-content stk-hover-parent\" aria-label=\"Reproducir v\u00eddeo\" tabindex=\"0\" role=\"button\">\n<div class=\"wp-block-stackable-icon stk-block-icon has-text-align-center stk-block stk-9a192db\" data-block-id=\"9a192db\"><span class=\"stk--svg-wrapper\"><div class=\"stk--inner-svg\"><svg style=\"height:0;width:0\"><defs><linearGradient id=\"linear-gradient-9a192db\" x1=\"0\" x2=\"100%\" y1=\"0\" y2=\"0\"><stop offset=\"0%\" style=\"stop-opacity:1;stop-color:var(--linear-gradient-9-a-192-db-color-1)\"><\/stop><stop offset=\"100%\" style=\"stop-opacity:1;stop-color:var(--linear-gradient-9-a-192-db-color-2)\"><\/stop><\/linearGradient><\/defs><\/svg><svg data-prefix=\"fas\" data-icon=\"play\" class=\"svg-inline--fa fa-play fa-w-14\" xmlns=\"http:\/\/www.w3.org\/2000\/svg\" viewBox=\"0 0 448 512\" aria-hidden=\"true\" width=\"32\" height=\"32\"><path fill=\"currentColor\" d=\"M424.4 214.7L72.4 6.6C43.8-10.3 0 6.1 0 47.9V464c0 37.5 40.7 60.1 72.4 41.3l352-208c31.4-18.5 31.5-64.1 0-82.6z\"><\/path><\/svg><\/div><\/span><\/div>\n\n\n\n<div class=\"wp-block-stackable-image stk-block-image stk-block stk-2ec1b85\" data-block-id=\"2ec1b85\"><figure><span class=\"stk-img-wrapper stk-image--shape-stretch\"><img loading=\"lazy\" decoding=\"async\" class=\"stk-img wp-image-1496\" src=\"http:\/\/www.proeibandes.org\/wp-content\/uploads\/2024\/06\/WhatsApp-Image-2024-06-25-at-10.06.48.jpeg\" width=\"1583\" height=\"890\" srcset=\"https:\/\/www.proeibandes.org\/wp-content\/uploads\/2024\/06\/WhatsApp-Image-2024-06-25-at-10.06.48.jpeg 1583w, https:\/\/www.proeibandes.org\/wp-content\/uploads\/2024\/06\/WhatsApp-Image-2024-06-25-at-10.06.48-300x169.jpeg 300w, https:\/\/www.proeibandes.org\/wp-content\/uploads\/2024\/06\/WhatsApp-Image-2024-06-25-at-10.06.48-1024x576.jpeg 1024w, https:\/\/www.proeibandes.org\/wp-content\/uploads\/2024\/06\/WhatsApp-Image-2024-06-25-at-10.06.48-768x432.jpeg 768w, https:\/\/www.proeibandes.org\/wp-content\/uploads\/2024\/06\/WhatsApp-Image-2024-06-25-at-10.06.48-1536x864.jpeg 1536w\" sizes=\"(max-width: 1583px) 100vw, 1583px\" \/><\/span><\/figure><\/div>\n<\/div><\/div>\n<\/div><\/div><\/div>\n<\/div><\/div><\/div>\n\n\n\n<div class=\"wp-block-stackable-feature stk-block-feature stk-block stk-68bec1b is-style-default\" data-v=\"2\" data-block-id=\"68bec1b\"><div class=\"stk-content-align stk-68bec1b-column stk-container stk-68bec1b-container stk--no-background stk--no-padding\"><div class=\"stk-inner-blocks stk-block-content stk-row\">\n<div class=\"wp-block-stackable-column stk-block-column stk-column stk-block stk-e650649\" data-v=\"4\" data-block-id=\"e650649\"><style>.stk-e650649{align-self:center !important}<\/style><div class=\"stk-column-wrapper stk-block-column__content stk-container stk-e650649-container stk--no-background stk--no-padding\"><div class=\"has-text-align-center stk-block-content stk-inner-blocks stk-e650649-inner-blocks\">\n<div class=\"wp-block-stackable-heading stk-block-heading stk-block-heading--v2 stk-block stk-26b3de9\" id=\"unidad-02\" data-block-id=\"26b3de9\"><h2 class=\"stk-block-heading__text has-text-align-center\">Unidad 02<\/h2><\/div>\n\n\n\n<div class=\"wp-block-stackable-subtitle stk-block-subtitle stk-block stk-26d53a6\" data-block-id=\"26d53a6\"><p class=\"stk-block-subtitle__text stk-subtitle\">An\u00e1lisis de resultados<\/p><\/div>\n\n\n\n<div class=\"wp-block-stackable-text stk-block-text stk-block stk-80f7781\" data-block-id=\"80f7781\"><p class=\"stk-block-text__text\">Primer avance de los resultados<\/p><\/div>\n\n\n\n<div class=\"wp-block-stackable-button-group stk-block-button-group stk-block stk-857738a\" data-block-id=\"857738a\"><div class=\"stk-row stk-inner-blocks stk-block-content stk-button-group\">\n<div class=\"wp-block-stackable-button stk-block-button stk-block stk-21f83c5\" data-block-id=\"21f83c5\"><a class=\"stk-link stk-button stk--hover-effect-darken\" href=\"https:\/\/youtube.com\/playlist?list=PLF-ndp4v6Y1ggQDB4yzgKE7DlPgUXJDK6&amp;si=Owl61KefJVQOOapC\" target=\"_blank\" rel=\"noreferrer noopener\"><span class=\"stk-button__inner-text\">Ver playlist completa<\/span><\/a><\/div>\n<\/div><\/div>\n<\/div><\/div><\/div>\n\n\n\n<div class=\"wp-block-stackable-column stk-block-column stk-column stk-block stk-d5fdad7\" data-v=\"4\" data-block-id=\"d5fdad7\"><style>.stk-d5fdad7{align-self:center !important}<\/style><div class=\"stk-column-wrapper stk-block-column__content stk-container stk-d5fdad7-container stk--no-background stk--no-padding\"><div class=\"stk-block-content stk-inner-blocks stk-d5fdad7-inner-blocks\">\n<div class=\"wp-block-stackable-video-popup stk-block-video-popup stk-block stk-377ffcf\" data-video=\"https:\/\/youtu.be\/Te3N6M4JPPM?si=BsFpR0LhHXpB8xOX\" data-block-id=\"377ffcf\"><div class=\"stk-block-video-popup__overlay stk-row stk-inner-blocks stk-block-content stk-hover-parent\" aria-label=\"Reproducir v\u00eddeo\" tabindex=\"0\" role=\"button\">\n<div class=\"wp-block-stackable-icon stk-block-icon has-text-align-center stk-block stk-e37564b\" data-block-id=\"e37564b\"><span class=\"stk--svg-wrapper\"><div class=\"stk--inner-svg\"><svg style=\"height:0;width:0\"><defs><linearGradient id=\"linear-gradient-e37564b\" x1=\"0\" x2=\"100%\" y1=\"0\" y2=\"0\"><stop offset=\"0%\" style=\"stop-opacity:1;stop-color:var(--linear-gradient-e-37564-b-color-1)\"><\/stop><stop offset=\"100%\" style=\"stop-opacity:1;stop-color:var(--linear-gradient-e-37564-b-color-2)\"><\/stop><\/linearGradient><\/defs><\/svg><svg data-prefix=\"fas\" data-icon=\"play\" class=\"svg-inline--fa fa-play fa-w-14\" xmlns=\"http:\/\/www.w3.org\/2000\/svg\" viewBox=\"0 0 448 512\" aria-hidden=\"true\" width=\"32\" height=\"32\"><path fill=\"currentColor\" d=\"M424.4 214.7L72.4 6.6C43.8-10.3 0 6.1 0 47.9V464c0 37.5 40.7 60.1 72.4 41.3l352-208c31.4-18.5 31.5-64.1 0-82.6z\"><\/path><\/svg><\/div><\/span><\/div>\n\n\n\n<div class=\"wp-block-stackable-image stk-block-image stk-block stk-3c700e7\" data-block-id=\"3c700e7\"><figure><span class=\"stk-img-wrapper stk-image--shape-stretch\"><img loading=\"lazy\" decoding=\"async\" class=\"stk-img wp-image-1496\" src=\"http:\/\/www.proeibandes.org\/wp-content\/uploads\/2024\/06\/WhatsApp-Image-2024-06-25-at-10.06.48.jpeg\" width=\"1583\" height=\"890\" srcset=\"https:\/\/www.proeibandes.org\/wp-content\/uploads\/2024\/06\/WhatsApp-Image-2024-06-25-at-10.06.48.jpeg 1583w, https:\/\/www.proeibandes.org\/wp-content\/uploads\/2024\/06\/WhatsApp-Image-2024-06-25-at-10.06.48-300x169.jpeg 300w, https:\/\/www.proeibandes.org\/wp-content\/uploads\/2024\/06\/WhatsApp-Image-2024-06-25-at-10.06.48-1024x576.jpeg 1024w, https:\/\/www.proeibandes.org\/wp-content\/uploads\/2024\/06\/WhatsApp-Image-2024-06-25-at-10.06.48-768x432.jpeg 768w, https:\/\/www.proeibandes.org\/wp-content\/uploads\/2024\/06\/WhatsApp-Image-2024-06-25-at-10.06.48-1536x864.jpeg 1536w\" sizes=\"(max-width: 1583px) 100vw, 1583px\" \/><\/span><\/figure><\/div>\n<\/div><\/div>\n<\/div><\/div><\/div>\n<\/div><\/div><\/div>\n\n\n\n<div class=\"wp-block-stackable-feature stk-block-feature stk-block stk-92d846e is-style-default\" data-v=\"2\" data-block-id=\"92d846e\"><div class=\"stk-content-align stk-92d846e-column stk-container stk-92d846e-container stk--no-background stk--no-padding\"><div class=\"stk-inner-blocks stk-block-content stk-row\">\n<div class=\"wp-block-stackable-column stk-block-column stk-column stk-block stk-e536d30\" data-v=\"4\" data-block-id=\"e536d30\"><style>.stk-e536d30{align-self:center !important}<\/style><div class=\"stk-column-wrapper stk-block-column__content stk-container stk-e536d30-container stk--no-background stk--no-padding\"><div class=\"has-text-align-center stk-block-content stk-inner-blocks stk-e536d30-inner-blocks\">\n<div class=\"wp-block-stackable-heading stk-block-heading stk-block-heading--v2 stk-block stk-ac620b1\" id=\"unidad-03\" data-block-id=\"ac620b1\"><h2 class=\"stk-block-heading__text has-text-align-center\">Unidad 03<\/h2><\/div>\n\n\n\n<div class=\"wp-block-stackable-subtitle stk-block-subtitle stk-block stk-775da5f\" data-block-id=\"775da5f\"><p class=\"stk-block-subtitle__text stk-subtitle\">Redacci\u00f3n de resultados, discusi\u00f3n y conclusiones<\/p><\/div>\n\n\n\n<div class=\"wp-block-stackable-text stk-block-text stk-block stk-d82e411\" data-block-id=\"d82e411\"><p class=\"stk-block-text__text\">Segundo avance de los resultados, avance de la discusi\u00f3n y conclusiones<\/p><\/div>\n\n\n\n<div class=\"wp-block-stackable-button-group stk-block-button-group stk-block stk-7c99da0\" data-block-id=\"7c99da0\"><div class=\"stk-row stk-inner-blocks stk-block-content stk-button-group\">\n<div class=\"wp-block-stackable-button stk-block-button stk-block stk-13e4ab5\" data-block-id=\"13e4ab5\"><a class=\"stk-link stk-button stk--hover-effect-darken\" href=\"https:\/\/youtube.com\/playlist?list=PLF-ndp4v6Y1ggQDB4yzgKE7DlPgUXJDK6&amp;si=Owl61KefJVQOOapC\" target=\"_blank\" rel=\"noreferrer noopener\"><span class=\"stk-button__inner-text\">Ver playlist completa<\/span><\/a><\/div>\n<\/div><\/div>\n<\/div><\/div><\/div>\n\n\n\n<div class=\"wp-block-stackable-column stk-block-column stk-column stk-block stk-80bc24b\" data-v=\"4\" data-block-id=\"80bc24b\"><style>.stk-80bc24b{align-self:center !important}<\/style><div class=\"stk-column-wrapper stk-block-column__content stk-container stk-80bc24b-container stk--no-background stk--no-padding\"><div class=\"stk-block-content stk-inner-blocks stk-80bc24b-inner-blocks\">\n<div class=\"wp-block-stackable-video-popup stk-block-video-popup stk-block stk-9eaec8f\" data-video=\"https:\/\/youtu.be\/Te3N6M4JPPM?si=BsFpR0LhHXpB8xOX\" data-block-id=\"9eaec8f\"><div class=\"stk-block-video-popup__overlay stk-row stk-inner-blocks stk-block-content stk-hover-parent\" aria-label=\"Reproducir v\u00eddeo\" tabindex=\"0\" role=\"button\">\n<div class=\"wp-block-stackable-icon stk-block-icon has-text-align-center stk-block stk-bdcca21\" data-block-id=\"bdcca21\"><span class=\"stk--svg-wrapper\"><div class=\"stk--inner-svg\"><svg style=\"height:0;width:0\"><defs><linearGradient id=\"linear-gradient-bdcca21\" x1=\"0\" x2=\"100%\" y1=\"0\" y2=\"0\"><stop offset=\"0%\" style=\"stop-opacity:1;stop-color:var(--linear-gradient-bdcca-21-color-1)\"><\/stop><stop offset=\"100%\" style=\"stop-opacity:1;stop-color:var(--linear-gradient-bdcca-21-color-2)\"><\/stop><\/linearGradient><\/defs><\/svg><svg data-prefix=\"fas\" data-icon=\"play\" class=\"svg-inline--fa fa-play fa-w-14\" xmlns=\"http:\/\/www.w3.org\/2000\/svg\" viewBox=\"0 0 448 512\" aria-hidden=\"true\" width=\"32\" height=\"32\"><path fill=\"currentColor\" d=\"M424.4 214.7L72.4 6.6C43.8-10.3 0 6.1 0 47.9V464c0 37.5 40.7 60.1 72.4 41.3l352-208c31.4-18.5 31.5-64.1 0-82.6z\"><\/path><\/svg><\/div><\/span><\/div>\n\n\n\n<div class=\"wp-block-stackable-image stk-block-image stk-block stk-dbae3dc\" data-block-id=\"dbae3dc\"><figure><span class=\"stk-img-wrapper stk-image--shape-stretch\"><img loading=\"lazy\" decoding=\"async\" class=\"stk-img wp-image-1496\" src=\"http:\/\/www.proeibandes.org\/wp-content\/uploads\/2024\/06\/WhatsApp-Image-2024-06-25-at-10.06.48.jpeg\" width=\"1583\" height=\"890\" srcset=\"https:\/\/www.proeibandes.org\/wp-content\/uploads\/2024\/06\/WhatsApp-Image-2024-06-25-at-10.06.48.jpeg 1583w, https:\/\/www.proeibandes.org\/wp-content\/uploads\/2024\/06\/WhatsApp-Image-2024-06-25-at-10.06.48-300x169.jpeg 300w, https:\/\/www.proeibandes.org\/wp-content\/uploads\/2024\/06\/WhatsApp-Image-2024-06-25-at-10.06.48-1024x576.jpeg 1024w, https:\/\/www.proeibandes.org\/wp-content\/uploads\/2024\/06\/WhatsApp-Image-2024-06-25-at-10.06.48-768x432.jpeg 768w, https:\/\/www.proeibandes.org\/wp-content\/uploads\/2024\/06\/WhatsApp-Image-2024-06-25-at-10.06.48-1536x864.jpeg 1536w\" sizes=\"(max-width: 1583px) 100vw, 1583px\" \/><\/span><\/figure><\/div>\n<\/div><\/div>\n<\/div><\/div><\/div>\n<\/div><\/div><\/div>\n\n\n\n<div class=\"wp-block-stackable-feature stk-block-feature stk-block stk-2c96f02 is-style-default\" data-v=\"2\" data-block-id=\"2c96f02\"><div class=\"stk-content-align stk-2c96f02-column stk-container stk-2c96f02-container stk--no-background stk--no-padding\"><div class=\"stk-inner-blocks stk-block-content stk-row\">\n<div class=\"wp-block-stackable-column stk-block-column stk-column stk-block stk-9d0c2d5\" data-v=\"4\" data-block-id=\"9d0c2d5\"><style>.stk-9d0c2d5{align-self:center !important}<\/style><div class=\"stk-column-wrapper stk-block-column__content stk-container stk-9d0c2d5-container stk--no-background stk--no-padding\"><div class=\"has-text-align-center stk-block-content stk-inner-blocks stk-9d0c2d5-inner-blocks\">\n<div class=\"wp-block-stackable-heading stk-block-heading stk-block-heading--v2 stk-block stk-60fe5b5\" id=\"unidad-04\" data-block-id=\"60fe5b5\"><h2 class=\"stk-block-heading__text has-text-align-center\">Unidad 04<\/h2><\/div>\n\n\n\n<div class=\"wp-block-stackable-subtitle stk-block-subtitle stk-block stk-c53f7af\" data-block-id=\"c53f7af\"><p class=\"stk-block-subtitle__text stk-subtitle\">Metodolog\u00eda<\/p><\/div>\n\n\n\n<div class=\"wp-block-stackable-text stk-block-text stk-block stk-f3d483a\" data-block-id=\"f3d483a\"><p class=\"stk-block-text__text\">Descripci\u00f3n de la metodolog\u00eda utilizada<\/p><\/div>\n\n\n\n<div class=\"wp-block-stackable-button-group stk-block-button-group stk-block stk-5842ded\" data-block-id=\"5842ded\"><div class=\"stk-row stk-inner-blocks stk-block-content stk-button-group\">\n<div class=\"wp-block-stackable-button stk-block-button stk-block stk-36d0e46\" data-block-id=\"36d0e46\"><a class=\"stk-link stk-button stk--hover-effect-darken\" href=\"https:\/\/youtube.com\/playlist?list=PLF-ndp4v6Y1ggQDB4yzgKE7DlPgUXJDK6&amp;si=Owl61KefJVQOOapC\" target=\"_blank\" rel=\"noreferrer noopener\"><span class=\"stk-button__inner-text\">Ver playlist completa<\/span><\/a><\/div>\n<\/div><\/div>\n<\/div><\/div><\/div>\n\n\n\n<div class=\"wp-block-stackable-column stk-block-column stk-column stk-block stk-0457f26\" data-v=\"4\" data-block-id=\"0457f26\"><style>.stk-0457f26{align-self:center !important}<\/style><div class=\"stk-column-wrapper stk-block-column__content stk-container stk-0457f26-container stk--no-background stk--no-padding\"><div class=\"stk-block-content stk-inner-blocks stk-0457f26-inner-blocks\">\n<div class=\"wp-block-stackable-video-popup stk-block-video-popup stk-block stk-e7a278b\" data-video=\"https:\/\/youtu.be\/Te3N6M4JPPM?si=BsFpR0LhHXpB8xOX\" data-block-id=\"e7a278b\"><div class=\"stk-block-video-popup__overlay stk-row stk-inner-blocks stk-block-content stk-hover-parent\" aria-label=\"Reproducir v\u00eddeo\" tabindex=\"0\" role=\"button\">\n<div class=\"wp-block-stackable-icon stk-block-icon has-text-align-center stk-block stk-f1284a6\" data-block-id=\"f1284a6\"><span class=\"stk--svg-wrapper\"><div class=\"stk--inner-svg\"><svg style=\"height:0;width:0\"><defs><linearGradient id=\"linear-gradient-f1284a6\" x1=\"0\" x2=\"100%\" y1=\"0\" y2=\"0\"><stop offset=\"0%\" style=\"stop-opacity:1;stop-color:var(--linear-gradient-f-1284-a-6-color-1)\"><\/stop><stop offset=\"100%\" style=\"stop-opacity:1;stop-color:var(--linear-gradient-f-1284-a-6-color-2)\"><\/stop><\/linearGradient><\/defs><\/svg><svg data-prefix=\"fas\" data-icon=\"play\" class=\"svg-inline--fa fa-play fa-w-14\" xmlns=\"http:\/\/www.w3.org\/2000\/svg\" viewBox=\"0 0 448 512\" aria-hidden=\"true\" width=\"32\" height=\"32\"><path fill=\"currentColor\" d=\"M424.4 214.7L72.4 6.6C43.8-10.3 0 6.1 0 47.9V464c0 37.5 40.7 60.1 72.4 41.3l352-208c31.4-18.5 31.5-64.1 0-82.6z\"><\/path><\/svg><\/div><\/span><\/div>\n\n\n\n<div class=\"wp-block-stackable-image stk-block-image stk-block stk-50ff30d\" data-block-id=\"50ff30d\"><figure><span class=\"stk-img-wrapper stk-image--shape-stretch\"><img loading=\"lazy\" decoding=\"async\" class=\"stk-img wp-image-1496\" src=\"http:\/\/www.proeibandes.org\/wp-content\/uploads\/2024\/06\/WhatsApp-Image-2024-06-25-at-10.06.48.jpeg\" width=\"1583\" height=\"890\" srcset=\"https:\/\/www.proeibandes.org\/wp-content\/uploads\/2024\/06\/WhatsApp-Image-2024-06-25-at-10.06.48.jpeg 1583w, https:\/\/www.proeibandes.org\/wp-content\/uploads\/2024\/06\/WhatsApp-Image-2024-06-25-at-10.06.48-300x169.jpeg 300w, https:\/\/www.proeibandes.org\/wp-content\/uploads\/2024\/06\/WhatsApp-Image-2024-06-25-at-10.06.48-1024x576.jpeg 1024w, https:\/\/www.proeibandes.org\/wp-content\/uploads\/2024\/06\/WhatsApp-Image-2024-06-25-at-10.06.48-768x432.jpeg 768w, https:\/\/www.proeibandes.org\/wp-content\/uploads\/2024\/06\/WhatsApp-Image-2024-06-25-at-10.06.48-1536x864.jpeg 1536w\" sizes=\"(max-width: 1583px) 100vw, 1583px\" \/><\/span><\/figure><\/div>\n<\/div><\/div>\n<\/div><\/div><\/div>\n<\/div><\/div><\/div>\n\n\n\n<div class=\"wp-block-stackable-spacer stk-block-spacer stk--no-padding stk-block stk-67a9565\" data-block-id=\"67a9565\"><\/div>\n","protected":false},"excerpt":{"rendered":"<p>Dirigido a: Doctorantes de ciencias humanas &nbsp;y doctorantes estudios socio culturalesDocentes: Dr. Pedro Plaza \u2013 Dr. Vicente Limachi Estamos seguros que el Seminario Taller sobre Elaboraci\u00f3n de Art\u00edculos Cient\u00edficos ser\u00e1 una excelente oportunidad para continuar mejorando sus capacidades en el marco de su formaci\u00f3n. La competencia principal es elaborar un art\u00edculo cient\u00edfico con base en [&hellip;]<\/p>\n","protected":false},"author":2,"featured_media":0,"parent":0,"menu_order":0,"comment_status":"closed","ping_status":"closed","template":"","meta":{"footnotes":""},"class_list":["post-1632","page","type-page","status-publish","hentry"],"blocksy_meta":[],"_links":{"self":[{"href":"https:\/\/www.proeibandes.org\/index.php?rest_route=\/wp\/v2\/pages\/1632"}],"collection":[{"href":"https:\/\/www.proeibandes.org\/index.php?rest_route=\/wp\/v2\/pages"}],"about":[{"href":"https:\/\/www.proeibandes.org\/index.php?rest_route=\/wp\/v2\/types\/page"}],"author":[{"embeddable":true,"href":"https:\/\/www.proeibandes.org\/index.php?rest_route=\/wp\/v2\/users\/2"}],"replies":[{"embeddable":true,"href":"https:\/\/www.proeibandes.org\/index.php?rest_route=%2Fwp%2Fv2%2Fcomments&post=1632"}],"version-history":[{"count":4,"href":"https:\/\/www.proeibandes.org\/index.php?rest_route=\/wp\/v2\/pages\/1632\/revisions"}],"predecessor-version":[{"id":1676,"href":"https:\/\/www.proeibandes.org\/index.php?rest_route=\/wp\/v2\/pages\/1632\/revisions\/1676"}],"wp:attachment":[{"href":"https:\/\/www.proeibandes.org\/index.php?rest_route=%2Fwp%2Fv2%2Fmedia&parent=1632"}],"curies":[{"name":"wp","href":"https:\/\/api.w.org\/{rel}","templated":true}]}}