{"id":1666,"date":"2024-07-02T10:42:08","date_gmt":"2024-07-02T14:42:08","guid":{"rendered":"https:\/\/www.proeibandes.org\/?page_id=1666"},"modified":"2024-07-18T10:11:17","modified_gmt":"2024-07-18T14:11:17","slug":"entrevista-dia-internacional-de-los-pueblos-indigenas","status":"publish","type":"page","link":"https:\/\/www.proeibandes.org\/?page_id=1666","title":{"rendered":"Entrevista: d\u00eda internacional de los pueblos ind\u00edgenas"},"content":{"rendered":"\n<div class=\"wp-block-stackable-spacer stk-block-spacer stk--no-padding stk-block stk-df6432b\" data-block-id=\"df6432b\"><style>.stk-df6432b{height:50px !important}<\/style><\/div>\n\n\n\n<div class=\"wp-block-stackable-text stk-block-text stk-block stk-fb82e45\" data-block-id=\"fb82e45\"><p class=\"stk-block-text__text\">Hoy queremos recordar esta jornada importante con las reflexiones de Fernando Galindo Ph.D. Coordinador del Centro Interdisciplinario PROEIB Andes de la Facultad de Humanidades de la Universidad Mayor de San Sim\u00f3n, sobre la situaci\u00f3n actual de los pueblos ind\u00edgenas en Bolivia y Latinoam\u00e9rica. Integraci\u00f3n o exclusi\u00f3n \u00bfA qu\u00e9 son sometidos? \u00bfEl estado valora bien las necesidades de estos habitantes? \u00bfc\u00f3mo afecta a su contexto el desarrollo? \u00bfLas tecnolog\u00edas digitales amplifican su voz ahora?<\/p><\/div>\n\n\n\n<div class=\"wp-block-stackable-call-to-action stk-block-call-to-action stk-block stk-211c99a stk-block-background is-style-default\" data-v=\"2\" data-block-id=\"211c99a\"><style>.stk-211c99a{background-color:var(--theme-palette-color-5,#edeff2) !important}.stk-211c99a:before{background-color:var(--theme-palette-color-5,#edeff2) !important}<\/style><div class=\"stk-block-call-to-action__content stk-content-align stk-211c99a-column stk-container stk-211c99a-container stk-hover-parent\"><div class=\"has-text-align-center stk-block-content stk-inner-blocks stk-211c99a-inner-blocks\">\n<div class=\"wp-block-stackable-image stk-block-image stk-block stk-3e692e1\" data-block-id=\"3e692e1\"><style>.stk-3e692e1 .stk-img-wrapper{width:80% !important}@media screen and (max-width:689px){.stk-3e692e1 .stk-img-wrapper{width:100% !important}}<\/style><figure><span class=\"stk-img-wrapper stk-image--shape-stretch\"><img loading=\"lazy\" decoding=\"async\" class=\"stk-img wp-image-1671\" src=\"http:\/\/www.proeibandes.org\/wp-content\/uploads\/2024\/07\/WhatsApp-Image-2024-07-02-at-10.41.21.jpeg\" width=\"1600\" height=\"876\" srcset=\"https:\/\/www.proeibandes.org\/wp-content\/uploads\/2024\/07\/WhatsApp-Image-2024-07-02-at-10.41.21.jpeg 1600w, https:\/\/www.proeibandes.org\/wp-content\/uploads\/2024\/07\/WhatsApp-Image-2024-07-02-at-10.41.21-300x164.jpeg 300w, https:\/\/www.proeibandes.org\/wp-content\/uploads\/2024\/07\/WhatsApp-Image-2024-07-02-at-10.41.21-1024x561.jpeg 1024w, https:\/\/www.proeibandes.org\/wp-content\/uploads\/2024\/07\/WhatsApp-Image-2024-07-02-at-10.41.21-768x420.jpeg 768w, https:\/\/www.proeibandes.org\/wp-content\/uploads\/2024\/07\/WhatsApp-Image-2024-07-02-at-10.41.21-1536x841.jpeg 1536w\" sizes=\"(max-width: 1600px) 100vw, 1600px\" \/><\/span><\/figure><\/div>\n\n\n\n<div class=\"wp-block-stackable-button-group stk-block-button-group stk-block stk-fa7d75e\" data-block-id=\"fa7d75e\"><div class=\"stk-row stk-inner-blocks stk-block-content stk-button-group\">\n<div class=\"wp-block-stackable-button stk-block-button stk-block stk-061be3d\" data-block-id=\"061be3d\"><a class=\"stk-link stk-button stk--hover-effect-darken\" href=\"https:\/\/youtu.be\/R_HDTIe4H68\" target=\"_blank\" rel=\"noreferrer noopener\"><span class=\"stk-button__inner-text\">Ver entrevista<\/span><\/a><\/div>\n<\/div><\/div>\n<\/div><\/div><\/div>\n\n\n\n<p><\/p>\n","protected":false},"excerpt":{"rendered":"<p>Hoy queremos recordar esta jornada importante con las reflexiones de Fernando Galindo Ph.D. Coordinador del Centro Interdisciplinario PROEIB Andes de la Facultad de Humanidades de la Universidad Mayor de San Sim\u00f3n, sobre la situaci\u00f3n actual de los pueblos ind\u00edgenas en Bolivia y Latinoam\u00e9rica. Integraci\u00f3n o exclusi\u00f3n \u00bfA qu\u00e9 son sometidos? \u00bfEl estado valora bien las [&hellip;]<\/p>\n","protected":false},"author":2,"featured_media":0,"parent":0,"menu_order":0,"comment_status":"closed","ping_status":"closed","template":"","meta":{"footnotes":""},"class_list":["post-1666","page","type-page","status-publish","hentry"],"blocksy_meta":[],"_links":{"self":[{"href":"https:\/\/www.proeibandes.org\/index.php?rest_route=\/wp\/v2\/pages\/1666"}],"collection":[{"href":"https:\/\/www.proeibandes.org\/index.php?rest_route=\/wp\/v2\/pages"}],"about":[{"href":"https:\/\/www.proeibandes.org\/index.php?rest_route=\/wp\/v2\/types\/page"}],"author":[{"embeddable":true,"href":"https:\/\/www.proeibandes.org\/index.php?rest_route=\/wp\/v2\/users\/2"}],"replies":[{"embeddable":true,"href":"https:\/\/www.proeibandes.org\/index.php?rest_route=%2Fwp%2Fv2%2Fcomments&post=1666"}],"version-history":[{"count":2,"href":"https:\/\/www.proeibandes.org\/index.php?rest_route=\/wp\/v2\/pages\/1666\/revisions"}],"predecessor-version":[{"id":1787,"href":"https:\/\/www.proeibandes.org\/index.php?rest_route=\/wp\/v2\/pages\/1666\/revisions\/1787"}],"wp:attachment":[{"href":"https:\/\/www.proeibandes.org\/index.php?rest_route=%2Fwp%2Fv2%2Fmedia&parent=1666"}],"curies":[{"name":"wp","href":"https:\/\/api.w.org\/{rel}","templated":true}]}}