{"id":1707,"date":"2024-07-16T09:00:34","date_gmt":"2024-07-16T13:00:34","guid":{"rendered":"https:\/\/www.proeibandes.org\/?page_id=1707"},"modified":"2024-07-18T10:11:51","modified_gmt":"2024-07-18T14:11:51","slug":"presentacion-libro-vivencias-de-los-estudiantes-en-la-educacion-virtual","status":"publish","type":"page","link":"https:\/\/www.proeibandes.org\/?page_id=1707","title":{"rendered":"Presentaci\u00f3n libro: Vivencias de los estudiantes en la educaci\u00f3n virtual"},"content":{"rendered":"\n<div class=\"wp-block-stackable-spacer stk-block-spacer stk--no-padding stk-block stk-340c77a\" data-block-id=\"340c77a\"><\/div>\n\n\n\n<p>Despu\u00e9s de un arduo trabajo, los investigadores del Centro Interdisciplinario PROEIB Andes, presentaron el primer e-Book o libro digital de la instituci\u00f3n, una reuni\u00f3n de art\u00edculos cient\u00edficos con una sola tem\u00e1tica de investigaci\u00f3n: Las vivencias de los estudiantes en pandemia respecto a la educaci\u00f3n virtual que recibieron.<\/p>\n\n\n\n<p>Vicente Limachi P\u00e9rez, coordinador del centro dio la bienvenida a todos los presentes y explic\u00f3 la importancia de este logro. Marina Arratia Jim\u00e9nez, investigadora del centro, habl\u00f3 sobre el contenido del libro, mientras que el editor Fernando Galindo, explic\u00f3 sobre el proceso de construcci\u00f3n digital que se llev\u00f3 a cabo.<\/p>\n\n\n\n<p>Mart\u00edn Colque, editor del libro, explic\u00f3 sobre la construcci\u00f3n y gesti\u00f3n digital que se llev\u00f3 a cabo para la edici\u00f3n del libro.<\/p>\n\n\n\n<div class=\"wp-block-stackable-image stk-block-image stk-block stk-171975a\" data-block-id=\"171975a\"><figure><span class=\"stk-img-wrapper stk-image--shape-stretch\"><img loading=\"lazy\" decoding=\"async\" class=\"stk-img wp-image-1711\" src=\"http:\/\/www.proeibandes.org\/wp-content\/uploads\/2024\/07\/409630677_888181929980819_2414740285098817169_n.jpg\" width=\"2048\" height=\"1522\" srcset=\"https:\/\/www.proeibandes.org\/wp-content\/uploads\/2024\/07\/409630677_888181929980819_2414740285098817169_n.jpg 2048w, https:\/\/www.proeibandes.org\/wp-content\/uploads\/2024\/07\/409630677_888181929980819_2414740285098817169_n-300x223.jpg 300w, https:\/\/www.proeibandes.org\/wp-content\/uploads\/2024\/07\/409630677_888181929980819_2414740285098817169_n-1024x761.jpg 1024w, https:\/\/www.proeibandes.org\/wp-content\/uploads\/2024\/07\/409630677_888181929980819_2414740285098817169_n-768x571.jpg 768w, https:\/\/www.proeibandes.org\/wp-content\/uploads\/2024\/07\/409630677_888181929980819_2414740285098817169_n-1536x1142.jpg 1536w\" sizes=\"(max-width: 2048px) 100vw, 2048px\" \/><\/span><\/figure><\/div>\n\n\n\n<div class=\"wp-block-stackable-text stk-block-text stk-block stk-db79921\" data-block-id=\"db79921\"><p class=\"stk-block-text__text\"><strong>Sinopsis:<\/strong> Los trabajos presentados en este volumen son parte del proyecto de investigaci\u00f3n \u00abExperiencias de Educaci\u00f3n Virtual en Tiempos de la Pandemia: 2020-2021, desarrollado por el Centro Interdisciplinario PROEIB-Andes de la Universidad Mayor de San Sim\u00f3n, Cochabamba, Bolivia. El objetivo general de la investigaci\u00f3n fue analizar las estrategias de aprendizaje de los estudiantes de la Facultad de Humanidades y Ciencias de la Educaci\u00f3n (FHCE) de la Universidad Mayor de San Sim\u00f3n, en la modalidad virtual, en el contexto de la pandemia COVID-19.<\/p><\/div>\n\n\n\n<div class=\"wp-block-stackable-text stk-block-text stk-block stk-9131ff5\" data-block-id=\"9131ff5\"><p class=\"stk-block-text__text\">Puedes encontrar el libro <a href=\"https:\/\/www.proeibandes.org\/wp-content\/uploads\/2024\/06\/Vivenciasdelosestudiantesenlaeducacionvirtual.pdf\" data-type=\"link\" data-id=\"https:\/\/www.proeibandes.org\/wp-content\/uploads\/2024\/06\/Vivenciasdelosestudiantesenlaeducacionvirtual.pdf\">aqu\u00ed<\/a><\/p><\/div>\n\n\n\n<div class=\"wp-block-stackable-spacer stk-block-spacer stk--no-padding stk-block stk-ba20c34\" data-block-id=\"ba20c34\"><\/div>\n\n\n\n<div class=\"wp-block-stackable-call-to-action stk-block-call-to-action stk-block stk-211c99a stk-block-background is-style-default\" data-v=\"2\" data-block-id=\"211c99a\"><style>.stk-211c99a{background-color:var(--theme-palette-color-5,#edeff2) !important}.stk-211c99a:before{background-color:var(--theme-palette-color-5,#edeff2) !important}<\/style><div class=\"stk-block-call-to-action__content stk-content-align stk-211c99a-column stk-container stk-211c99a-container stk-hover-parent\"><div class=\"has-text-align-center stk-block-content stk-inner-blocks stk-211c99a-inner-blocks\">\n<div class=\"wp-block-stackable-image stk-block-image stk-block stk-3e692e1\" data-block-id=\"3e692e1\"><style>.stk-3e692e1 .stk-img-wrapper{width:80% !important}@media screen and (max-width:689px){.stk-3e692e1 .stk-img-wrapper{width:100% !important}}<\/style><figure><span class=\"stk-img-wrapper stk-image--shape-stretch\"><img loading=\"lazy\" decoding=\"async\" class=\"stk-img wp-image-1708\" src=\"http:\/\/www.proeibandes.org\/wp-content\/uploads\/2024\/07\/WhatsApp-Image-2024-07-16-at-08.59.34.jpeg\" width=\"1600\" height=\"877\" srcset=\"https:\/\/www.proeibandes.org\/wp-content\/uploads\/2024\/07\/WhatsApp-Image-2024-07-16-at-08.59.34.jpeg 1600w, https:\/\/www.proeibandes.org\/wp-content\/uploads\/2024\/07\/WhatsApp-Image-2024-07-16-at-08.59.34-300x164.jpeg 300w, https:\/\/www.proeibandes.org\/wp-content\/uploads\/2024\/07\/WhatsApp-Image-2024-07-16-at-08.59.34-1024x561.jpeg 1024w, https:\/\/www.proeibandes.org\/wp-content\/uploads\/2024\/07\/WhatsApp-Image-2024-07-16-at-08.59.34-768x421.jpeg 768w, https:\/\/www.proeibandes.org\/wp-content\/uploads\/2024\/07\/WhatsApp-Image-2024-07-16-at-08.59.34-1536x842.jpeg 1536w\" sizes=\"(max-width: 1600px) 100vw, 1600px\" \/><\/span><\/figure><\/div>\n\n\n\n<div class=\"wp-block-stackable-button-group stk-block-button-group stk-block stk-fa7d75e\" data-block-id=\"fa7d75e\"><div class=\"stk-row stk-inner-blocks stk-block-content stk-button-group\">\n<div class=\"wp-block-stackable-button stk-block-button stk-block stk-061be3d\" data-block-id=\"061be3d\"><a class=\"stk-link stk-button stk--hover-effect-darken\" href=\"https:\/\/www.youtube.com\/live\/iRGu5RePfM8?si=Mv5DQLQaJzseijs5\" target=\"_blank\" rel=\"noreferrer noopener\"><span class=\"stk-button__inner-text\">Ver presentaci\u00f3n de libro<\/span><\/a><\/div>\n<\/div><\/div>\n<\/div><\/div><\/div>\n\n\n\n<div class=\"wp-block-stackable-spacer stk-block-spacer stk--no-padding stk-block stk-9266cad\" data-block-id=\"9266cad\"><\/div>\n\n\n\n<p><\/p>\n","protected":false},"excerpt":{"rendered":"<p>Despu\u00e9s de un arduo trabajo, los investigadores del Centro Interdisciplinario PROEIB Andes, presentaron el primer e-Book o libro digital de la instituci\u00f3n, una reuni\u00f3n de art\u00edculos cient\u00edficos con una sola tem\u00e1tica de investigaci\u00f3n: Las vivencias de los estudiantes en pandemia respecto a la educaci\u00f3n virtual que recibieron. Vicente Limachi P\u00e9rez, coordinador del centro dio la [&hellip;]<\/p>\n","protected":false},"author":2,"featured_media":0,"parent":0,"menu_order":0,"comment_status":"closed","ping_status":"closed","template":"","meta":{"footnotes":""},"class_list":["post-1707","page","type-page","status-publish","hentry"],"blocksy_meta":[],"_links":{"self":[{"href":"https:\/\/www.proeibandes.org\/index.php?rest_route=\/wp\/v2\/pages\/1707"}],"collection":[{"href":"https:\/\/www.proeibandes.org\/index.php?rest_route=\/wp\/v2\/pages"}],"about":[{"href":"https:\/\/www.proeibandes.org\/index.php?rest_route=\/wp\/v2\/types\/page"}],"author":[{"embeddable":true,"href":"https:\/\/www.proeibandes.org\/index.php?rest_route=\/wp\/v2\/users\/2"}],"replies":[{"embeddable":true,"href":"https:\/\/www.proeibandes.org\/index.php?rest_route=%2Fwp%2Fv2%2Fcomments&post=1707"}],"version-history":[{"count":3,"href":"https:\/\/www.proeibandes.org\/index.php?rest_route=\/wp\/v2\/pages\/1707\/revisions"}],"predecessor-version":[{"id":1788,"href":"https:\/\/www.proeibandes.org\/index.php?rest_route=\/wp\/v2\/pages\/1707\/revisions\/1788"}],"wp:attachment":[{"href":"https:\/\/www.proeibandes.org\/index.php?rest_route=%2Fwp%2Fv2%2Fmedia&parent=1707"}],"curies":[{"name":"wp","href":"https:\/\/api.w.org\/{rel}","templated":true}]}}