{"id":1715,"date":"2024-07-16T09:10:07","date_gmt":"2024-07-16T13:10:07","guid":{"rendered":"https:\/\/www.proeibandes.org\/?page_id=1715"},"modified":"2024-07-18T10:12:26","modified_gmt":"2024-07-18T14:12:26","slug":"presentacion-revista-dialogica-intercultural-segundo-numero","status":"publish","type":"page","link":"https:\/\/www.proeibandes.org\/?page_id=1715","title":{"rendered":"Presentaci\u00f3n revista: Dial\u00f3gica Intercultural, segundo n\u00famero"},"content":{"rendered":"\n<div class=\"wp-block-stackable-spacer stk-block-spacer stk--no-padding stk-block stk-7dd7512\" data-block-id=\"7dd7512\"><\/div>\n\n\n\n<div class=\"wp-block-stackable-text stk-block-text stk-block stk-6137380\" data-block-id=\"6137380\"><p class=\"stk-block-text__text\">Es la segunda versi\u00f3n de nuestra revista digital, queremos que nos acompa\u00f1es para que conozcas todos los detalles de su contenido en la presentaci\u00f3n virtual. Una vez m\u00e1s \u00a1GRACIAS POR TODO SU APOYO!<\/p><\/div>\n\n\n\n<div class=\"wp-block-stackable-call-to-action stk-block-call-to-action stk-block stk-211c99a stk-block-background is-style-default\" data-v=\"2\" data-block-id=\"211c99a\"><style>.stk-211c99a{background-color:var(--theme-palette-color-5,#edeff2) !important}.stk-211c99a:before{background-color:var(--theme-palette-color-5,#edeff2) !important}<\/style><div class=\"stk-block-call-to-action__content stk-content-align stk-211c99a-column stk-container stk-211c99a-container stk-hover-parent\"><div class=\"has-text-align-center stk-block-content stk-inner-blocks stk-211c99a-inner-blocks\">\n<div class=\"wp-block-stackable-image stk-block-image stk-block stk-3e692e1\" data-block-id=\"3e692e1\"><style>.stk-3e692e1 .stk-img-wrapper{width:100% !important}<\/style><figure><span class=\"stk-img-wrapper stk-image--shape-stretch\"><img loading=\"lazy\" decoding=\"async\" class=\"stk-img wp-image-1716\" src=\"http:\/\/www.proeibandes.org\/wp-content\/uploads\/2024\/07\/427892028_939845841481094_5695572161697302426_n.jpg\" width=\"2160\" height=\"920\" srcset=\"https:\/\/www.proeibandes.org\/wp-content\/uploads\/2024\/07\/427892028_939845841481094_5695572161697302426_n.jpg 2160w, https:\/\/www.proeibandes.org\/wp-content\/uploads\/2024\/07\/427892028_939845841481094_5695572161697302426_n-300x128.jpg 300w, https:\/\/www.proeibandes.org\/wp-content\/uploads\/2024\/07\/427892028_939845841481094_5695572161697302426_n-1024x436.jpg 1024w, https:\/\/www.proeibandes.org\/wp-content\/uploads\/2024\/07\/427892028_939845841481094_5695572161697302426_n-768x327.jpg 768w, https:\/\/www.proeibandes.org\/wp-content\/uploads\/2024\/07\/427892028_939845841481094_5695572161697302426_n-1536x654.jpg 1536w, https:\/\/www.proeibandes.org\/wp-content\/uploads\/2024\/07\/427892028_939845841481094_5695572161697302426_n-2048x872.jpg 2048w\" sizes=\"(max-width: 2160px) 100vw, 2160px\" \/><\/span><\/figure><\/div>\n\n\n\n<div class=\"wp-block-stackable-button-group stk-block-button-group stk-block stk-fa7d75e\" data-block-id=\"fa7d75e\"><div class=\"stk-row stk-inner-blocks stk-block-content stk-button-group\">\n<div class=\"wp-block-stackable-button stk-block-button stk-block stk-061be3d\" data-block-id=\"061be3d\"><a class=\"stk-link stk-button stk--hover-effect-darken\" href=\"https:\/\/www.youtube.com\/live\/xFTjUFBeA28?si=8ZclrWYdr5D8LmeN\" target=\"_blank\" rel=\"noreferrer noopener\"><span class=\"stk-button__inner-text\">Ver presentaci\u00f3n<\/span><\/a><\/div>\n<\/div><\/div>\n<\/div><\/div><\/div>\n","protected":false},"excerpt":{"rendered":"<p>Es la segunda versi\u00f3n de nuestra revista digital, queremos que nos acompa\u00f1es para que conozcas todos los detalles de su contenido en la presentaci\u00f3n virtual. Una vez m\u00e1s \u00a1GRACIAS POR TODO SU APOYO! Ver presentaci\u00f3n<\/p>\n","protected":false},"author":2,"featured_media":0,"parent":0,"menu_order":0,"comment_status":"closed","ping_status":"closed","template":"","meta":{"footnotes":""},"class_list":["post-1715","page","type-page","status-publish","hentry"],"blocksy_meta":[],"_links":{"self":[{"href":"https:\/\/www.proeibandes.org\/index.php?rest_route=\/wp\/v2\/pages\/1715"}],"collection":[{"href":"https:\/\/www.proeibandes.org\/index.php?rest_route=\/wp\/v2\/pages"}],"about":[{"href":"https:\/\/www.proeibandes.org\/index.php?rest_route=\/wp\/v2\/types\/page"}],"author":[{"embeddable":true,"href":"https:\/\/www.proeibandes.org\/index.php?rest_route=\/wp\/v2\/users\/2"}],"replies":[{"embeddable":true,"href":"https:\/\/www.proeibandes.org\/index.php?rest_route=%2Fwp%2Fv2%2Fcomments&post=1715"}],"version-history":[{"count":2,"href":"https:\/\/www.proeibandes.org\/index.php?rest_route=\/wp\/v2\/pages\/1715\/revisions"}],"predecessor-version":[{"id":1842,"href":"https:\/\/www.proeibandes.org\/index.php?rest_route=\/wp\/v2\/pages\/1715\/revisions\/1842"}],"wp:attachment":[{"href":"https:\/\/www.proeibandes.org\/index.php?rest_route=%2Fwp%2Fv2%2Fmedia&parent=1715"}],"curies":[{"name":"wp","href":"https:\/\/api.w.org\/{rel}","templated":true}]}}