{"id":1720,"date":"2024-07-16T09:15:45","date_gmt":"2024-07-16T13:15:45","guid":{"rendered":"https:\/\/www.proeibandes.org\/?page_id=1720"},"modified":"2024-07-16T09:20:44","modified_gmt":"2024-07-16T13:20:44","slug":"publicaciones","status":"publish","type":"page","link":"https:\/\/www.proeibandes.org\/?page_id=1720","title":{"rendered":"Publicaciones"},"content":{"rendered":"\n<div class=\"wp-block-stackable-spacer stk-block-spacer stk--no-padding stk-block stk-7894188\" data-block-id=\"7894188\"><\/div>\n\n\n\n<div class=\"wp-block-stackable-text stk-block-text stk-block stk-6f49113\" data-block-id=\"6f49113\"><p class=\"stk-block-text__text\">En esta parte ustedes encontrar\u00e1n las publicaciones que se han realizado por el Centro Interdisciplinario PROEIB Andes o sus investigadores. En materia cient\u00edfica la formalidad y el rigor acad\u00e9mico son fundamentales y se han cuidado minuciosamente en las publicaciones de la instituci\u00f3n. En este repositorio que se ir\u00e1 nutriendo permanentemente podr\u00e1n hallar libros digitales en formato PDF, tambi\u00e9n nuestra revista en temas ind\u00edgenas Dial\u00f3gica Intercultural y los art\u00edculos que han trabajado los investigadores. Te invitamos a explorar el material referenciado.<\/p><\/div>\n\n\n\n<div class=\"wp-block-stackable-columns stk-block-columns stk-block stk-e47e8f3\" data-block-id=\"e47e8f3\"><div class=\"stk-row stk-inner-blocks stk-block-content stk-content-align stk-e47e8f3-column\">\n<div class=\"wp-block-stackable-column stk-block-column stk-column stk-block stk-b2e763a\" data-v=\"4\" data-block-id=\"b2e763a\"><div class=\"stk-column-wrapper stk-block-column__content stk-container stk-b2e763a-container stk--no-background stk--no-padding\"><div class=\"stk-block-content stk-inner-blocks stk-b2e763a-inner-blocks\">\n<div class=\"wp-block-stackable-hero stk-block-hero stk-block stk-e56a799 is-style-default\" data-v=\"2\" data-block-id=\"e56a799\"><style>.stk-e56a799-inner-blocks{justify-content:center !important}.stk-e56a799-container{background-color:var(--theme-palette-color-5,#edeff2) !important}.stk-e56a799-container:before{background-color:var(--theme-palette-color-5,#edeff2) !important}.stk-e56a799 .stk-block-hero__content{min-height:500px !important;align-items:center !important;display:flex !important}<\/style><div class=\"stk-block-hero__content stk-content-align stk-e56a799-column stk-container stk-e56a799-container stk-hover-parent\"><div class=\"stk-block-content stk-inner-blocks has-text-align-center stk--column-flex stk-e56a799-inner-blocks\">\n<div class=\"wp-block-stackable-heading stk-block-heading stk-block-heading--v2 stk-block stk-a734356\" id=\"libros\" data-block-id=\"a734356\"><h2 class=\"stk-block-heading__text\">Libros<\/h2><\/div>\n\n\n\n<div class=\"wp-block-stackable-text stk-block-text stk-block stk-642b35b\" data-block-id=\"642b35b\"><p class=\"stk-block-text__text\">En esta p\u00e1gina podr\u00e1 acceder a la versi\u00f3n virtual de los libros publicados por el PROEIB Andes<\/p><\/div>\n\n\n\n<div class=\"wp-block-stackable-button-group stk-block-button-group stk-block stk-1d34671\" data-block-id=\"1d34671\"><div class=\"stk-row stk-inner-blocks stk-block-content stk-button-group\">\n<div class=\"wp-block-stackable-button stk-block-button stk-block stk-129d311\" data-block-id=\"129d311\"><a class=\"stk-link stk-button stk--hover-effect-darken\" href=\"https:\/\/www.proeibandes.org\/?page_id=1040\"><span class=\"stk-button__inner-text\">Visitar sitio<\/span><\/a><\/div>\n<\/div><\/div>\n<\/div><\/div><\/div>\n<\/div><\/div><\/div>\n\n\n\n<div class=\"wp-block-stackable-column stk-block-column stk-column stk-block stk-db29888\" data-v=\"4\" data-block-id=\"db29888\"><div class=\"stk-column-wrapper stk-block-column__content stk-container stk-db29888-container stk--no-background stk--no-padding\"><div class=\"stk-block-content stk-inner-blocks stk-db29888-inner-blocks\">\n<div class=\"wp-block-stackable-hero stk-block-hero stk-block stk-aeee534 is-style-default\" data-v=\"2\" data-block-id=\"aeee534\"><style>.stk-aeee534-inner-blocks{justify-content:center !important}.stk-aeee534-container{background-color:var(--theme-palette-color-5,#edeff2) !important}.stk-aeee534-container:before{background-color:var(--theme-palette-color-5,#edeff2) !important}.stk-aeee534 .stk-block-hero__content{min-height:500px !important;align-items:center !important;display:flex !important}<\/style><div class=\"stk-block-hero__content stk-content-align stk-aeee534-column stk-container stk-aeee534-container stk-hover-parent\"><div class=\"stk-block-content stk-inner-blocks has-text-align-center stk--column-flex stk-aeee534-inner-blocks\">\n<div class=\"wp-block-stackable-heading stk-block-heading stk-block-heading--v2 stk-block stk-2267627\" id=\"revistas\" data-block-id=\"2267627\"><h2 class=\"stk-block-heading__text\">Revistas<\/h2><\/div>\n\n\n\n<div class=\"wp-block-stackable-text stk-block-text stk-block stk-7aeac7c\" data-block-id=\"7aeac7c\"><p class=\"stk-block-text__text\">En esta p\u00e1gina podr\u00e1 encontrar todos los n\u00fameros de la revista Dial\u00f3gica Intercultural actualizados<\/p><\/div>\n\n\n\n<div class=\"wp-block-stackable-button-group stk-block-button-group stk-block stk-eda9f77\" data-block-id=\"eda9f77\"><div class=\"stk-row stk-inner-blocks stk-block-content stk-button-group\">\n<div class=\"wp-block-stackable-button stk-block-button stk-block stk-0cb6378\" data-block-id=\"0cb6378\"><a class=\"stk-link stk-button stk--hover-effect-darken\" href=\"https:\/\/www.proeibandes.org\/?page_id=1042\"><span class=\"stk-button__inner-text\">Visitar sitio<\/span><\/a><\/div>\n<\/div><\/div>\n<\/div><\/div><\/div>\n<\/div><\/div><\/div>\n\n\n\n<div class=\"wp-block-stackable-column stk-block-column stk-column stk-block stk-873bfed\" data-v=\"4\" data-block-id=\"873bfed\"><div class=\"stk-column-wrapper stk-block-column__content stk-container stk-873bfed-container stk--no-background stk--no-padding\"><div class=\"stk-block-content stk-inner-blocks stk-873bfed-inner-blocks\">\n<div class=\"wp-block-stackable-hero stk-block-hero stk-block stk-969c124 is-style-default\" data-v=\"2\" data-block-id=\"969c124\"><style>.stk-969c124-inner-blocks{justify-content:center !important}.stk-969c124-container{background-color:var(--theme-palette-color-5,#edeff2) !important}.stk-969c124-container:before{background-color:var(--theme-palette-color-5,#edeff2) !important}.stk-969c124 .stk-block-hero__content{min-height:500px !important;align-items:center !important;display:flex !important}<\/style><div class=\"stk-block-hero__content stk-content-align stk-969c124-column stk-container stk-969c124-container stk-hover-parent\"><div class=\"stk-block-content stk-inner-blocks has-text-align-center stk--column-flex stk-969c124-inner-blocks\">\n<div class=\"wp-block-stackable-heading stk-block-heading stk-block-heading--v2 stk-block stk-b20eccd\" id=\"articulos\" data-block-id=\"b20eccd\"><h2 class=\"stk-block-heading__text\">Art\u00edculos<\/h2><\/div>\n\n\n\n<div class=\"wp-block-stackable-text stk-block-text stk-block stk-365e929\" data-block-id=\"365e929\"><p class=\"stk-block-text__text\">En esta p\u00e1gina podr\u00e1 ver los art\u00edculos publicados por los investigadores del PROEIB Andes<\/p><\/div>\n\n\n\n<div class=\"wp-block-stackable-button-group stk-block-button-group stk-block stk-f5a0cac\" data-block-id=\"f5a0cac\"><div class=\"stk-row stk-inner-blocks stk-block-content stk-button-group\">\n<div class=\"wp-block-stackable-button stk-block-button stk-block stk-2c36a41\" data-block-id=\"2c36a41\"><a class=\"stk-link stk-button stk--hover-effect-darken\" href=\"https:\/\/www.proeibandes.org\/?page_id=1044\"><span class=\"stk-button__inner-text\">Visitar sitio<\/span><\/a><\/div>\n<\/div><\/div>\n<\/div><\/div><\/div>\n<\/div><\/div><\/div>\n<\/div><\/div>\n\n\n\n<div class=\"wp-block-stackable-spacer stk-block-spacer stk--no-padding stk-block stk-eb6c5c0\" data-block-id=\"eb6c5c0\"><\/div>\n","protected":false},"excerpt":{"rendered":"<p>En esta parte ustedes encontrar\u00e1n las publicaciones que se han realizado por el Centro Interdisciplinario PROEIB Andes o sus investigadores. En materia cient\u00edfica la formalidad y el rigor acad\u00e9mico son fundamentales y se han cuidado minuciosamente en las publicaciones de la instituci\u00f3n. En este repositorio que se ir\u00e1 nutriendo permanentemente podr\u00e1n hallar libros digitales en [&hellip;]<\/p>\n","protected":false},"author":2,"featured_media":0,"parent":0,"menu_order":0,"comment_status":"closed","ping_status":"closed","template":"","meta":{"footnotes":""},"class_list":["post-1720","page","type-page","status-publish","hentry"],"blocksy_meta":[],"_links":{"self":[{"href":"https:\/\/www.proeibandes.org\/index.php?rest_route=\/wp\/v2\/pages\/1720"}],"collection":[{"href":"https:\/\/www.proeibandes.org\/index.php?rest_route=\/wp\/v2\/pages"}],"about":[{"href":"https:\/\/www.proeibandes.org\/index.php?rest_route=\/wp\/v2\/types\/page"}],"author":[{"embeddable":true,"href":"https:\/\/www.proeibandes.org\/index.php?rest_route=\/wp\/v2\/users\/2"}],"replies":[{"embeddable":true,"href":"https:\/\/www.proeibandes.org\/index.php?rest_route=%2Fwp%2Fv2%2Fcomments&post=1720"}],"version-history":[{"count":3,"href":"https:\/\/www.proeibandes.org\/index.php?rest_route=\/wp\/v2\/pages\/1720\/revisions"}],"predecessor-version":[{"id":1725,"href":"https:\/\/www.proeibandes.org\/index.php?rest_route=\/wp\/v2\/pages\/1720\/revisions\/1725"}],"wp:attachment":[{"href":"https:\/\/www.proeibandes.org\/index.php?rest_route=%2Fwp%2Fv2%2Fmedia&parent=1720"}],"curies":[{"name":"wp","href":"https:\/\/api.w.org\/{rel}","templated":true}]}}