{"id":1726,"date":"2024-07-16T09:36:52","date_gmt":"2024-07-16T13:36:52","guid":{"rendered":"https:\/\/www.proeibandes.org\/?page_id=1726"},"modified":"2024-07-16T09:39:48","modified_gmt":"2024-07-16T13:39:48","slug":"fernando-galindo-manteniendo-viva-tu-investigacion-doctoral","status":"publish","type":"page","link":"https:\/\/www.proeibandes.org\/?page_id=1726","title":{"rendered":"Fernando Galindo: Manteniendo viva tu investigaci\u00f3n doctoral"},"content":{"rendered":"\n<div class=\"wp-block-stackable-spacer stk-block-spacer stk--no-padding stk-block stk-02fe216\" data-block-id=\"02fe216\"><\/div>\n\n\n\n<div class=\"wp-block-stackable-text stk-block-text stk-block stk-580d329\" data-block-id=\"580d329\"><p class=\"stk-block-text__text\">En esta charla Fernando Galindo busca proporcionar una herramienta, el diario de investigaci\u00f3n. Tambi\u00e9n explica los beneficios de la reflexividad a trav\u00e9s de sus experiencias personales.<\/p><\/div>\n\n\n\n<div class=\"wp-block-stackable-text stk-block-text stk-block stk-6c7cc61\" data-block-id=\"6c7cc61\"><p class=\"stk-block-text__text\">Podr\u00e1s ver esta charla dando click a la imagen de abajo.<\/p><\/div>\n\n\n\n<div class=\"wp-block-stackable-video-popup stk-block-video-popup stk-block stk-0d009ae\" data-video=\"http:\/\/www.proeibandes.org\/wp-content\/uploads\/2024\/07\/video1509486986.mp4\" data-nodownload=\"\" data-block-id=\"0d009ae\"><div class=\"stk-block-video-popup__overlay stk-row stk-inner-blocks stk-block-content stk-hover-parent\" aria-label=\"Reproducir v\u00eddeo\" tabindex=\"0\" role=\"button\">\n<div class=\"wp-block-stackable-icon stk-block-icon has-text-align-center stk-block stk-e764ac9\" data-block-id=\"e764ac9\"><span class=\"stk--svg-wrapper\"><div class=\"stk--inner-svg\"><svg style=\"height:0;width:0\"><defs><linearGradient id=\"linear-gradient-e764ac9\" x1=\"0\" x2=\"100%\" y1=\"0\" y2=\"0\"><stop offset=\"0%\" style=\"stop-opacity:1;stop-color:var(--linear-gradient-e-764-ac-9-color-1)\"><\/stop><stop offset=\"100%\" style=\"stop-opacity:1;stop-color:var(--linear-gradient-e-764-ac-9-color-2)\"><\/stop><\/linearGradient><\/defs><\/svg><svg data-prefix=\"fas\" data-icon=\"play\" class=\"svg-inline--fa fa-play fa-w-14\" xmlns=\"http:\/\/www.w3.org\/2000\/svg\" viewBox=\"0 0 448 512\" aria-hidden=\"true\" width=\"32\" height=\"32\"><path fill=\"currentColor\" d=\"M424.4 214.7L72.4 6.6C43.8-10.3 0 6.1 0 47.9V464c0 37.5 40.7 60.1 72.4 41.3l352-208c31.4-18.5 31.5-64.1 0-82.6z\"><\/path><\/svg><\/div><\/span><\/div>\n\n\n\n<div class=\"wp-block-stackable-image stk-block-image stk-block stk-49d4d2c\" data-block-id=\"49d4d2c\"><figure><span class=\"stk-img-wrapper stk-image--shape-stretch\"><img loading=\"lazy\" decoding=\"async\" class=\"stk-img wp-image-1727\" src=\"http:\/\/www.proeibandes.org\/wp-content\/uploads\/2024\/07\/WhatsApp-Image-2024-07-16-at-09.33.42.jpeg\" width=\"1600\" height=\"899\" srcset=\"https:\/\/www.proeibandes.org\/wp-content\/uploads\/2024\/07\/WhatsApp-Image-2024-07-16-at-09.33.42.jpeg 1600w, https:\/\/www.proeibandes.org\/wp-content\/uploads\/2024\/07\/WhatsApp-Image-2024-07-16-at-09.33.42-300x169.jpeg 300w, https:\/\/www.proeibandes.org\/wp-content\/uploads\/2024\/07\/WhatsApp-Image-2024-07-16-at-09.33.42-1024x575.jpeg 1024w, https:\/\/www.proeibandes.org\/wp-content\/uploads\/2024\/07\/WhatsApp-Image-2024-07-16-at-09.33.42-768x432.jpeg 768w, https:\/\/www.proeibandes.org\/wp-content\/uploads\/2024\/07\/WhatsApp-Image-2024-07-16-at-09.33.42-1536x863.jpeg 1536w\" sizes=\"(max-width: 1600px) 100vw, 1600px\" \/><\/span><\/figure><\/div>\n<\/div><\/div>\n\n\n\n<div class=\"wp-block-stackable-spacer stk-block-spacer stk--no-padding stk-block stk-aa3234f\" data-block-id=\"aa3234f\"><\/div>\n","protected":false},"excerpt":{"rendered":"<p>En esta charla Fernando Galindo busca proporcionar una herramienta, el diario de investigaci\u00f3n. Tambi\u00e9n explica los beneficios de la reflexividad a trav\u00e9s de sus experiencias personales. Podr\u00e1s ver esta charla dando click a la imagen de abajo.<\/p>\n","protected":false},"author":2,"featured_media":0,"parent":0,"menu_order":0,"comment_status":"closed","ping_status":"closed","template":"","meta":{"footnotes":""},"class_list":["post-1726","page","type-page","status-publish","hentry"],"blocksy_meta":[],"_links":{"self":[{"href":"https:\/\/www.proeibandes.org\/index.php?rest_route=\/wp\/v2\/pages\/1726"}],"collection":[{"href":"https:\/\/www.proeibandes.org\/index.php?rest_route=\/wp\/v2\/pages"}],"about":[{"href":"https:\/\/www.proeibandes.org\/index.php?rest_route=\/wp\/v2\/types\/page"}],"author":[{"embeddable":true,"href":"https:\/\/www.proeibandes.org\/index.php?rest_route=\/wp\/v2\/users\/2"}],"replies":[{"embeddable":true,"href":"https:\/\/www.proeibandes.org\/index.php?rest_route=%2Fwp%2Fv2%2Fcomments&post=1726"}],"version-history":[{"count":2,"href":"https:\/\/www.proeibandes.org\/index.php?rest_route=\/wp\/v2\/pages\/1726\/revisions"}],"predecessor-version":[{"id":1733,"href":"https:\/\/www.proeibandes.org\/index.php?rest_route=\/wp\/v2\/pages\/1726\/revisions\/1733"}],"wp:attachment":[{"href":"https:\/\/www.proeibandes.org\/index.php?rest_route=%2Fwp%2Fv2%2Fmedia&parent=1726"}],"curies":[{"name":"wp","href":"https:\/\/api.w.org\/{rel}","templated":true}]}}