{"id":1736,"date":"2024-07-16T10:25:20","date_gmt":"2024-07-16T14:25:20","guid":{"rendered":"https:\/\/www.proeibandes.org\/?page_id=1736"},"modified":"2024-07-18T10:06:44","modified_gmt":"2024-07-18T14:06:44","slug":"vivir-bien-dialogos-transculturales-e-interdisciplinarios","status":"publish","type":"page","link":"https:\/\/www.proeibandes.org\/?page_id=1736","title":{"rendered":"Vivir Bien: Di\u00e1logos transculturales e interdisciplinarios"},"content":{"rendered":"\n<div class=\"wp-block-stackable-spacer stk-block-spacer stk--no-padding stk-block stk-a451f1d\" data-block-id=\"a451f1d\"><\/div>\n\n\n\n<div class=\"wp-block-stackable-text stk-block-text stk-block stk-8298322\" data-block-id=\"8298322\"><p class=\"stk-block-text__text\">El <strong>Vivir bien<\/strong> es una idea que ha sido analizada por diversas corrientes, las principales la de Sumak Kawsay de los pueblos andinos y la elaborada por la teor\u00eda de la resonancia del soci\u00f3logo alem\u00e1n Hartmut Rosa. <\/p><\/div>\n\n\n\n<div class=\"wp-block-stackable-text stk-block-text stk-block stk-7470c5f\" data-block-id=\"7470c5f\"><p class=\"stk-block-text__text\">Sin embargo, a la fecha no se hab\u00eda establecido un di\u00e1logo entre las dos perspectivas y esta conferencia apunta a iniciar el mismo con el prop\u00f3sito de enriquecer ambas y los trabajos de quienes las utilizan por separado. As\u00ed que se invit\u00f3 a investigadoras e investigadores de todas las perspectivas acad\u00e9micas a presentar res\u00famenes sobre una posible contribuci\u00f3n suya relacionada de alguna manera u otra a la cuesti\u00f3n de vivir bien durante cuatro d\u00edas de ponencias que podr\u00e1 encontrar en diversas transmisiones en vivo listadas abajo. <\/p><\/div>\n\n\n\n<div class=\"wp-block-stackable-image stk-block-image stk-block stk-d2cd495\" data-block-id=\"d2cd495\"><style>.stk-d2cd495 .stk-img-wrapper{width:50% !important}@media screen and (max-width:689px){.stk-d2cd495 .stk-img-wrapper{width:100% !important}}<\/style><figure><span class=\"stk-img-wrapper stk-image--shape-stretch\"><img loading=\"lazy\" decoding=\"async\" class=\"stk-img wp-image-1742\" src=\"http:\/\/www.proeibandes.org\/wp-content\/uploads\/2024\/07\/image-1.png\" width=\"794\" height=\"703\" srcset=\"https:\/\/www.proeibandes.org\/wp-content\/uploads\/2024\/07\/image-1.png 794w, https:\/\/www.proeibandes.org\/wp-content\/uploads\/2024\/07\/image-1-300x266.png 300w, https:\/\/www.proeibandes.org\/wp-content\/uploads\/2024\/07\/image-1-768x680.png 768w\" sizes=\"(max-width: 794px) 100vw, 794px\" \/><\/span><\/figure><\/div>\n\n\n\n<div class=\"wp-block-stackable-spacer stk-block-spacer stk--no-padding stk-block stk-b54b748\" data-block-id=\"b54b748\"><\/div>\n\n\n\n<div class=\"wp-block-stackable-heading stk-block-heading stk-block-heading--v2 stk-block stk-fe9777a\" id=\"dia-1\" data-block-id=\"fe9777a\"><style>@media screen and (max-width:689px){.stk-fe9777a .stk-block-heading__text{font-size:30px !important}}<\/style><h2 class=\"stk-block-heading__text\">D\u00eda 1<\/h2><\/div>\n\n\n\n<ul style=\"font-size:14px\" class=\"wp-block-list\">\n<li><strong>Pueblos ind\u00edgenas, Sumak Kawsay y justicia social. Una aproximaci\u00f3n decolonial y ecosocialista.<\/strong> Rickard Lalander \/ Magnus Lembke, Stockholm<\/li>\n\n\n\n<li><strong>Los Comunes Naturales como condici\u00f3n necesaria para el Vivir Bien. \u00bfUna caracter\u00edstica que combina los conceptos occidentales y andinos?<\/strong> Christoph Henning, Erfurt<\/li>\n\n\n\n<li><strong>Infraestructuras decoloniales del Buen Vivir. Lecturas de La primer nueva cr\u00f3nica y buen gobierno (1615) de Guam\u00e1n Poma de Ayala.<\/strong> Kirsten Mahlke, Konstanz<\/li>\n\n\n\n<li><strong>El Vivir Bien en clave de comunidad. Una propuesta de desarrollo. Retos y desaf\u00edos en el contexto de las transformaciones actuales.<\/strong> El caso de Bolivia. Gabriela Canedo, Cochabamba<\/li>\n\n\n\n<li><strong>Hacia una b\u00fasqueda de hacernos m\u00e1s humanos. El Buen Vivir y la antropolog\u00eda teol\u00f3gica.<\/strong> Guadalupe Soria, Cochabamba<\/li>\n<\/ul>\n\n\n\n<div class=\"wp-block-stackable-call-to-action stk-block-call-to-action stk-block stk-211c99a stk-block-background is-style-default\" data-v=\"2\" data-block-id=\"211c99a\"><style>.stk-211c99a{background-color:var(--theme-palette-color-5,#edeff2) !important}.stk-211c99a:before{background-color:var(--theme-palette-color-5,#edeff2) !important}<\/style><div class=\"stk-block-call-to-action__content stk-content-align stk-211c99a-column stk-container stk-211c99a-container stk-hover-parent\"><div class=\"has-text-align-center stk-block-content stk-inner-blocks stk-211c99a-inner-blocks\">\n<div class=\"wp-block-stackable-image stk-block-image stk-block stk-3e692e1\" data-block-id=\"3e692e1\"><style>.stk-3e692e1 .stk-img-wrapper{width:80% !important}<\/style><figure><span class=\"stk-img-wrapper stk-image--shape-stretch\"><img loading=\"lazy\" decoding=\"async\" class=\"stk-img wp-image-1737\" src=\"http:\/\/www.proeibandes.org\/wp-content\/uploads\/2024\/07\/WhatsApp-Image-2024-07-16-at-10.10.19.jpeg\" width=\"1600\" height=\"899\" srcset=\"https:\/\/www.proeibandes.org\/wp-content\/uploads\/2024\/07\/WhatsApp-Image-2024-07-16-at-10.10.19.jpeg 1600w, https:\/\/www.proeibandes.org\/wp-content\/uploads\/2024\/07\/WhatsApp-Image-2024-07-16-at-10.10.19-300x169.jpeg 300w, https:\/\/www.proeibandes.org\/wp-content\/uploads\/2024\/07\/WhatsApp-Image-2024-07-16-at-10.10.19-1024x575.jpeg 1024w, https:\/\/www.proeibandes.org\/wp-content\/uploads\/2024\/07\/WhatsApp-Image-2024-07-16-at-10.10.19-768x432.jpeg 768w, https:\/\/www.proeibandes.org\/wp-content\/uploads\/2024\/07\/WhatsApp-Image-2024-07-16-at-10.10.19-1536x863.jpeg 1536w\" sizes=\"(max-width: 1600px) 100vw, 1600px\" \/><\/span><\/figure><\/div>\n\n\n\n<div class=\"wp-block-stackable-button-group stk-block-button-group stk-block stk-fa7d75e\" data-block-id=\"fa7d75e\"><div class=\"stk-row stk-inner-blocks stk-block-content stk-button-group\">\n<div class=\"wp-block-stackable-button stk-block-button stk-block stk-061be3d\" data-block-id=\"061be3d\"><style>@media screen and (max-width:689px){.stk-061be3d .stk-button__inner-text{font-size:14px !important}}<\/style><a class=\"stk-link stk-button stk--hover-effect-darken\" href=\"https:\/\/www.youtube.com\/live\/-cYe21YBJE0?si=AyyOOwiLR9FVWSpK\" target=\"_blank\" rel=\"noreferrer noopener\"><span class=\"stk-button__inner-text\">Ver d\u00eda 1 del seminario<\/span><\/a><\/div>\n<\/div><\/div>\n<\/div><\/div><\/div>\n\n\n\n<div class=\"wp-block-stackable-spacer stk-block-spacer stk--no-padding stk-block stk-da1aae2\" data-block-id=\"da1aae2\"><\/div>\n\n\n\n<div class=\"wp-block-stackable-heading stk-block-heading stk-block-heading--v2 stk-block stk-d33a2c0\" id=\"dia-2\" data-block-id=\"d33a2c0\"><style>@media screen and (max-width:689px){.stk-d33a2c0 .stk-block-heading__text{font-size:30px !important}}<\/style><h2 class=\"stk-block-heading__text\">D\u00eda 2<\/h2><\/div>\n\n\n\n<ul style=\"font-size:14px\" class=\"wp-block-list\">\n<li><strong>Una lectura alternativa del concepto de inclusi\u00f3n. El concepto boliviano de comunidad con calidad de vida.<\/strong> Nelson Antequera, Cochabamba<\/li>\n\n\n\n<li><strong>Almitas milagrosas. Territorialidades del amparo y din\u00e1micas del Vivir Bien en la regi\u00f3n metropolitana de Cochabamba. <\/strong>Lourdes Saavedra, Cochabamba<\/li>\n\n\n\n<li><strong>Aspectos est\u00e9ticos de una concepci\u00f3n alternativa de la naturaleza.<\/strong> Werther Gonzales, Jena<\/li>\n\n\n\n<li><strong>La Resonancia como par\u00e1metro de la Vida Buena en la Teor\u00eda Cr\u00edtica fenomenol\u00f3gica de Hartmut Rosa.<\/strong> Alexis Gros, Jena<\/li>\n\n\n\n<li><strong>Antes de morir, yo quiero bailar en el Carnaval. Zonas Temporalmente Aut\u00f3nomas para Criar la Vida.<\/strong> Juan Lara, Cochabamba<\/li>\n\n\n\n<li><strong>Descolonizando el Estado. Una etnograf\u00eda del Vivir Bien como pol\u00edtica p\u00fablica y pr\u00e1ctica burocr\u00e1tica disputadas.<\/strong> Eija Ranta, Helsinki<\/li>\n<\/ul>\n\n\n\n<div class=\"wp-block-stackable-call-to-action stk-block-call-to-action stk-block stk-d7b1347 stk-block-background is-style-default\" data-v=\"2\" data-block-id=\"d7b1347\"><style>.stk-d7b1347{background-color:var(--theme-palette-color-5,#edeff2) !important}.stk-d7b1347:before{background-color:var(--theme-palette-color-5,#edeff2) !important}<\/style><div class=\"stk-block-call-to-action__content stk-content-align stk-d7b1347-column stk-container stk-d7b1347-container stk-hover-parent\"><div class=\"has-text-align-center stk-block-content stk-inner-blocks stk-d7b1347-inner-blocks\">\n<div class=\"wp-block-stackable-image stk-block-image stk-block stk-c72e332\" data-block-id=\"c72e332\"><style>.stk-c72e332 .stk-img-wrapper{width:80% !important}<\/style><figure><span class=\"stk-img-wrapper stk-image--shape-stretch\"><img loading=\"lazy\" decoding=\"async\" class=\"stk-img wp-image-1737\" src=\"http:\/\/www.proeibandes.org\/wp-content\/uploads\/2024\/07\/WhatsApp-Image-2024-07-16-at-10.10.19.jpeg\" width=\"1600\" height=\"899\" srcset=\"https:\/\/www.proeibandes.org\/wp-content\/uploads\/2024\/07\/WhatsApp-Image-2024-07-16-at-10.10.19.jpeg 1600w, https:\/\/www.proeibandes.org\/wp-content\/uploads\/2024\/07\/WhatsApp-Image-2024-07-16-at-10.10.19-300x169.jpeg 300w, https:\/\/www.proeibandes.org\/wp-content\/uploads\/2024\/07\/WhatsApp-Image-2024-07-16-at-10.10.19-1024x575.jpeg 1024w, https:\/\/www.proeibandes.org\/wp-content\/uploads\/2024\/07\/WhatsApp-Image-2024-07-16-at-10.10.19-768x432.jpeg 768w, https:\/\/www.proeibandes.org\/wp-content\/uploads\/2024\/07\/WhatsApp-Image-2024-07-16-at-10.10.19-1536x863.jpeg 1536w\" sizes=\"(max-width: 1600px) 100vw, 1600px\" \/><\/span><\/figure><\/div>\n\n\n\n<div class=\"wp-block-stackable-button-group stk-block-button-group stk-block stk-4054ccb\" data-block-id=\"4054ccb\"><div class=\"stk-row stk-inner-blocks stk-block-content stk-button-group\">\n<div class=\"wp-block-stackable-button stk-block-button stk-block stk-1540168\" data-block-id=\"1540168\"><style>@media screen and (max-width:689px){.stk-1540168 .stk-button__inner-text{font-size:14px !important}}<\/style><a class=\"stk-link stk-button stk--hover-effect-darken\" href=\"https:\/\/www.youtube.com\/live\/FygNiZ_Nq-0?si=tLeMcNQec8uqiQHc\" target=\"_blank\" rel=\"noreferrer noopener\"><span class=\"stk-button__inner-text\">Ver d\u00eda 2 del seminario<\/span><\/a><\/div>\n<\/div><\/div>\n<\/div><\/div><\/div>\n\n\n\n<div class=\"wp-block-stackable-spacer stk-block-spacer stk--no-padding stk-block stk-3c5b8ff\" data-block-id=\"3c5b8ff\"><\/div>\n\n\n\n<div class=\"wp-block-stackable-heading stk-block-heading stk-block-heading--v2 stk-block stk-2db7695\" id=\"dia-3\" data-block-id=\"2db7695\"><h2 class=\"stk-block-heading__text\">D\u00eda 3<\/h2><\/div>\n\n\n\n<ul style=\"font-size:14px\" class=\"wp-block-list\">\n<li><strong>La Sociedad Resonante. \u00bfUna Nueva Concepci\u00f3n para el Vivir Bien?<\/strong> Hartmut Rosa, Jena<\/li>\n\n\n\n<li><strong>Otro Ser-en-el-mundo es Posible. Imaginarios y proyectos del Vivir Bien en la India.<\/strong> Antje Linkenbach, Erfurt<\/li>\n\n\n\n<li><strong>El Buen Vivir en alem\u00e1n. C\u00f3mo un concepto andino influye el movimiento de justicia clim\u00e1tica y decrecimiento en Alemania.<\/strong> Phillipp Altmann \/ Timmo Kr\u00fcger, Quito \/ Weimar<\/li>\n\n\n\n<li><strong>Interactuar con no-humanos para poder vivir bien. Estrategias modernas de camioneros del Occidente boliviano.<\/strong> Manuel Moser, Erfurt<\/li>\n\n\n\n<li><strong>\u00bfVivir bien con enredamientos agotados?<\/strong> Kilian J\u00f6rg, Berlin<\/li>\n\n\n\n<li><strong>\u00bfPrecondici\u00f3n del Buen Vivir? Sobre la afinidad electiva entre autonom\u00eda pol\u00edtica y resonancia.<\/strong> Lukas Meisner, Erfurt<\/li>\n<\/ul>\n\n\n\n<div class=\"wp-block-stackable-call-to-action stk-block-call-to-action stk-block stk-333bd7f stk-block-background is-style-default\" data-v=\"2\" data-block-id=\"333bd7f\"><style>.stk-333bd7f{background-color:var(--theme-palette-color-5,#edeff2) !important}.stk-333bd7f:before{background-color:var(--theme-palette-color-5,#edeff2) !important}<\/style><div class=\"stk-block-call-to-action__content stk-content-align stk-333bd7f-column stk-container stk-333bd7f-container stk-hover-parent\"><div class=\"has-text-align-center stk-block-content stk-inner-blocks stk-333bd7f-inner-blocks\">\n<div class=\"wp-block-stackable-image stk-block-image stk-block stk-f8c0ddc\" data-block-id=\"f8c0ddc\"><style>.stk-f8c0ddc .stk-img-wrapper{width:80% !important}<\/style><figure><span class=\"stk-img-wrapper stk-image--shape-stretch\"><img loading=\"lazy\" decoding=\"async\" class=\"stk-img wp-image-1737\" src=\"http:\/\/www.proeibandes.org\/wp-content\/uploads\/2024\/07\/WhatsApp-Image-2024-07-16-at-10.10.19.jpeg\" width=\"1600\" height=\"899\" srcset=\"https:\/\/www.proeibandes.org\/wp-content\/uploads\/2024\/07\/WhatsApp-Image-2024-07-16-at-10.10.19.jpeg 1600w, https:\/\/www.proeibandes.org\/wp-content\/uploads\/2024\/07\/WhatsApp-Image-2024-07-16-at-10.10.19-300x169.jpeg 300w, https:\/\/www.proeibandes.org\/wp-content\/uploads\/2024\/07\/WhatsApp-Image-2024-07-16-at-10.10.19-1024x575.jpeg 1024w, https:\/\/www.proeibandes.org\/wp-content\/uploads\/2024\/07\/WhatsApp-Image-2024-07-16-at-10.10.19-768x432.jpeg 768w, https:\/\/www.proeibandes.org\/wp-content\/uploads\/2024\/07\/WhatsApp-Image-2024-07-16-at-10.10.19-1536x863.jpeg 1536w\" sizes=\"(max-width: 1600px) 100vw, 1600px\" \/><\/span><\/figure><\/div>\n\n\n\n<div class=\"wp-block-stackable-button-group stk-block-button-group stk-block stk-77a5276\" data-block-id=\"77a5276\"><div class=\"stk-row stk-inner-blocks stk-block-content stk-button-group\">\n<div class=\"wp-block-stackable-button stk-block-button stk-block stk-60e07ef\" data-block-id=\"60e07ef\"><style>@media screen and (max-width:689px){.stk-60e07ef .stk-button__inner-text{font-size:14px !important}}<\/style><a class=\"stk-link stk-button stk--hover-effect-darken\" href=\"https:\/\/www.youtube.com\/live\/YN6v-oXogOw?si=VtqVZqH1HMR_MmHy\" target=\"_blank\" rel=\"noreferrer noopener\"><span class=\"stk-button__inner-text\">Ver d\u00eda 3 del seminario<\/span><\/a><\/div>\n<\/div><\/div>\n<\/div><\/div><\/div>\n\n\n\n<div class=\"wp-block-stackable-spacer stk-block-spacer stk--no-padding stk-block stk-845f459\" data-block-id=\"845f459\"><\/div>\n\n\n\n<div class=\"wp-block-stackable-heading stk-block-heading stk-block-heading--v2 stk-block stk-b867156\" id=\"dia-4\" data-block-id=\"b867156\"><style>@media screen and (max-width:689px){.stk-b867156 .stk-block-heading__text{font-size:30px !important}}<\/style><h2 class=\"stk-block-heading__text\">D\u00eda 4<\/h2><\/div>\n\n\n\n<ul style=\"font-size:14px\" class=\"wp-block-list\">\n<li><strong>El Nosotros contra Ellos del Vivir Bien. El trauma colectivo de Bolivia como generador de explotaci\u00f3n humano y no\/humano.<\/strong> Manuel Rocha, Cochabamba<\/li>\n\n\n\n<li><strong>Resonando con, acerca y a trav\u00e9s de la m\u00fasica. Reflexiones en torno a la conexi\u00f3n entre Bildung y la experiencia de resonancia en las clases de m\u00fasica.<\/strong> Seraphim Schirrmacher, Erfurt<\/li>\n\n\n\n<li><strong>La educaci\u00f3n dentro el Suma Qama\u00f1a en Bolivia y dentro la pedagog\u00eda Steiner en Suecia. Una comparaci\u00f3n breve.<\/strong> Adolfo Suarez, G\u00f6teborg<\/li>\n\n\n\n<li><strong>Sumak Kawsay\/Suma Qama\u00f1a (Buen Vivir) y Sociolog\u00eda de la Vida Buena. Apuntes para iniciar un di\u00e1logo.<\/strong> J. Fernando Galindo, Cochabamba<\/li>\n<\/ul>\n\n\n\n<div class=\"wp-block-stackable-call-to-action stk-block-call-to-action stk-block stk-7588667 stk-block-background is-style-default\" data-v=\"2\" data-block-id=\"7588667\"><style>.stk-7588667{background-color:var(--theme-palette-color-5,#edeff2) !important}.stk-7588667:before{background-color:var(--theme-palette-color-5,#edeff2) !important}<\/style><div class=\"stk-block-call-to-action__content stk-content-align stk-7588667-column stk-container stk-7588667-container stk-hover-parent\"><div class=\"has-text-align-center stk-block-content stk-inner-blocks stk-7588667-inner-blocks\">\n<div class=\"wp-block-stackable-image stk-block-image stk-block stk-69cff79\" data-block-id=\"69cff79\"><style>.stk-69cff79 .stk-img-wrapper{width:80% !important}<\/style><figure><span class=\"stk-img-wrapper stk-image--shape-stretch\"><img loading=\"lazy\" decoding=\"async\" class=\"stk-img wp-image-1737\" src=\"http:\/\/www.proeibandes.org\/wp-content\/uploads\/2024\/07\/WhatsApp-Image-2024-07-16-at-10.10.19.jpeg\" width=\"1600\" height=\"899\" srcset=\"https:\/\/www.proeibandes.org\/wp-content\/uploads\/2024\/07\/WhatsApp-Image-2024-07-16-at-10.10.19.jpeg 1600w, https:\/\/www.proeibandes.org\/wp-content\/uploads\/2024\/07\/WhatsApp-Image-2024-07-16-at-10.10.19-300x169.jpeg 300w, https:\/\/www.proeibandes.org\/wp-content\/uploads\/2024\/07\/WhatsApp-Image-2024-07-16-at-10.10.19-1024x575.jpeg 1024w, https:\/\/www.proeibandes.org\/wp-content\/uploads\/2024\/07\/WhatsApp-Image-2024-07-16-at-10.10.19-768x432.jpeg 768w, https:\/\/www.proeibandes.org\/wp-content\/uploads\/2024\/07\/WhatsApp-Image-2024-07-16-at-10.10.19-1536x863.jpeg 1536w\" sizes=\"(max-width: 1600px) 100vw, 1600px\" \/><\/span><\/figure><\/div>\n\n\n\n<div class=\"wp-block-stackable-button-group stk-block-button-group stk-block stk-88ab1bc\" data-block-id=\"88ab1bc\"><div class=\"stk-row stk-inner-blocks stk-block-content stk-button-group\">\n<div class=\"wp-block-stackable-button stk-block-button stk-block stk-744998e\" data-block-id=\"744998e\"><style>@media screen and (max-width:689px){.stk-744998e .stk-button__inner-text{font-size:14px !important}}<\/style><a class=\"stk-link stk-button stk--hover-effect-darken\" href=\"https:\/\/www.youtube.com\/live\/3l9AwuVysF8?si=Dh0DbARcMJ6z1zUV\" target=\"_blank\" rel=\"noreferrer noopener\"><span class=\"stk-button__inner-text\">Ver d\u00eda 4 del seminario<\/span><\/a><\/div>\n<\/div><\/div>\n<\/div><\/div><\/div>\n\n\n\n<div class=\"wp-block-stackable-spacer stk-block-spacer stk--no-padding stk-block stk-26a4da3\" data-block-id=\"26a4da3\"><\/div>\n","protected":false},"excerpt":{"rendered":"<p>El Vivir bien es una idea que ha sido analizada por diversas corrientes, las principales la de Sumak Kawsay de los pueblos andinos y la elaborada por la teor\u00eda de la resonancia del soci\u00f3logo alem\u00e1n Hartmut Rosa. Sin embargo, a la fecha no se hab\u00eda establecido un di\u00e1logo entre las dos perspectivas y esta conferencia [&hellip;]<\/p>\n","protected":false},"author":2,"featured_media":0,"parent":0,"menu_order":0,"comment_status":"closed","ping_status":"closed","template":"","meta":{"footnotes":""},"class_list":["post-1736","page","type-page","status-publish","hentry"],"blocksy_meta":[],"_links":{"self":[{"href":"https:\/\/www.proeibandes.org\/index.php?rest_route=\/wp\/v2\/pages\/1736"}],"collection":[{"href":"https:\/\/www.proeibandes.org\/index.php?rest_route=\/wp\/v2\/pages"}],"about":[{"href":"https:\/\/www.proeibandes.org\/index.php?rest_route=\/wp\/v2\/types\/page"}],"author":[{"embeddable":true,"href":"https:\/\/www.proeibandes.org\/index.php?rest_route=\/wp\/v2\/users\/2"}],"replies":[{"embeddable":true,"href":"https:\/\/www.proeibandes.org\/index.php?rest_route=%2Fwp%2Fv2%2Fcomments&post=1736"}],"version-history":[{"count":4,"href":"https:\/\/www.proeibandes.org\/index.php?rest_route=\/wp\/v2\/pages\/1736\/revisions"}],"predecessor-version":[{"id":1783,"href":"https:\/\/www.proeibandes.org\/index.php?rest_route=\/wp\/v2\/pages\/1736\/revisions\/1783"}],"wp:attachment":[{"href":"https:\/\/www.proeibandes.org\/index.php?rest_route=%2Fwp%2Fv2%2Fmedia&parent=1736"}],"curies":[{"name":"wp","href":"https:\/\/api.w.org\/{rel}","templated":true}]}}