{"id":1965,"date":"2024-12-30T08:47:42","date_gmt":"2024-12-30T12:47:42","guid":{"rendered":"https:\/\/www.proeibandes.org\/?page_id=1965"},"modified":"2025-06-11T10:42:25","modified_gmt":"2025-06-11T14:42:25","slug":"informe-de-investigacion-2024","status":"publish","type":"page","link":"https:\/\/www.proeibandes.org\/?page_id=1965","title":{"rendered":"Informes audiovisuales 2024"},"content":{"rendered":"\n<div class=\"wp-block-stackable-spacer stk-block-spacer stk--no-padding stk-block stk-61477ad\" data-block-id=\"61477ad\"><\/div>\n\n\n\n<div class=\"wp-block-stackable-columns stk-block-columns stk-block stk-2c3c4a5\" data-block-id=\"2c3c4a5\"><div class=\"stk-row stk-inner-blocks stk-block-content stk-content-align stk-2c3c4a5-column\">\n<div class=\"wp-block-stackable-column stk-block-column stk-column stk-block stk-2342492\" data-v=\"4\" data-block-id=\"2342492\"><div class=\"stk-column-wrapper stk-block-column__content stk-container stk-2342492-container stk--no-background stk--no-padding\"><div class=\"stk-block-content stk-inner-blocks stk-2342492-inner-blocks\">\n<div class=\"wp-block-stackable-spacer stk-block-spacer stk--no-padding stk-block stk-67df2ab\" data-block-id=\"67df2ab\"><style>.stk-67df2ab {height:75px !important;}<\/style><\/div>\n\n\n\n<div class=\"wp-block-stackable-heading stk-block-heading stk-block-heading--v2 stk-block stk-ecc80db\" id=\"informe-marina-arratia\" data-block-id=\"ecc80db\"><h2 class=\"stk-block-heading__text has-text-align-center\">Informe Marina Arratia<\/h2><\/div>\n\n\n\n<p class=\"has-text-align-center\">\u201cRepresentaciones sobre el medio ambiente natural de ni\u00f1os y adolescentes que viven en diferentes contextos urbanos-rurales de Bolivia\u201d<\/p>\n\n\n\n<div class=\"wp-block-stackable-button-group stk-block-button-group stk-block stk-80a80f4\" data-block-id=\"80a80f4\"><style>.stk-80a80f4 .stk-button-group{flex-direction:row !important;}@media screen and (max-width:999px){.stk-80a80f4 .stk-button-group{flex-direction:row !important;}}@media screen and (max-width:689px){.stk-80a80f4 .stk-button-group{flex-direction:row !important;}}<\/style><div class=\"stk-row stk-inner-blocks has-text-align-center stk-block-content stk-button-group\">\n<div class=\"wp-block-stackable-button stk-block-button has-text-align-center stk-block stk-1148e73\" data-block-id=\"1148e73\"><a class=\"stk-link stk-button stk--hover-effect-darken\" href=\"https:\/\/youtube.com\/playlist?list=PLF-ndp4v6Y1i_PoJmeEExZvAPPKWcpRO7&amp;si=xobhMFcoqqAztDid\" target=\"_blank\" rel=\"noreferrer noopener\"><span class=\"stk-button__inner-text\">Ver playlist completa<\/span><\/a><\/div>\n<\/div><\/div>\n<\/div><\/div><\/div>\n\n\n\n<div class=\"wp-block-stackable-column stk-block-column stk-column stk-block stk-d22546f\" data-v=\"4\" data-block-id=\"d22546f\"><div class=\"stk-column-wrapper stk-block-column__content stk-container stk-d22546f-container stk--no-background stk--no-padding\"><div class=\"stk-block-content stk-inner-blocks stk-d22546f-inner-blocks\">\n<figure class=\"wp-block-embed is-type-video is-provider-youtube wp-block-embed-youtube wp-embed-aspect-16-9 wp-has-aspect-ratio\"><div class=\"wp-block-embed__wrapper\">\n<iframe loading=\"lazy\" title=\"INVESTIGACIONES 2024 CI PROEIB ANDES - MARINA ARRATIA\" width=\"1400\" height=\"788\" src=\"https:\/\/www.youtube.com\/embed\/AISndX_S06U?feature=oembed\" frameborder=\"0\" allow=\"accelerometer; autoplay; clipboard-write; encrypted-media; gyroscope; picture-in-picture; web-share\" referrerpolicy=\"strict-origin-when-cross-origin\" allowfullscreen><\/iframe>\n<\/div><\/figure>\n<\/div><\/div><\/div>\n<\/div><\/div>\n\n\n\n<div class=\"wp-block-stackable-spacer stk-block-spacer stk--no-padding stk-block stk-30ed3a5\" data-block-id=\"30ed3a5\"><\/div>\n\n\n\n<div class=\"wp-block-stackable-columns stk-block-columns stk-block stk-d8e48ea\" data-block-id=\"d8e48ea\"><div class=\"stk-row stk-inner-blocks stk-block-content stk-content-align stk-d8e48ea-column\">\n<div class=\"wp-block-stackable-column stk-block-column stk-column stk-block stk-757c0a0\" data-v=\"4\" data-block-id=\"757c0a0\"><div class=\"stk-column-wrapper stk-block-column__content stk-container stk-757c0a0-container stk--no-background stk--no-padding\"><div class=\"stk-block-content stk-inner-blocks stk-757c0a0-inner-blocks\">\n<div class=\"wp-block-stackable-spacer stk-block-spacer stk--no-padding stk-block stk-7997b64\" data-block-id=\"7997b64\"><style>.stk-7997b64 {height:73px !important;}<\/style><\/div>\n\n\n\n<div class=\"wp-block-stackable-heading stk-block-heading stk-block-heading--v2 stk-block stk-b5af7bf\" id=\"informe-vicente-limachi\" data-block-id=\"b5af7bf\"><h2 class=\"stk-block-heading__text has-text-align-center\">Informe Vicente Limachi<\/h2><\/div>\n\n\n\n<p class=\"has-text-align-center\">\u201cDesarrollo de la conciencia ecol\u00f3gica en estudiantes de nivel secundario en Cochabamba\u201d<\/p>\n\n\n\n<div class=\"wp-block-stackable-button-group stk-block-button-group stk-block stk-8a2579e\" data-block-id=\"8a2579e\"><style>.stk-8a2579e .stk-button-group{flex-direction:row !important;}@media screen and (max-width:999px){.stk-8a2579e .stk-button-group{flex-direction:row !important;}}@media screen and (max-width:689px){.stk-8a2579e .stk-button-group{flex-direction:row !important;}}<\/style><div class=\"stk-row stk-inner-blocks has-text-align-center stk-block-content stk-button-group\">\n<div class=\"wp-block-stackable-button stk-block-button stk-block stk-39b2a49\" data-block-id=\"39b2a49\"><a class=\"stk-link stk-button stk--hover-effect-darken\" href=\"https:\/\/youtube.com\/playlist?list=PLF-ndp4v6Y1i_PoJmeEExZvAPPKWcpRO7&amp;si=xobhMFcoqqAztDid\" target=\"_blank\" rel=\"noreferrer noopener\"><span class=\"stk-button__inner-text\">Ver playlist completa<\/span><\/a><\/div>\n<\/div><\/div>\n<\/div><\/div><\/div>\n\n\n\n<div class=\"wp-block-stackable-column stk-block-column stk-column stk-block stk-a6ffb0b\" data-v=\"4\" data-block-id=\"a6ffb0b\"><div class=\"stk-column-wrapper stk-block-column__content stk-container stk-a6ffb0b-container stk--no-background stk--no-padding\"><div class=\"stk-block-content stk-inner-blocks stk-a6ffb0b-inner-blocks\">\n<figure class=\"wp-block-embed is-type-video is-provider-youtube wp-block-embed-youtube wp-embed-aspect-16-9 wp-has-aspect-ratio\"><div class=\"wp-block-embed__wrapper\">\n<iframe loading=\"lazy\" title=\"INVESTIGACIONES 2024 CI PROEIB ANDES - VICENTE LIMACHI\" width=\"1400\" height=\"788\" src=\"https:\/\/www.youtube.com\/embed\/7kFZ30v-K2A?feature=oembed\" frameborder=\"0\" allow=\"accelerometer; autoplay; clipboard-write; encrypted-media; gyroscope; picture-in-picture; web-share\" referrerpolicy=\"strict-origin-when-cross-origin\" allowfullscreen><\/iframe>\n<\/div><\/figure>\n<\/div><\/div><\/div>\n<\/div><\/div>\n\n\n\n<div class=\"wp-block-stackable-spacer stk-block-spacer stk--no-padding stk-block stk-eff75e7\" data-block-id=\"eff75e7\"><\/div>\n\n\n\n<div class=\"wp-block-stackable-columns stk-block-columns stk-block stk-da1b246\" data-block-id=\"da1b246\"><div class=\"stk-row stk-inner-blocks stk-block-content stk-content-align stk-da1b246-column\">\n<div class=\"wp-block-stackable-column stk-block-column stk-column stk-block stk-45820cc\" data-v=\"4\" data-block-id=\"45820cc\"><div class=\"stk-column-wrapper stk-block-column__content stk-container stk-45820cc-container stk--no-background stk--no-padding\"><div class=\"stk-block-content stk-inner-blocks stk-45820cc-inner-blocks\">\n<div class=\"wp-block-stackable-spacer stk-block-spacer stk--no-padding stk-block stk-fb924b3\" data-block-id=\"fb924b3\"><style>.stk-fb924b3 {height:77px !important;}<\/style><\/div>\n\n\n\n<div class=\"wp-block-stackable-heading stk-block-heading stk-block-heading--v2 stk-block stk-7bc16b2\" id=\"informe-adalino-delgado\" data-block-id=\"7bc16b2\"><h2 class=\"stk-block-heading__text has-text-align-center\">Informe Adalino Delgado<\/h2><\/div>\n\n\n\n<p class=\"has-text-align-center\">\u201cLos espacios socioambientales y socioecol\u00f3gicos: Estudio realizado en la Comunidad de Sirpita y el Valle Bajo de Cochabamba\u201d<\/p>\n\n\n\n<div class=\"wp-block-stackable-button-group stk-block-button-group stk-block stk-95247ab\" data-block-id=\"95247ab\"><style>.stk-95247ab .stk-button-group{flex-direction:row !important;}@media screen and (max-width:999px){.stk-95247ab .stk-button-group{flex-direction:row !important;}}@media screen and (max-width:689px){.stk-95247ab .stk-button-group{flex-direction:row !important;}}<\/style><div class=\"stk-row stk-inner-blocks has-text-align-center stk-block-content stk-button-group\">\n<div class=\"wp-block-stackable-button stk-block-button stk-block stk-4e46c9a\" data-block-id=\"4e46c9a\"><style>.stk-4e46c9a {align-items:flex-start !important;display:flex !important;}<\/style><a class=\"stk-link stk-button stk--hover-effect-darken\" href=\"https:\/\/www.youtube.com\/playlist?list=PLF-ndp4v6Y1i_PoJmeEExZvAPPKWcpRO7\" target=\"_blank\" rel=\"noreferrer noopener\"><span class=\"stk-button__inner-text\">Ver playlist completa<\/span><\/a><\/div>\n<\/div><\/div>\n<\/div><\/div><\/div>\n\n\n\n<div class=\"wp-block-stackable-column stk-block-column stk-column stk-block stk-371a137\" data-v=\"4\" data-block-id=\"371a137\"><div class=\"stk-column-wrapper stk-block-column__content stk-container stk-371a137-container stk--no-background stk--no-padding\"><div class=\"stk-block-content stk-inner-blocks stk-371a137-inner-blocks\">\n<figure class=\"wp-block-embed is-type-video is-provider-youtube wp-block-embed-youtube wp-embed-aspect-16-9 wp-has-aspect-ratio\"><div class=\"wp-block-embed__wrapper\">\n<iframe loading=\"lazy\" title=\"INVESTIGACIONES 2024 CI PROEIB ANDES - ADALINO DELGADO\" width=\"1400\" height=\"788\" src=\"https:\/\/www.youtube.com\/embed\/oMjHLImc8JE?feature=oembed\" frameborder=\"0\" allow=\"accelerometer; autoplay; clipboard-write; encrypted-media; gyroscope; picture-in-picture; web-share\" referrerpolicy=\"strict-origin-when-cross-origin\" allowfullscreen><\/iframe>\n<\/div><\/figure>\n<\/div><\/div><\/div>\n<\/div><\/div>\n\n\n\n<div class=\"wp-block-stackable-spacer stk-block-spacer stk--no-padding stk-block stk-0d7aa07\" data-block-id=\"0d7aa07\"><\/div>\n\n\n\n<p><\/p>\n\n\n\n<div class=\"wp-block-stackable-columns stk-block-columns stk-block stk-5f262a7\" data-block-id=\"5f262a7\"><div class=\"stk-row stk-inner-blocks stk-block-content stk-content-align stk-5f262a7-column\">\n<div class=\"wp-block-stackable-column stk-block-column stk-column stk-block stk-d87baf5\" data-v=\"4\" data-block-id=\"d87baf5\"><div class=\"stk-column-wrapper stk-block-column__content stk-container stk-d87baf5-container stk--no-background stk--no-padding\"><div class=\"stk-block-content stk-inner-blocks stk-d87baf5-inner-blocks\">\n<div class=\"wp-block-stackable-spacer stk-block-spacer stk--no-padding stk-block stk-4fc1314\" data-block-id=\"4fc1314\"><style>.stk-4fc1314 {height:78px !important;}<\/style><\/div>\n\n\n\n<div class=\"wp-block-stackable-heading stk-block-heading stk-block-heading--v2 stk-block stk-8a121ec\" id=\"informe-fernando-galindo\" data-block-id=\"8a121ec\"><h2 class=\"stk-block-heading__text has-text-align-center\">Informe Fernando Galindo<\/h2><\/div>\n\n\n\n<p class=\"has-text-align-center\">\u00abDerechos hidro territoriales y desarrollo rural sostenible en el Sur Global\u00bb<\/p>\n\n\n\n<div class=\"wp-block-stackable-button-group stk-block-button-group stk-block stk-e8f572f\" data-block-id=\"e8f572f\"><style>.stk-e8f572f .stk-button-group{flex-direction:row !important;}@media screen and (max-width:999px){.stk-e8f572f .stk-button-group{flex-direction:row !important;}}@media screen and (max-width:689px){.stk-e8f572f .stk-button-group{flex-direction:row !important;}}<\/style><div class=\"stk-row stk-inner-blocks has-text-align-center stk-block-content stk-button-group\">\n<div class=\"wp-block-stackable-button stk-block-button stk-block stk-0e0d0c4\" data-block-id=\"0e0d0c4\"><a class=\"stk-link stk-button stk--hover-effect-darken\" href=\"https:\/\/www.youtube.com\/playlist?list=PLF-ndp4v6Y1i_PoJmeEExZvAPPKWcpRO7\" target=\"_blank\" rel=\"noreferrer noopener\"><span class=\"stk-button__inner-text\">Ver playlist completa<\/span><\/a><\/div>\n<\/div><\/div>\n<\/div><\/div><\/div>\n\n\n\n<div class=\"wp-block-stackable-column stk-block-column stk-column stk-block stk-1f74205\" data-v=\"4\" data-block-id=\"1f74205\"><div class=\"stk-column-wrapper stk-block-column__content stk-container stk-1f74205-container stk--no-background stk--no-padding\"><div class=\"stk-block-content stk-inner-blocks stk-1f74205-inner-blocks\">\n<figure class=\"wp-block-embed is-type-video is-provider-youtube wp-block-embed-youtube wp-embed-aspect-16-9 wp-has-aspect-ratio\"><div class=\"wp-block-embed__wrapper\">\n<iframe loading=\"lazy\" title=\"INVESTIGACIONES 2024 CI PROEIB ANDES - FERNANDO GALINDO\" width=\"1400\" height=\"788\" src=\"https:\/\/www.youtube.com\/embed\/CoqxViIgzuE?feature=oembed\" frameborder=\"0\" allow=\"accelerometer; autoplay; clipboard-write; encrypted-media; gyroscope; picture-in-picture; web-share\" referrerpolicy=\"strict-origin-when-cross-origin\" allowfullscreen><\/iframe>\n<\/div><\/figure>\n<\/div><\/div><\/div>\n<\/div><\/div>\n\n\n\n<div class=\"wp-block-stackable-spacer stk-block-spacer stk--no-padding stk-block stk-aee219c\" data-block-id=\"aee219c\"><\/div>\n\n\n\n<div class=\"wp-block-stackable-columns stk-block-columns stk-block stk-64bbd25\" data-block-id=\"64bbd25\"><div class=\"stk-row stk-inner-blocks stk-block-content stk-content-align stk-64bbd25-column\">\n<div class=\"wp-block-stackable-column stk-block-column stk-column stk-block stk-054a372\" data-v=\"4\" data-block-id=\"054a372\"><div class=\"stk-column-wrapper stk-block-column__content stk-container stk-054a372-container stk--no-background stk--no-padding\"><div class=\"stk-block-content stk-inner-blocks stk-054a372-inner-blocks\">\n<div class=\"wp-block-stackable-spacer stk-block-spacer stk--no-padding stk-block stk-9528054\" data-block-id=\"9528054\"><style>.stk-9528054 {height:87px !important;}<\/style><\/div>\n\n\n\n<div class=\"wp-block-stackable-heading stk-block-heading stk-block-heading--v2 stk-block stk-54e8985\" id=\"informe-pedro-plaza\" data-block-id=\"54e8985\"><h2 class=\"stk-block-heading__text has-text-align-center\">Informe Pedro Plaza<\/h2><\/div>\n\n\n\n<p class=\"has-text-align-center\">\u00abUsos y abusos del agua en Cochabamba, 2023-2024\u00bb<\/p>\n\n\n\n<div class=\"wp-block-stackable-button-group stk-block-button-group stk-block stk-244f91c\" data-block-id=\"244f91c\"><style>.stk-244f91c .stk-button-group{flex-direction:row !important;}@media screen and (max-width:999px){.stk-244f91c .stk-button-group{flex-direction:row !important;}}@media screen and (max-width:689px){.stk-244f91c .stk-button-group{flex-direction:row !important;}}<\/style><div class=\"stk-row stk-inner-blocks has-text-align-center stk-block-content stk-button-group\">\n<div class=\"wp-block-stackable-button stk-block-button stk-block stk-af6f359\" data-block-id=\"af6f359\"><a class=\"stk-link stk-button stk--hover-effect-darken\" href=\"https:\/\/www.youtube.com\/playlist?list=PLF-ndp4v6Y1i_PoJmeEExZvAPPKWcpRO7\" target=\"_blank\" rel=\"noreferrer noopener\"><span class=\"stk-button__inner-text\">Ver playlist completa<\/span><\/a><\/div>\n<\/div><\/div>\n<\/div><\/div><\/div>\n\n\n\n<div class=\"wp-block-stackable-column stk-block-column stk-column stk-block stk-0269e1c\" data-v=\"4\" data-block-id=\"0269e1c\"><div class=\"stk-column-wrapper stk-block-column__content stk-container stk-0269e1c-container stk--no-background stk--no-padding\"><div class=\"stk-block-content stk-inner-blocks stk-0269e1c-inner-blocks\">\n<figure class=\"wp-block-embed is-type-video is-provider-youtube wp-block-embed-youtube wp-embed-aspect-16-9 wp-has-aspect-ratio\"><div class=\"wp-block-embed__wrapper\">\n<iframe loading=\"lazy\" title=\"INVESTIGACIONES 2024 CI PROEIB ANDES - PEDRO PLAZA\" width=\"1400\" height=\"788\" src=\"https:\/\/www.youtube.com\/embed\/vJCTEJrmNcQ?feature=oembed\" frameborder=\"0\" allow=\"accelerometer; autoplay; clipboard-write; encrypted-media; gyroscope; picture-in-picture; web-share\" referrerpolicy=\"strict-origin-when-cross-origin\" allowfullscreen><\/iframe>\n<\/div><\/figure>\n<\/div><\/div><\/div>\n<\/div><\/div>\n\n\n\n<div class=\"wp-block-stackable-spacer stk-block-spacer stk--no-padding stk-block stk-7b7d69b\" data-block-id=\"7b7d69b\"><\/div>\n\n\n\n<div class=\"wp-block-stackable-columns stk-block-columns stk-block stk-bc620fb\" data-block-id=\"bc620fb\"><div class=\"stk-row stk-inner-blocks stk-block-content stk-content-align stk-bc620fb-column\">\n<div class=\"wp-block-stackable-column stk-block-column stk-column stk-block stk-2ceae19\" data-v=\"4\" data-block-id=\"2ceae19\"><div class=\"stk-column-wrapper stk-block-column__content stk-container stk-2ceae19-container stk--no-background stk--no-padding\"><div class=\"stk-block-content stk-inner-blocks stk-2ceae19-inner-blocks\">\n<div class=\"wp-block-stackable-spacer stk-block-spacer stk--no-padding stk-block stk-fb0b2d1\" data-block-id=\"fb0b2d1\"><style>.stk-fb0b2d1 {height:90px !important;}<\/style><\/div>\n\n\n\n<div class=\"wp-block-stackable-heading stk-block-heading stk-block-heading--v2 stk-block stk-788382b\" id=\"informe-giovanni-silva\" data-block-id=\"788382b\"><h2 class=\"stk-block-heading__text has-text-align-center\">Informe Giovanni Silva<\/h2><\/div>\n\n\n\n<p class=\"has-text-align-center\">\u00abLa melancol\u00eda en el huay\u00f1o del Norte de Potos\u00ed\u00bb<\/p>\n\n\n\n<div class=\"wp-block-stackable-button-group stk-block-button-group stk-block stk-c0940f6\" data-block-id=\"c0940f6\"><style>.stk-c0940f6 .stk-button-group{flex-direction:row !important;}@media screen and (max-width:999px){.stk-c0940f6 .stk-button-group{flex-direction:row !important;}}@media screen and (max-width:689px){.stk-c0940f6 .stk-button-group{flex-direction:row !important;}}<\/style><div class=\"stk-row stk-inner-blocks has-text-align-center stk-block-content stk-button-group\">\n<div class=\"wp-block-stackable-button stk-block-button stk-block stk-1f9a583\" data-block-id=\"1f9a583\"><a class=\"stk-link stk-button stk--hover-effect-darken\" href=\"https:\/\/www.youtube.com\/playlist?list=PLF-ndp4v6Y1i_PoJmeEExZvAPPKWcpRO7\" target=\"_blank\" rel=\"noreferrer noopener\"><span class=\"stk-button__inner-text\">Ver playlist completa<\/span><\/a><\/div>\n<\/div><\/div>\n<\/div><\/div><\/div>\n\n\n\n<div class=\"wp-block-stackable-column stk-block-column stk-column stk-block stk-68a6664\" data-v=\"4\" data-block-id=\"68a6664\"><div class=\"stk-column-wrapper stk-block-column__content stk-container stk-68a6664-container stk--no-background stk--no-padding\"><div class=\"stk-block-content stk-inner-blocks stk-68a6664-inner-blocks\">\n<figure class=\"wp-block-embed is-type-video is-provider-youtube wp-block-embed-youtube wp-embed-aspect-16-9 wp-has-aspect-ratio\"><div class=\"wp-block-embed__wrapper\">\n<iframe loading=\"lazy\" title=\"INVESTIGACIONES 2024 CI PROEIB ANDES - GIOVANNI SILVA\" width=\"1400\" height=\"788\" src=\"https:\/\/www.youtube.com\/embed\/LE9FnCmCWGg?feature=oembed\" frameborder=\"0\" allow=\"accelerometer; autoplay; clipboard-write; encrypted-media; gyroscope; picture-in-picture; web-share\" referrerpolicy=\"strict-origin-when-cross-origin\" allowfullscreen><\/iframe>\n<\/div><\/figure>\n<\/div><\/div><\/div>\n<\/div><\/div>\n\n\n\n<div class=\"wp-block-stackable-spacer stk-block-spacer stk--no-padding stk-block stk-7578a76\" data-block-id=\"7578a76\"><\/div>\n\n\n\n<div class=\"wp-block-stackable-columns stk-block-columns stk-block stk-31cf9e3\" data-block-id=\"31cf9e3\"><div class=\"stk-row stk-inner-blocks stk-block-content stk-content-align stk-31cf9e3-column\">\n<div class=\"wp-block-stackable-column stk-block-column stk-column stk-block stk-70619d8\" data-v=\"4\" data-block-id=\"70619d8\"><div class=\"stk-column-wrapper stk-block-column__content stk-container stk-70619d8-container stk--no-background stk--no-padding\"><div class=\"stk-block-content stk-inner-blocks stk-70619d8-inner-blocks\">\n<div class=\"wp-block-stackable-spacer stk-block-spacer stk--no-padding stk-block stk-c278d55\" data-block-id=\"c278d55\"><style>.stk-c278d55 {height:77px !important;}<\/style><\/div>\n\n\n\n<div class=\"wp-block-stackable-heading stk-block-heading stk-block-heading--v2 stk-block stk-f0fc332\" id=\"informe-martin-colque\" data-block-id=\"f0fc332\"><h2 class=\"stk-block-heading__text has-text-align-center\">Informe Mart\u00edn Colque<\/h2><\/div>\n\n\n\n<p>\u00abLas fuentes de informaci\u00f3n digitales en la construcci\u00f3n de aprendizajes significativos en estudiantes de nivel secundario en Cochabamba durante las gestiones 2024 y 2025\u00bb<\/p>\n\n\n\n<div class=\"wp-block-stackable-button-group alignfull stk-block-button-group stk-block stk-f698fe2\" data-block-id=\"f698fe2\"><style>.stk-f698fe2 .stk-button-group{flex-direction:row !important;}@media screen and (max-width:999px){.stk-f698fe2 .stk-button-group{flex-direction:row !important;}}@media screen and (max-width:689px){.stk-f698fe2 .stk-button-group{flex-direction:row !important;}}<\/style><div class=\"stk-row stk-inner-blocks has-text-align-center stk-block-content stk-button-group\">\n<div class=\"wp-block-stackable-button stk-block-button stk-block stk-ffb54a6\" data-block-id=\"ffb54a6\"><a class=\"stk-link stk-button stk--hover-effect-darken\" href=\"https:\/\/www.youtube.com\/playlist?list=PLF-ndp4v6Y1i_PoJmeEExZvAPPKWcpRO7\" target=\"_blank\" rel=\"noreferrer noopener\"><span class=\"stk-button__inner-text\">Ver playlist completa<\/span><\/a><\/div>\n<\/div><\/div>\n<\/div><\/div><\/div>\n\n\n\n<div class=\"wp-block-stackable-column stk-block-column stk-column stk-block stk-0466b0d\" data-v=\"4\" data-block-id=\"0466b0d\"><div class=\"stk-column-wrapper stk-block-column__content stk-container stk-0466b0d-container stk--no-background stk--no-padding\"><div class=\"stk-block-content stk-inner-blocks stk-0466b0d-inner-blocks\">\n<figure class=\"wp-block-embed is-type-video is-provider-youtube wp-block-embed-youtube wp-embed-aspect-16-9 wp-has-aspect-ratio\"><div class=\"wp-block-embed__wrapper\">\n<iframe loading=\"lazy\" title=\"INVESTIGACIONES 2024 CI PROEIB ANDES - MARTIN COLQUE\" width=\"1400\" height=\"788\" src=\"https:\/\/www.youtube.com\/embed\/kqt28r3fMQQ?feature=oembed\" frameborder=\"0\" allow=\"accelerometer; autoplay; clipboard-write; encrypted-media; gyroscope; picture-in-picture; web-share\" referrerpolicy=\"strict-origin-when-cross-origin\" allowfullscreen><\/iframe>\n<\/div><\/figure>\n<\/div><\/div><\/div>\n<\/div><\/div>\n\n\n\n<p><\/p>\n","protected":false},"excerpt":{"rendered":"<p>Informe Marina Arratia \u201cRepresentaciones sobre el medio ambiente natural de ni\u00f1os y adolescentes que viven en diferentes contextos urbanos-rurales de Bolivia\u201d Ver playlist completa Informe Vicente Limachi \u201cDesarrollo de la conciencia ecol\u00f3gica en estudiantes de nivel secundario en Cochabamba\u201d Ver playlist completa Informe Adalino Delgado \u201cLos espacios socioambientales y socioecol\u00f3gicos: Estudio realizado en la Comunidad [&hellip;]<\/p>\n","protected":false},"author":2,"featured_media":0,"parent":0,"menu_order":0,"comment_status":"closed","ping_status":"closed","template":"","meta":{"footnotes":""},"class_list":["post-1965","page","type-page","status-publish","hentry"],"blocksy_meta":[],"_links":{"self":[{"href":"https:\/\/www.proeibandes.org\/index.php?rest_route=\/wp\/v2\/pages\/1965"}],"collection":[{"href":"https:\/\/www.proeibandes.org\/index.php?rest_route=\/wp\/v2\/pages"}],"about":[{"href":"https:\/\/www.proeibandes.org\/index.php?rest_route=\/wp\/v2\/types\/page"}],"author":[{"embeddable":true,"href":"https:\/\/www.proeibandes.org\/index.php?rest_route=\/wp\/v2\/users\/2"}],"replies":[{"embeddable":true,"href":"https:\/\/www.proeibandes.org\/index.php?rest_route=%2Fwp%2Fv2%2Fcomments&post=1965"}],"version-history":[{"count":17,"href":"https:\/\/www.proeibandes.org\/index.php?rest_route=\/wp\/v2\/pages\/1965\/revisions"}],"predecessor-version":[{"id":2187,"href":"https:\/\/www.proeibandes.org\/index.php?rest_route=\/wp\/v2\/pages\/1965\/revisions\/2187"}],"wp:attachment":[{"href":"https:\/\/www.proeibandes.org\/index.php?rest_route=%2Fwp%2Fv2%2Fmedia&parent=1965"}],"curies":[{"name":"wp","href":"https:\/\/api.w.org\/{rel}","templated":true}]}}