{"id":2083,"date":"2025-04-07T16:12:13","date_gmt":"2025-04-07T20:12:13","guid":{"rendered":"https:\/\/www.proeibandes.org\/?page_id=2083"},"modified":"2025-04-07T16:15:21","modified_gmt":"2025-04-07T20:15:21","slug":"mision-y-vision","status":"publish","type":"page","link":"https:\/\/www.proeibandes.org\/?page_id=2083","title":{"rendered":"Misi\u00f3n y Visi\u00f3n"},"content":{"rendered":"\n<div class=\"wp-block-stackable-spacer stk-block-spacer stk--no-padding stk-block stk-c5c263e\" data-block-id=\"c5c263e\"><style>.stk-c5c263e {height:100px !important;}<\/style><\/div>\n\n\n\n<div class=\"wp-block-stackable-columns stk-block-columns stk-block stk-9cb14d8\" data-block-id=\"9cb14d8\"><style>.stk-9cb14d8 {margin-bottom:30px !important;}<\/style><div class=\"stk-row stk-inner-blocks stk-block-content stk-content-align stk-9cb14d8-column\">\n<div class=\"wp-block-stackable-column stk-block-column stk-column stk-block stk-a01b3ed\" data-v=\"4\" data-block-id=\"a01b3ed\"><div class=\"stk-column-wrapper stk-block-column__content stk-container stk-a01b3ed-container stk--no-background stk--no-padding\"><div class=\"stk-block-content stk-inner-blocks stk-a01b3ed-inner-blocks\">\n<div class=\"wp-block-stackable-heading stk-block-heading stk-block-heading--v2 stk-block stk-7439ef5\" id=\"mision\" data-block-id=\"7439ef5\"><style>.stk-7439ef5 {margin-bottom:21px !important;}<\/style><h2 class=\"stk-block-heading__text\">Misi\u00f3n<\/h2><\/div>\n\n\n\n<p>El CI-PROEIB es un Centro universitario intercultural de investigaci\u00f3n, formaci\u00f3n e interacci\u00f3n, de referencia internacional, que reivindica y revitaliza la cultura, las lenguas, conocimientos y valores de los pueblos ind\u00edgenas promoviendo la educaci\u00f3n intercultural para todos los habitantes de Am\u00e9rica Latina y el mundo.<\/p>\n<\/div><\/div><\/div>\n\n\n\n<div class=\"wp-block-stackable-column stk-block-column stk-column stk-block stk-d706a55\" data-v=\"4\" data-block-id=\"d706a55\"><div class=\"stk-column-wrapper stk-block-column__content stk-container stk-d706a55-container stk--no-background stk--no-padding\"><div class=\"stk-block-content stk-inner-blocks stk-d706a55-inner-blocks\">\n<figure class=\"wp-block-image aligncenter size-large is-resized\"><img loading=\"lazy\" decoding=\"async\" width=\"1024\" height=\"768\" src=\"https:\/\/www.proeibandes.org\/wp-content\/uploads\/2025\/04\/aula-alumnos-4ta-1024x768.jpg\" alt=\"\" class=\"wp-image-2084\" style=\"width:431px;height:auto\" srcset=\"https:\/\/www.proeibandes.org\/wp-content\/uploads\/2025\/04\/aula-alumnos-4ta-1024x768.jpg 1024w, https:\/\/www.proeibandes.org\/wp-content\/uploads\/2025\/04\/aula-alumnos-4ta-300x225.jpg 300w, https:\/\/www.proeibandes.org\/wp-content\/uploads\/2025\/04\/aula-alumnos-4ta-768x576.jpg 768w, https:\/\/www.proeibandes.org\/wp-content\/uploads\/2025\/04\/aula-alumnos-4ta-1536x1152.jpg 1536w, https:\/\/www.proeibandes.org\/wp-content\/uploads\/2025\/04\/aula-alumnos-4ta-2048x1536.jpg 2048w\" sizes=\"(max-width: 1024px) 100vw, 1024px\" \/><\/figure>\n<\/div><\/div><\/div>\n<\/div><\/div>\n\n\n\n<div class=\"wp-block-stackable-columns stk-block-columns stk-block stk-b820b6d\" data-block-id=\"b820b6d\"><div class=\"stk-row stk-inner-blocks stk-block-content stk-content-align stk-b820b6d-column\">\n<div class=\"wp-block-stackable-column stk-block-column stk-column stk-block stk-3bb4de8\" data-v=\"4\" data-block-id=\"3bb4de8\"><style>@media screen and (min-width:690px){.stk-3bb4de8 {flex:var(--stk-flex-grow, 1) 1 calc(50% - var(--stk-column-gap, 0px) * 1 \/ 2 ) !important;}}<\/style><div class=\"stk-column-wrapper stk-block-column__content stk-container stk-3bb4de8-container stk--no-background stk--no-padding\"><div class=\"stk-block-content stk-inner-blocks stk-3bb4de8-inner-blocks\">\n<div class=\"wp-block-columns is-layout-flex wp-container-core-columns-is-layout-1 wp-block-columns-is-layout-flex\">\n<div class=\"wp-block-column is-layout-flow wp-block-column-is-layout-flow\" style=\"flex-basis:100%\">\n<figure class=\"wp-block-image aligncenter size-full is-resized\"><img loading=\"lazy\" decoding=\"async\" width=\"1024\" height=\"768\" src=\"https:\/\/www.proeibandes.org\/wp-content\/uploads\/2025\/04\/presentacion-bolivia_12.jpg\" alt=\"\" class=\"wp-image-2086\" style=\"width:459px;height:auto\" srcset=\"https:\/\/www.proeibandes.org\/wp-content\/uploads\/2025\/04\/presentacion-bolivia_12.jpg 1024w, https:\/\/www.proeibandes.org\/wp-content\/uploads\/2025\/04\/presentacion-bolivia_12-300x225.jpg 300w, https:\/\/www.proeibandes.org\/wp-content\/uploads\/2025\/04\/presentacion-bolivia_12-768x576.jpg 768w\" sizes=\"(max-width: 1024px) 100vw, 1024px\" \/><\/figure>\n<\/div>\n<\/div>\n<\/div><\/div><\/div>\n\n\n\n<div class=\"wp-block-stackable-column stk-block-column stk-column stk-block stk-239e2cf\" data-v=\"4\" data-block-id=\"239e2cf\"><style>@media screen and (min-width:690px){.stk-239e2cf {flex:var(--stk-flex-grow, 1) 1 calc(50% - var(--stk-column-gap, 0px) * 1 \/ 2 ) !important;}}<\/style><div class=\"stk-column-wrapper stk-block-column__content stk-container stk-239e2cf-container stk--no-background stk--no-padding\"><div class=\"stk-block-content stk-inner-blocks stk-239e2cf-inner-blocks\">\n<div class=\"wp-block-stackable-heading stk-block-heading stk-block-heading--v2 stk-block stk-31955c5\" id=\"vision\" data-block-id=\"31955c5\"><style>.stk-31955c5 {margin-bottom:82px !important;}<\/style><h2 class=\"stk-block-heading__text\">Visi\u00f3n<\/h2><\/div>\n\n\n\n<p>Contribuir a la construcci\u00f3n de sociedades plurales, democr\u00e1ticas, con equidad, justicia social y en\u00a0armon\u00eda con la naturaleza.<\/p>\n<\/div><\/div><\/div>\n<\/div><\/div>\n\n\n\n<p><\/p>\n","protected":false},"excerpt":{"rendered":"<p>Misi\u00f3n El CI-PROEIB es un Centro universitario intercultural de investigaci\u00f3n, formaci\u00f3n e interacci\u00f3n, de referencia internacional, que reivindica y revitaliza la cultura, las lenguas, conocimientos y valores de los pueblos ind\u00edgenas promoviendo la educaci\u00f3n intercultural para todos los habitantes de Am\u00e9rica Latina y el mundo. Visi\u00f3n Contribuir a la construcci\u00f3n de sociedades plurales, democr\u00e1ticas, con [&hellip;]<\/p>\n","protected":false},"author":2,"featured_media":0,"parent":0,"menu_order":0,"comment_status":"closed","ping_status":"closed","template":"","meta":{"footnotes":""},"class_list":["post-2083","page","type-page","status-publish","hentry"],"blocksy_meta":[],"_links":{"self":[{"href":"https:\/\/www.proeibandes.org\/index.php?rest_route=\/wp\/v2\/pages\/2083"}],"collection":[{"href":"https:\/\/www.proeibandes.org\/index.php?rest_route=\/wp\/v2\/pages"}],"about":[{"href":"https:\/\/www.proeibandes.org\/index.php?rest_route=\/wp\/v2\/types\/page"}],"author":[{"embeddable":true,"href":"https:\/\/www.proeibandes.org\/index.php?rest_route=\/wp\/v2\/users\/2"}],"replies":[{"embeddable":true,"href":"https:\/\/www.proeibandes.org\/index.php?rest_route=%2Fwp%2Fv2%2Fcomments&post=2083"}],"version-history":[{"count":4,"href":"https:\/\/www.proeibandes.org\/index.php?rest_route=\/wp\/v2\/pages\/2083\/revisions"}],"predecessor-version":[{"id":2091,"href":"https:\/\/www.proeibandes.org\/index.php?rest_route=\/wp\/v2\/pages\/2083\/revisions\/2091"}],"wp:attachment":[{"href":"https:\/\/www.proeibandes.org\/index.php?rest_route=%2Fwp%2Fv2%2Fmedia&parent=2083"}],"curies":[{"name":"wp","href":"https:\/\/api.w.org\/{rel}","templated":true}]}}