{"id":2375,"date":"2026-04-24T15:34:28","date_gmt":"2026-04-24T19:34:28","guid":{"rendered":"https:\/\/www.proeibandes.org\/?page_id=2375"},"modified":"2026-04-24T16:02:21","modified_gmt":"2026-04-24T20:02:21","slug":"informes-audiovisuales-2025","status":"publish","type":"page","link":"https:\/\/www.proeibandes.org\/?page_id=2375","title":{"rendered":"Informes audiovisuales 2025"},"content":{"rendered":"\n<div class=\"wp-block-stackable-columns stk-block-columns stk-block stk-727abab\" data-block-id=\"727abab\"><div class=\"stk-row stk-inner-blocks stk-block-content stk-content-align stk-727abab-column\">\n<div class=\"wp-block-stackable-column stk-block-column stk-column stk-block stk-9c3cd26\" data-v=\"4\" data-block-id=\"9c3cd26\"><div class=\"stk-column-wrapper stk-block-column__content stk-container stk-9c3cd26-container stk--no-background stk--no-padding\"><div class=\"stk-block-content stk-inner-blocks stk-9c3cd26-inner-blocks\">\n<div class=\"wp-block-stackable-hero stk-block-hero stk-block stk-0379ece is-style-default\" data-v=\"2\" data-block-id=\"0379ece\"><style>.stk-0379ece-inner-blocks{justify-content:center !important;}.stk-0379ece .stk-block-hero__content{min-height:500px !important;align-items:center !important;display:flex !important;}<\/style><div class=\"stk-block-hero__content stk-content-align stk-0379ece-column stk-container stk-0379ece-container stk-hover-parent\"><div class=\"stk-block-content stk-inner-blocks has-text-align-center stk--column-flex stk-0379ece-inner-blocks\">\n<div class=\"wp-block-stackable-heading stk-block-heading stk-block-heading--v2 stk-block stk-11beb55\" id=\"j-fernando-galindo-ph-d\" data-block-id=\"11beb55\"><h2 class=\"stk-block-heading__text\">J. Fernando Galindo Ph. D.<\/h2><\/div>\n\n\n\n<div class=\"wp-block-stackable-text stk-block-text stk-block stk-8776ff9\" data-block-id=\"8776ff9\"><p class=\"stk-block-text__text\">Usos de la inteligencia artificial en la educaci\u00f3n superior, gesti\u00f3n emocional y vida cotidiana: Perspectivas autobiogr\u00e1ficas.<\/p><\/div>\n\n\n\n<div class=\"wp-block-stackable-button-group stk-block-button-group stk-block stk-2e83c4d\" data-block-id=\"2e83c4d\"><div class=\"stk-row stk-inner-blocks stk-block-content stk-button-group\">\n<div class=\"wp-block-stackable-button stk-block-button stk-block stk-198e24c\" data-block-id=\"198e24c\"><a class=\"stk-link stk-button stk--hover-effect-darken\" href=\"https:\/\/youtube.com\/playlist?list=PLF-ndp4v6Y1ih52Sci3UI_Zj2u8_kJ6zD&amp;si=2EdXf3e4_CPKbv9p\"><span class=\"stk-button__inner-text\">Ver playlist completa <\/span><\/a><\/div>\n<\/div><\/div>\n<\/div><\/div><\/div>\n<\/div><a class=\"stk-link stk-block-link stk--transparent-overlay\" href=\"https:\/\/www.youtube.com\/live\/M_1YRiAVoxU?si=jIobAT1TmJZB3TwS\" aria-hidden=\"true\" tabindex=\"-1\" target=\"_blank\" rel=\"noreferrer noopener\"><\/a><\/div><\/div>\n\n\n\n<div class=\"wp-block-stackable-column stk-block-column stk-column stk-block stk-c34f514\" data-v=\"4\" data-block-id=\"c34f514\"><div class=\"stk-column-wrapper stk-block-column__content stk-container stk-c34f514-container stk--no-background stk--no-padding\"><div class=\"stk-block-content stk-inner-blocks stk-c34f514-inner-blocks\">\n<figure class=\"wp-block-embed is-type-video is-provider-youtube wp-block-embed-youtube wp-embed-aspect-16-9 wp-has-aspect-ratio\"><div class=\"wp-block-embed__wrapper\">\n<iframe loading=\"lazy\" title=\"\ud835\udc0b\ud835\udc00\ud835\udc12 \ud835\udc08\ud835\udc0d\ud835\udc15\ud835\udc04\ud835\udc12\ud835\udc13\ud835\udc08\ud835\udc06\ud835\udc00\ud835\udc02\ud835\udc08\ud835\udc0e\ud835\udc0d\ud835\udc04\ud835\udc12 \ud835\udfd0\ud835\udfce\ud835\udfd05 \ud835\udc04\ud835\udc0d \ud835\udc04\ud835\udc0b \ud835\udc02\ud835\udc08 \ud835\udc0f\ud835\udc11\ud835\udc0e\ud835\udc04\ud835\udc08\ud835\udc01 \ud835\udc00\ud835\udc0d\ud835\udc03\ud835\udc04\ud835\udc12\" width=\"1400\" height=\"788\" src=\"https:\/\/www.youtube.com\/embed\/M_1YRiAVoxU?feature=oembed\" frameborder=\"0\" allow=\"accelerometer; autoplay; clipboard-write; encrypted-media; gyroscope; picture-in-picture; web-share\" referrerpolicy=\"strict-origin-when-cross-origin\" allowfullscreen><\/iframe>\n<\/div><\/figure>\n<\/div><\/div><\/div>\n<\/div><\/div>\n\n\n\n<div class=\"wp-block-stackable-columns stk-block-columns stk-block stk-7083e7f\" data-block-id=\"7083e7f\"><div class=\"stk-row stk-inner-blocks stk-block-content stk-content-align stk-7083e7f-column\">\n<div class=\"wp-block-stackable-column stk-block-column stk-column stk-block stk-557c266\" data-v=\"4\" data-block-id=\"557c266\"><div class=\"stk-column-wrapper stk-block-column__content stk-container stk-557c266-container stk--no-background stk--no-padding\"><div class=\"stk-block-content stk-inner-blocks stk-557c266-inner-blocks\">\n<div class=\"wp-block-stackable-hero stk-block-hero stk-block stk-bc8925f is-style-default\" data-v=\"2\" data-block-id=\"bc8925f\"><style>.stk-bc8925f-inner-blocks{justify-content:center !important;}.stk-bc8925f .stk-block-hero__content{min-height:500px !important;align-items:center !important;display:flex !important;}<\/style><div class=\"stk-block-hero__content stk-content-align stk-bc8925f-column stk-container stk-bc8925f-container stk-hover-parent\"><div class=\"stk-block-content stk-inner-blocks has-text-align-center stk--column-flex stk-bc8925f-inner-blocks\">\n<div class=\"wp-block-stackable-heading stk-block-heading stk-block-heading--v2 stk-block stk-8541040\" id=\"pedro-plaza-martinez-ph-d\" data-block-id=\"8541040\"><h2 class=\"stk-block-heading__text\">Pedro Plaza Martinez Ph. D.<\/h2><\/div>\n\n\n\n<div class=\"wp-block-stackable-text stk-block-text stk-block stk-8da41d5\" data-block-id=\"8da41d5\"><p class=\"stk-block-text__text\">Ense\u00f1anza del quechua en unidades educativas del sistema educativo plurinacional, Cochabamba, 2025<\/p><\/div>\n\n\n\n<div class=\"wp-block-stackable-button-group stk-block-button-group stk-block stk-536dada\" data-block-id=\"536dada\"><div class=\"stk-row stk-inner-blocks stk-block-content stk-button-group\">\n<div class=\"wp-block-stackable-button stk-block-button stk-block stk-e332ae6\" data-block-id=\"e332ae6\"><a class=\"stk-link stk-button stk--hover-effect-darken\" href=\"https:\/\/youtube.com\/playlist?list=PLF-ndp4v6Y1ih52Sci3UI_Zj2u8_kJ6zD&amp;si=2EdXf3e4_CPKbv9p\"><span class=\"stk-button__inner-text\">Ver playlist completa<\/span><\/a><\/div>\n<\/div><\/div>\n<\/div><\/div><\/div>\n<\/div><\/div><\/div>\n\n\n\n<div class=\"wp-block-stackable-column stk-block-column stk-column stk-block stk-fab0cf4\" data-v=\"4\" data-block-id=\"fab0cf4\"><div class=\"stk-column-wrapper stk-block-column__content stk-container stk-fab0cf4-container stk--no-background stk--no-padding\"><div class=\"stk-block-content stk-inner-blocks stk-fab0cf4-inner-blocks\">\n<figure class=\"wp-block-embed is-type-video is-provider-youtube wp-block-embed-youtube wp-embed-aspect-16-9 wp-has-aspect-ratio\"><div class=\"wp-block-embed__wrapper\">\n<iframe loading=\"lazy\" title=\"\ud835\udc0b\ud835\udc00\ud835\udc12 \ud835\udc08\ud835\udc0d\ud835\udc15\ud835\udc04\ud835\udc12\ud835\udc13\ud835\udc08\ud835\udc06\ud835\udc00\ud835\udc02\ud835\udc08\ud835\udc0e\ud835\udc0d\ud835\udc04\ud835\udc12 \ud835\udfd0\ud835\udfce\ud835\udfd05 \ud835\udc04\ud835\udc0d \ud835\udc04\ud835\udc0b \ud835\udc02\ud835\udc08 \ud835\udc0f\ud835\udc11\ud835\udc0e\ud835\udc04\ud835\udc08\ud835\udc01 \ud835\udc00\ud835\udc0d\ud835\udc03\ud835\udc04\ud835\udc12\" width=\"1400\" height=\"788\" src=\"https:\/\/www.youtube.com\/embed\/hhvsLtTU29g?feature=oembed\" frameborder=\"0\" allow=\"accelerometer; autoplay; clipboard-write; encrypted-media; gyroscope; picture-in-picture; web-share\" referrerpolicy=\"strict-origin-when-cross-origin\" allowfullscreen><\/iframe>\n<\/div><\/figure>\n<\/div><\/div><\/div>\n<\/div><\/div>\n","protected":false},"excerpt":{"rendered":"<p>J. Fernando Galindo Ph. D. Usos de la inteligencia artificial en la educaci\u00f3n superior, gesti\u00f3n emocional y vida cotidiana: Perspectivas autobiogr\u00e1ficas. Ver playlist completa Pedro Plaza Martinez Ph. D. Ense\u00f1anza del quechua en unidades educativas del sistema educativo plurinacional, Cochabamba, 2025 Ver playlist completa<\/p>\n","protected":false},"author":2,"featured_media":0,"parent":0,"menu_order":0,"comment_status":"closed","ping_status":"closed","template":"","meta":{"footnotes":""},"class_list":["post-2375","page","type-page","status-publish","hentry"],"blocksy_meta":[],"_links":{"self":[{"href":"https:\/\/www.proeibandes.org\/index.php?rest_route=\/wp\/v2\/pages\/2375"}],"collection":[{"href":"https:\/\/www.proeibandes.org\/index.php?rest_route=\/wp\/v2\/pages"}],"about":[{"href":"https:\/\/www.proeibandes.org\/index.php?rest_route=\/wp\/v2\/types\/page"}],"author":[{"embeddable":true,"href":"https:\/\/www.proeibandes.org\/index.php?rest_route=\/wp\/v2\/users\/2"}],"replies":[{"embeddable":true,"href":"https:\/\/www.proeibandes.org\/index.php?rest_route=%2Fwp%2Fv2%2Fcomments&post=2375"}],"version-history":[{"count":5,"href":"https:\/\/www.proeibandes.org\/index.php?rest_route=\/wp\/v2\/pages\/2375\/revisions"}],"predecessor-version":[{"id":2383,"href":"https:\/\/www.proeibandes.org\/index.php?rest_route=\/wp\/v2\/pages\/2375\/revisions\/2383"}],"wp:attachment":[{"href":"https:\/\/www.proeibandes.org\/index.php?rest_route=%2Fwp%2Fv2%2Fmedia&parent=2375"}],"curies":[{"name":"wp","href":"https:\/\/api.w.org\/{rel}","templated":true}]}}