{"id":26,"date":"2018-06-25T19:33:53","date_gmt":"2018-06-25T19:33:53","guid":{"rendered":"http:\/\/ciproeib.proeibandes.org\/?page_id=26"},"modified":"2024-06-27T17:23:20","modified_gmt":"2024-06-27T21:23:20","slug":"doctorado-en-estudios-socioculturales-des","status":"publish","type":"page","link":"https:\/\/www.proeibandes.org\/?page_id=26","title":{"rendered":"Doctorado en estudios socioculturales (DES)"},"content":{"rendered":"\n<div class=\"wp-block-stackable-spacer stk-block-spacer stk--no-padding stk-block stk-0e40446\" data-block-id=\"0e40446\"><\/div>\n\n\n\n<div class=\"wp-block-stackable-heading stk-block-heading stk-block-heading--v2 stk-block stk-dfbbc27\" id=\"antecedentes\" data-block-id=\"dfbbc27\"><h2 class=\"stk-block-heading__text\">Antecedentes<\/h2><\/div>\n\n\n\n<p>El Programa de Formaci\u00f3n en Educaci\u00f3n Intercultural Biling\u00fce para los Pa\u00edses Andinos (PROEIB-Andes) convoca a postulantes para dos plazas en el Doctorado en Estudios Socioculturales, que se ejecutar\u00e1 en la Universidad Mayor de San Sim\u00f3n (Cochabamba, Bolivia), en convenio con la Universidad Cat\u00f3lica de Lovaina (B\u00e9lgica), del 2017 al 2019. En esta primera versi\u00f3n se convoca a plazas para el desarrollo de investigaciones en las siguientes tem\u00e1ticas:<\/p>\n\n\n\n<ul class=\"wp-block-list\">\n<li>Tecnolog\u00edas de informaci\u00f3n y comunicaci\u00f3n y lenguas ind\u00edgenas.<\/li>\n\n\n\n<li>Cambio clim\u00e1tico y lenguas ind\u00edgenas.<\/li>\n\n\n\n<li>Migraci\u00f3n, educaci\u00f3n y lenguas ind\u00edgenas<\/li>\n<\/ul>\n\n\n\n<p>El Programa de Formaci\u00f3n en Educaci\u00f3n Intercultural Biling\u00fce para los Pa\u00edses Andinos (PROEIB-Andes) es un programa acad\u00e9mico de alcance latinoamericano que funciona en el Departamento de Postgrado de la Facultad de Humanidades y Ciencias de la Educaci\u00f3n de la Universidad Mayor de San Sim\u00f3n (UMSS) Cochabamba, Bolivia. Inici\u00f3 sus actividades en 1998 respondiendo a las demandas de organizaciones ind\u00edgenas de la regi\u00f3n de una educaci\u00f3n cultural y ling\u00fc\u00edsticamente pertinente en contextos de diversidad cultural en Am\u00e9rica Latina. Desde sus inicios ha focalizado sus actividades en cinco \u00e1reas: 1) la formaci\u00f3n de recursos humanos, 2) la investigaci\u00f3n educativa, 3) la asistencia t\u00e9cnica, 4) la gesti\u00f3n documental y 5) la publicaci\u00f3n e interacci\u00f3n social en el campo de la Educaci\u00f3n Intercultural Biling\u00fce (EIB). En el \u00e1rea de formaci\u00f3n de recursos humanos ha desarrollado ocho versiones de la Maestr\u00eda en Educaci\u00f3n Intercultural Biling\u00fce (MAEIB) y una versi\u00f3n de la Maestr\u00eda en Socioling\u00fc\u00edstica (MASO). En la actualidad (2016) desarrolla su novena versi\u00f3n de la Maestr\u00eda en EIB y la segunda versi\u00f3n de la Maestr\u00eda en Socioling\u00fc\u00edstica. En la implementaci\u00f3n de sus maestr\u00edas, el PROEIB-Andes ha desarrollado un&nbsp;<strong>modelo propio<\/strong>, que combina formaci\u00f3n e investigaci\u00f3n emp\u00edrica desde el primer semestre; modelo que le ha permitido alcanzar un alto porcentaje de titulaci\u00f3n de sus estudiantes (80%).<\/p>\n\n\n\n<p>Sobre esta experiencia de formaci\u00f3n, el PROEIB-Andes convoca al Doctorado en Estudios Socioculturales (DES). El DES apunta a profundizar la rica experiencia de investigaci\u00f3n emp\u00edrica del PROEIB-Andes sobre educaci\u00f3n biling\u00fce, interculturalidad y lenguas ind\u00edgenas, avanzando hacia la teorizaci\u00f3n e integraci\u00f3n de conocimientos. Asimismo, pretende ampliar su mirada a \u00e1mbitos tem\u00e1ticos emergentes tales como: la creciente urbanizaci\u00f3n ind\u00edgena, la tensi\u00f3n entre desaparici\u00f3n-revitalizaci\u00f3n ling\u00fc\u00edstica, el pluralismo epist\u00e9mico, el reconocimiento de saberes y conocimientos locales, los efectos socio-culturales del cambio clim\u00e1tico, patrimonio, los impactos y oportunidades de las tecnolog\u00eda de informaci\u00f3n y comunicaci\u00f3n (TIC) en la lengua, la educaci\u00f3n y la cultura, y otros vinculados a sus \u00e1reas de experticia.<\/p>\n\n\n\n<div class=\"wp-block-stackable-spacer stk-block-spacer stk--no-padding stk-block stk-eb018a5\" data-block-id=\"eb018a5\"><\/div>\n","protected":false},"excerpt":{"rendered":"<p>Antecedentes El Programa de Formaci\u00f3n en Educaci\u00f3n Intercultural Biling\u00fce para los Pa\u00edses Andinos (PROEIB-Andes) convoca a postulantes para dos plazas en el Doctorado en Estudios Socioculturales, que se ejecutar\u00e1 en la Universidad Mayor de San Sim\u00f3n (Cochabamba, Bolivia), en convenio con la Universidad Cat\u00f3lica de Lovaina (B\u00e9lgica), del 2017 al 2019. En esta primera versi\u00f3n [&hellip;]<\/p>\n","protected":false},"author":1,"featured_media":0,"parent":0,"menu_order":0,"comment_status":"closed","ping_status":"closed","template":"","meta":{"footnotes":""},"class_list":["post-26","page","type-page","status-publish","hentry"],"blocksy_meta":[],"_links":{"self":[{"href":"https:\/\/www.proeibandes.org\/index.php?rest_route=\/wp\/v2\/pages\/26"}],"collection":[{"href":"https:\/\/www.proeibandes.org\/index.php?rest_route=\/wp\/v2\/pages"}],"about":[{"href":"https:\/\/www.proeibandes.org\/index.php?rest_route=\/wp\/v2\/types\/page"}],"author":[{"embeddable":true,"href":"https:\/\/www.proeibandes.org\/index.php?rest_route=\/wp\/v2\/users\/1"}],"replies":[{"embeddable":true,"href":"https:\/\/www.proeibandes.org\/index.php?rest_route=%2Fwp%2Fv2%2Fcomments&post=26"}],"version-history":[{"count":7,"href":"https:\/\/www.proeibandes.org\/index.php?rest_route=\/wp\/v2\/pages\/26\/revisions"}],"predecessor-version":[{"id":1592,"href":"https:\/\/www.proeibandes.org\/index.php?rest_route=\/wp\/v2\/pages\/26\/revisions\/1592"}],"wp:attachment":[{"href":"https:\/\/www.proeibandes.org\/index.php?rest_route=%2Fwp%2Fv2%2Fmedia&parent=26"}],"curies":[{"name":"wp","href":"https:\/\/api.w.org\/{rel}","templated":true}]}}