{"id":28,"date":"2018-06-25T19:35:40","date_gmt":"2018-06-25T19:35:40","guid":{"rendered":"http:\/\/ciproeib.proeibandes.org\/?page_id=28"},"modified":"2024-06-20T09:11:51","modified_gmt":"2024-06-20T13:11:51","slug":"proposito","status":"publish","type":"page","link":"https:\/\/www.proeibandes.org\/?page_id=28","title":{"rendered":"Pr\u00f3posito"},"content":{"rendered":"\n<div class=\"wp-block-stackable-spacer stk-block-spacer stk--no-padding stk-block stk-d9f54dd\" data-block-id=\"d9f54dd\"><\/div>\n\n\n\n<p>El Doctorado en Estudios Socio-Culturales (DES) aspira a los siguientes prop\u00f3sitos:<\/p>\n\n\n\n<ul class=\"wp-block-list\">\n<li>Fortalecer las capacidades del Centro de Investigaciones Educativas e Interculturales (CIEI), brazo de investigaci\u00f3n del PROEIB-Andes, mediante la formaci\u00f3n de doctores en estudios socioculturales, la discusi\u00f3n de paradigmas y modelos de investigaci\u00f3n, el desarrollo de investigaciones emp\u00edricas, y la conformaci\u00f3n de una s\u00f3lida comunidad de investigadores.<\/li>\n\n\n\n<li>Formar investigadores interdisciplinarios y reflexivos comprometidos con los procesos socio-culturales que afectan a Bolivia y otros pa\u00edses de la regi\u00f3n y particularmente a las organizaciones y pueblos ind\u00edgenas de Am\u00e9rica Latina.<\/li>\n\n\n\n<li>Contribuir a la cualificaci\u00f3n del personal docente y de investigaci\u00f3n de la Universidad Mayor de San Sim\u00f3n y otras instituciones de educaci\u00f3n superior de Bolivia y la regi\u00f3n Latinoamericana en las \u00e1reas de competencia del DES.<\/li>\n\n\n\n<li>Producir conocimiento en los siguientes ejes tem\u00e1ticos: 1) estudios socio-ling\u00fc\u00edsticos 2) estudios interculturales y 3) estudios socio-educativos, desde un enfoque pluralista, interdisciplinario y orientado a pol\u00edticas p\u00fablicas.<\/li>\n\n\n\n<li>Utilizar el conocimiento producido para incidir en procesos educativos, culturales, pol\u00edticos y sociales, y la construcci\u00f3n de pol\u00edticas p\u00fablicas que afectan a la sociedad en general y las organizaciones y pueblos ind\u00edgenas en particular.<\/li>\n<\/ul>\n\n\n\n<div class=\"wp-block-stackable-spacer stk-block-spacer stk--no-padding stk-block stk-65ed95e\" data-block-id=\"65ed95e\"><\/div>\n","protected":false},"excerpt":{"rendered":"<p>El Doctorado en Estudios Socio-Culturales (DES) aspira a los siguientes prop\u00f3sitos:<\/p>\n","protected":false},"author":1,"featured_media":0,"parent":26,"menu_order":1,"comment_status":"closed","ping_status":"closed","template":"","meta":{"footnotes":""},"class_list":["post-28","page","type-page","status-publish","hentry"],"blocksy_meta":[],"_links":{"self":[{"href":"https:\/\/www.proeibandes.org\/index.php?rest_route=\/wp\/v2\/pages\/28"}],"collection":[{"href":"https:\/\/www.proeibandes.org\/index.php?rest_route=\/wp\/v2\/pages"}],"about":[{"href":"https:\/\/www.proeibandes.org\/index.php?rest_route=\/wp\/v2\/types\/page"}],"author":[{"embeddable":true,"href":"https:\/\/www.proeibandes.org\/index.php?rest_route=\/wp\/v2\/users\/1"}],"replies":[{"embeddable":true,"href":"https:\/\/www.proeibandes.org\/index.php?rest_route=%2Fwp%2Fv2%2Fcomments&post=28"}],"version-history":[{"count":3,"href":"https:\/\/www.proeibandes.org\/index.php?rest_route=\/wp\/v2\/pages\/28\/revisions"}],"predecessor-version":[{"id":1372,"href":"https:\/\/www.proeibandes.org\/index.php?rest_route=\/wp\/v2\/pages\/28\/revisions\/1372"}],"up":[{"embeddable":true,"href":"https:\/\/www.proeibandes.org\/index.php?rest_route=\/wp\/v2\/pages\/26"}],"wp:attachment":[{"href":"https:\/\/www.proeibandes.org\/index.php?rest_route=%2Fwp%2Fv2%2Fmedia&parent=28"}],"curies":[{"name":"wp","href":"https:\/\/api.w.org\/{rel}","templated":true}]}}