{"id":30,"date":"2018-06-25T19:39:29","date_gmt":"2018-06-25T19:39:29","guid":{"rendered":"http:\/\/ciproeib.proeibandes.org\/?page_id=30"},"modified":"2024-06-20T09:24:46","modified_gmt":"2024-06-20T13:24:46","slug":"objeto-de-estudio-y-estructura-curricular","status":"publish","type":"page","link":"https:\/\/www.proeibandes.org\/?page_id=30","title":{"rendered":"Objeto de estudio y estructura curricular"},"content":{"rendered":"\n<div class=\"wp-block-stackable-spacer stk-block-spacer stk--no-padding stk-block stk-678c95c\" data-block-id=\"678c95c\"><\/div>\n\n\n\n<p>El DES es un programa no escolarizado, centrado en el desarrollo de investigaci\u00f3n y organizado bajo el modelo de ingreso y titulaci\u00f3n continua. El Doctorado en Estudios Socioculturales tiene como objeto de estudio la pluralidad y diversidad de procesos socioculturales que afectan a las poblaciones e instituciones de la sociedad boliviana y otras sociedades de la regi\u00f3n y particularmente a los pueblos y organizaciones ind\u00edgenas de nuestro continente, abordado en: <br>1) Sus dimensiones sustantivas (problem\u00e1ticas y situaciones concretas).<br>2) Comparadas (situaciones similares en otros contextos).<br>3) Emp\u00edricas (fundamentada en datos concretos).<br>4) Te\u00f3ricas (en di\u00e1logo abierto con teor\u00edas y conceptos de distintas latitudes).<\/p>\n\n\n\n<p>Considerando la experiencia de investigaci\u00f3n previa del PROEIB-Andes y tem\u00e1ticas contempor\u00e1neas emergentes, este objeto de estudio es acotado en tres ejes: 1) estudios socio-ling\u00fc\u00edsticos, 2) estudios interculturales y 3) estudios socio-educativos. Este objeto de estudio es abordado desde un enfoque interdisciplinario y pluralista de la producci\u00f3n de conocimientos y orientado a pol\u00edticas p\u00fablicas. Este enfoque reconoce la integraci\u00f3n igualitaria de formas distintas de saber y ser en perspectiva de construir aut\u00e9nticos di\u00e1logos de saberes e inter-cient\u00edficos relevantes para las problem\u00e1ticas socio-culturales de Bolivia, la regi\u00f3n y particularmente las organizaciones y pueblos ind\u00edgenas de nuestro continente.<\/p>\n\n\n\n<p>El programa se desarrolla en la modalidad y semi-presencial con componentes virtuales, con tres a\u00f1os de dedicaci\u00f3n exclusiva al dise\u00f1o, implementaci\u00f3n y redacci\u00f3n de la tesis doctoral. A la finalizaci\u00f3n del programa se otorga el t\u00edtulo de Ph.D. (Doctor en Filosof\u00eda o Philosophiae Doctor) en Estudios Socioculturales, o una titulaci\u00f3n conjunta, que incluye una denominaci\u00f3n adicional, en los casos que el doctorando haya desarrollado su programa doctoral en el marco de un convenio de co-tutela con alguna otra universidad nacional o extranjera.<\/p>\n\n\n\n<p>El DES es un programa centrado en el desarrollo de una investigaci\u00f3n original conducente a la elaboraci\u00f3n de una tesis doctoral que incluye, entre otras, las siguientes actividades:\/p&gt;<\/p>\n\n\n\n<ul class=\"wp-block-list\">\n<li>planteamiento y defensa de un proyecto de investigaci\u00f3n doctoral,<\/li>\n\n\n\n<li>asistencia a seminarios te\u00f3ricos o metodol\u00f3gicos de formaci\u00f3n en funci\u00f3n del proyecto de investigaci\u00f3n,<\/li>\n\n\n\n<li>la realizaci\u00f3n de trabajos de campo, pasant\u00edas o pr\u00e1cticas,<\/li>\n\n\n\n<li>la elaboraci\u00f3n de informes de investigaci\u00f3n,<\/li>\n\n\n\n<li>la presentaci\u00f3n de informes y\/o avances de investigaci\u00f3n como ponencias en conferencias y seminarios<\/li>\n\n\n\n<li>la publicaci\u00f3n de art\u00edculos de investigaci\u00f3n y<\/li>\n\n\n\n<li>la elaboraci\u00f3n de un informe de tesis doctoral sobre la base de las anteriores actividades.<\/li>\n<\/ul>\n\n\n\n<p>El doctorando recibir\u00e1 cr\u00e9dito por el cumplimiento de cada una de estas actividades y resultados. En la opci\u00f3n de co-tutela con una universidad de convenio, parte, o la totalidad, del punto dos (seminarios) ser\u00e1n desarrollados en el programa o universidad contraparte. Asimismo la tesis estar\u00e1 dirigida por tutores de ambas instituciones.<\/p>\n\n\n\n<p>El plan de estudios del DES es flexible y tiene cuatro componentes: investigaci\u00f3n, contenido, instrumental y difusi\u00f3n. Estos componentes se desarrollan de manera paralela e integrada a lo largo de la duraci\u00f3n del programa, con etapas, actividades y resultados concretos en el itinerario a seguir por los doctorandos en cada componente. Si bien el DES tiene estos cuatro componentes, el componente de investigaci\u00f3n, conducente a la elaboraci\u00f3n de la tesis doctoral, constituye el eje central del programa de estudios, el cual es apoyado por los otros componentes. El DES es un programa de 70 cr\u00e9ditos distribuidos de la siguiente manera:<\/p>\n\n\n\n<figure class=\"wp-block-table is-style-regular\"><table class=\"has-fixed-layout\"><thead><tr><th class=\"has-text-align-center\" data-align=\"center\">Componente<\/th><th class=\"has-text-align-center\" data-align=\"center\">Horas<\/th><th class=\"has-text-align-center\" data-align=\"center\">Cr\u00e9ditos<\/th><\/tr><\/thead><tbody><tr><td class=\"has-text-align-center\" data-align=\"center\">Investigaci\u00f3n<\/td><td class=\"has-text-align-center\" data-align=\"center\">1560<\/td><td class=\"has-text-align-center\" data-align=\"center\">39<\/td><\/tr><tr><td class=\"has-text-align-center\" data-align=\"center\">Contenido<\/td><td class=\"has-text-align-center\" data-align=\"center\">360<\/td><td class=\"has-text-align-center\" data-align=\"center\">9<\/td><\/tr><tr><td class=\"has-text-align-center\" data-align=\"center\">Instrumental<\/td><td class=\"has-text-align-center\" data-align=\"center\">160<\/td><td class=\"has-text-align-center\" data-align=\"center\">4<\/td><\/tr><tr><td class=\"has-text-align-center\" data-align=\"center\">Difusi\u00f3n<\/td><td class=\"has-text-align-center\" data-align=\"center\">720<\/td><td class=\"has-text-align-center\" data-align=\"center\">18<\/td><\/tr><tr><td class=\"has-text-align-center\" data-align=\"center\">TOTAL<\/td><td class=\"has-text-align-center\" data-align=\"center\">2800<\/td><td class=\"has-text-align-center\" data-align=\"center\">70<\/td><\/tr><\/tbody><\/table><figcaption class=\"wp-element-caption\"> <\/figcaption><\/figure>\n\n\n\n<div class=\"wp-block-stackable-spacer stk-block-spacer stk--no-padding stk-block stk-22af87c\" data-block-id=\"22af87c\"><\/div>\n\n\n\n<p>El DES es desarrollado bajo la modalidad de dedicaci\u00f3n exclusiva que requiere del doctorando la conclusi\u00f3n de su investigaci\u00f3n doctoral en un plazo de tres a\u00f1os. Una vez aceptado en el DES, el doctorando se adscribe a una de las menciones\/l\u00edneas de investigaci\u00f3n y se le asigna un tutor con quien planifica y desarrolla los cuatro componentes del plan de estudios.<\/p>\n\n\n\n<p>El DES puede tambi\u00e9n desarrollarse bajo la figura de co-tutela en convenio con otras universidades, el doctorando sigue una modalidad mixta, con actividades presenciales desarrolladas en la sede del DES y actividades presenciales o a distancia en coordinaci\u00f3n con el co-tutor de la universidad de convenio. Esta modalidad puede tambi\u00e9n contemplar pasant\u00edas y\/o estancias de investigaci\u00f3n presencial en la universidad de convenio.<\/p>\n\n\n\n<div class=\"wp-block-stackable-spacer stk-block-spacer stk--no-padding stk-block stk-80f8a00\" data-block-id=\"80f8a00\"><\/div>\n","protected":false},"excerpt":{"rendered":"<p>El DES es un programa no escolarizado, centrado en el desarrollo de investigaci\u00f3n y organizado bajo el modelo de ingreso y titulaci\u00f3n continua. El Doctorado en Estudios Socioculturales tiene como objeto de estudio la pluralidad y diversidad de procesos socioculturales que afectan a las poblaciones e instituciones de la sociedad boliviana y otras sociedades de [&hellip;]<\/p>\n","protected":false},"author":1,"featured_media":0,"parent":26,"menu_order":2,"comment_status":"closed","ping_status":"closed","template":"","meta":{"footnotes":""},"class_list":["post-30","page","type-page","status-publish","hentry"],"blocksy_meta":[],"_links":{"self":[{"href":"https:\/\/www.proeibandes.org\/index.php?rest_route=\/wp\/v2\/pages\/30"}],"collection":[{"href":"https:\/\/www.proeibandes.org\/index.php?rest_route=\/wp\/v2\/pages"}],"about":[{"href":"https:\/\/www.proeibandes.org\/index.php?rest_route=\/wp\/v2\/types\/page"}],"author":[{"embeddable":true,"href":"https:\/\/www.proeibandes.org\/index.php?rest_route=\/wp\/v2\/users\/1"}],"replies":[{"embeddable":true,"href":"https:\/\/www.proeibandes.org\/index.php?rest_route=%2Fwp%2Fv2%2Fcomments&post=30"}],"version-history":[{"count":8,"href":"https:\/\/www.proeibandes.org\/index.php?rest_route=\/wp\/v2\/pages\/30\/revisions"}],"predecessor-version":[{"id":1378,"href":"https:\/\/www.proeibandes.org\/index.php?rest_route=\/wp\/v2\/pages\/30\/revisions\/1378"}],"up":[{"embeddable":true,"href":"https:\/\/www.proeibandes.org\/index.php?rest_route=\/wp\/v2\/pages\/26"}],"wp:attachment":[{"href":"https:\/\/www.proeibandes.org\/index.php?rest_route=%2Fwp%2Fv2%2Fmedia&parent=30"}],"curies":[{"name":"wp","href":"https:\/\/api.w.org\/{rel}","templated":true}]}}