{"id":323,"date":"2018-11-14T09:33:43","date_gmt":"2018-11-14T13:33:43","guid":{"rendered":"http:\/\/www.proeibandes.org\/?page_id=323"},"modified":"2024-06-20T09:37:28","modified_gmt":"2024-06-20T13:37:28","slug":"requisitos","status":"publish","type":"page","link":"https:\/\/www.proeibandes.org\/?page_id=323","title":{"rendered":"Requisitos"},"content":{"rendered":"\n<div class=\"wp-block-stackable-spacer stk-block-spacer stk--no-padding stk-block stk-a4e6168\" data-block-id=\"a4e6168\"><\/div>\n\n\n\n<div class=\"wp-block-stackable-heading stk-block-heading stk-block-heading--v2 stk-block stk-46ac599\" id=\"strong-facultad-de-humanidades-y-ciencias-de-la-educacion-strong-br-strong-universidad-mayor-de-san-simon-strong\" data-block-id=\"46ac599\"><style>.stk-46ac599 .stk-block-heading__text{font-size:40px !important}@media screen and (max-width:999px){.stk-46ac599 .stk-block-heading__text{font-size:40px !important}}<\/style><h2 class=\"stk-block-heading__text has-text-align-center\"><strong>REQUISITOS PARA POSTULACI\u00d3N, INCORPORACI\u00d3N Y REGISTRO EN EL PROGRAMA DE DOCTORADO EN ESTUDIOS SOCIOCULTURALES<\/strong><strong>&nbsp;DEL CENTRO INTERDISCIPLINARIO PROEIB ANDES<\/strong><\/h2><\/div>\n\n\n\n<div class=\"wp-block-stackable-heading stk-block-heading stk-block-heading--v2 stk-block stk-1fefff4\" id=\"strong-facultad-de-humanidades-y-ciencias-de-la-educacion-strong-br-strong-universidad-mayor-de-san-simon-strong\" data-block-id=\"1fefff4\"><h3 class=\"stk-block-heading__text has-text-align-center\"><strong>FACULTAD DE HUMANIDADES Y CIENCIAS DE LA EDUCACI\u00d3N<\/strong><br><strong>UNIVERSIDAD MAYOR DE SAN SIM\u00d3N<\/strong><\/h3><\/div>\n\n\n\n<div class=\"wp-block-stackable-spacer stk-block-spacer stk--no-padding stk-block stk-aaedf63\" data-block-id=\"aaedf63\"><\/div>\n\n\n\n<p>El Programa de Doctorado en Estudios Socioculturales del CI-PROEIB Andes es un programa instalado e inscrito en la Escuela Universitaria de Posgrado de la Universidad Mayor de San Sim\u00f3n, Cochabamba, desde el a\u00f1o 2016.<\/p>\n\n\n\n<p>El Programa de Doctorado en Estudios Socioculturales establece incorporaci\u00f3n cont\u00ednua para los profesionales interesados en los campos de investigaci\u00f3n conducente al grado, que son, principalmente: Estudios Culturales Latinoamericanos, estudios relativos a la Educaci\u00f3n Intercultural y estudios Socioling\u00fc\u00edsticos.<\/p>\n\n\n\n<p>El doctorado se desarrolla bajo tres modalidades.<\/p>\n\n\n\n<ul class=\"wp-block-list\">\n<li>La modalidad de Cotutela que implica postulaci\u00f3n, luego de un per\u00edodo de 8 meses de trabajo acad\u00e9mico con tutor\u00eda en la sede del PROEIB Andes, a la Universidad Cat\u00f3lica de Lovaina en la que se desarrollar\u00e1n per\u00edodos de pasant\u00edas con un segundo tutor de tesis. Esta modalidad implica que el per\u00edodo de 8 meses est\u00e1 destinado a la elaboraci\u00f3n del proyecto de investigaci\u00f3n bajo la gu\u00eda de un tutor de investigaci\u00f3n para postular a la UCL y b\u00fasqueda de un tutor de esa universidad.<\/li>\n\n\n\n<li>La modalidad local que implica la postulaci\u00f3n y realizaci\u00f3n del doctorado en el CI-PROEIB Andes, bajo la gu\u00eda de un tutor asignado, bajo un programa especial de acuerdo a un plan elaborado por el tutor.<\/li>\n\n\n\n<li>La modalidad mixta que implica pasant\u00edas en una universidad de la red CI-PROEIB Andes, por per\u00edodos comprendidos entre uno a tres meses.<\/li>\n<\/ul>\n\n\n\n<div class=\"wp-block-stackable-spacer stk-block-spacer stk--no-padding stk-block stk-620a07a\" data-block-id=\"620a07a\"><style>.stk-620a07a{height:30px !important}<\/style><\/div>\n\n\n\n<div class=\"wp-block-stackable-text stk-block-text stk-block stk-8be48f9\" data-block-id=\"8be48f9\"><p class=\"stk-block-text__text\">Los profesionales interesados en postular al Programa de Doctorado, deben seguir el siguiente proceso y requisitos:<\/p><\/div>\n\n\n\n<ol class=\"wp-block-list\">\n<li>Presentar una carta explicando su inter\u00e9s por incorporarse en el Programa de Doctorado, dirigida al coordinador del CI-PROEIB Andes de esta universidad. Indicar la modalidad a la que postula.<\/li>\n\n\n\n<li>Adjuntar, como requisitos para la inscripci\u00f3n, lo siguiente:\n<ol class=\"wp-block-list\" style=\"list-style-type:lower-alpha\">\n<li>El t\u00edtulo de maestr\u00eda en Ciencias Sociales o afines (Fotocopia legalizada por su universidad)<\/li>\n\n\n\n<li>Propuesta de proyecto de investigaci\u00f3n en cuatro ejemplares y una versi\u00f3n digital (<a href=\"http:\/\/www.proeibandes.org\/wp-content\/uploads\/2018\/11\/Gu%C3%ADa-de-elaboraci%C3%B3n-de-proyecto-de-tesis-2018.doc\">Gu\u00eda de elaboraci\u00f3n de proyecto<\/a>)<\/li>\n\n\n\n<li>Curriculum Vitae resumido<\/li>\n\n\n\n<li>Documento de identidad: pasaporte o DNI (Fotocopia)<\/li>\n\n\n\n<li>Carta de tutor\/asesor en que se acepte la tutoria o asesor\u00eda<\/li>\n\n\n\n<li>Comprobante de pago de matr\u00edcula<\/li>\n<\/ol>\n<\/li>\n\n\n\n<li>Per\u00edodo de emisi\u00f3n de dictamen del Comit\u00e9 Acad\u00e9mico del doctorado que genera respuesta a la postulaci\u00f3n.<\/li>\n\n\n\n<li>Asignaci\u00f3n de un asesor o tutor de investigaci\u00f3n local que presenta una carta de aceptaci\u00f3n para cobijar y dirigir la investigaci\u00f3n y asesorar al postulante.<\/li>\n\n\n\n<li>Una vez emitido el dictamen por el Comit\u00e9 Acad\u00e9mico y asignado el tutor, se procede al registro del postulante en el Sistema de Registros de la Escuela Universitaria de Posgrados de esta universidad.<\/li>\n\n\n\n<li>&nbsp;Anuncio, por medio de una carta oficial institucional, de aceptaci\u00f3n o no, dirigida al postulante.<\/li>\n\n\n\n<li>Pagos por matriculaci\u00f3n y aranceles al Programa de Doctorado de acuerdo a instrucci\u00f3n de la Secretar\u00eda Administrativa.<\/li>\n\n\n\n<li>Inicio de actividades bajo un cronograma espec\u00edfico acordado entre el tutor, el postulante y el coordinador del programa.<\/li>\n\n\n\n<li>Para mayor informaci\u00f3n escribir a Fernnado Prada al correo elect\u00f3nico:&nbsp;<a href=\"mailto:fprada@proeibandes.org\">fprada@proeibandes.org&nbsp;<\/a>coordinador del doctorado.<\/li>\n<\/ol>\n\n\n\n<div class=\"wp-block-stackable-spacer stk-block-spacer stk--no-padding stk-block stk-ee0467e\" data-block-id=\"ee0467e\"><\/div>\n","protected":false},"excerpt":{"rendered":"<p>REQUISITOS PARA POSTULACI\u00d3N, INCORPORACI\u00d3N Y REGISTRO EN EL PROGRAMA DE DOCTORADO EN ESTUDIOS SOCIOCULTURALES&nbsp;DEL CENTRO INTERDISCIPLINARIO PROEIB ANDES FACULTAD DE HUMANIDADES Y CIENCIAS DE LA EDUCACI\u00d3NUNIVERSIDAD MAYOR DE SAN SIM\u00d3N El Programa de Doctorado en Estudios Socioculturales del CI-PROEIB Andes es un programa instalado e inscrito en la Escuela Universitaria de Posgrado de la Universidad [&hellip;]<\/p>\n","protected":false},"author":1,"featured_media":0,"parent":26,"menu_order":4,"comment_status":"closed","ping_status":"closed","template":"","meta":{"footnotes":""},"class_list":["post-323","page","type-page","status-publish","hentry"],"blocksy_meta":[],"_links":{"self":[{"href":"https:\/\/www.proeibandes.org\/index.php?rest_route=\/wp\/v2\/pages\/323"}],"collection":[{"href":"https:\/\/www.proeibandes.org\/index.php?rest_route=\/wp\/v2\/pages"}],"about":[{"href":"https:\/\/www.proeibandes.org\/index.php?rest_route=\/wp\/v2\/types\/page"}],"author":[{"embeddable":true,"href":"https:\/\/www.proeibandes.org\/index.php?rest_route=\/wp\/v2\/users\/1"}],"replies":[{"embeddable":true,"href":"https:\/\/www.proeibandes.org\/index.php?rest_route=%2Fwp%2Fv2%2Fcomments&post=323"}],"version-history":[{"count":8,"href":"https:\/\/www.proeibandes.org\/index.php?rest_route=\/wp\/v2\/pages\/323\/revisions"}],"predecessor-version":[{"id":1386,"href":"https:\/\/www.proeibandes.org\/index.php?rest_route=\/wp\/v2\/pages\/323\/revisions\/1386"}],"up":[{"embeddable":true,"href":"https:\/\/www.proeibandes.org\/index.php?rest_route=\/wp\/v2\/pages\/26"}],"wp:attachment":[{"href":"https:\/\/www.proeibandes.org\/index.php?rest_route=%2Fwp%2Fv2%2Fmedia&parent=323"}],"curies":[{"name":"wp","href":"https:\/\/api.w.org\/{rel}","templated":true}]}}