{"id":42,"date":"2018-06-25T19:53:56","date_gmt":"2018-06-25T19:53:56","guid":{"rendered":"http:\/\/ciproeib.proeibandes.org\/?page_id=42"},"modified":"2024-06-18T17:13:37","modified_gmt":"2024-06-18T21:13:37","slug":"proposito","status":"publish","type":"page","link":"https:\/\/www.proeibandes.org\/?page_id=42","title":{"rendered":"Pr\u00f3posito"},"content":{"rendered":"\n<div class=\"wp-block-stackable-spacer stk-block-spacer stk--no-padding stk-block stk-7836a5b\" data-block-id=\"7836a5b\"><\/div>\n\n\n\n<p>La Maestr\u00eda en Socioling\u00fc\u00edstica se plantea dos prop\u00f3sitos: uno social y otro acad\u00e9mico.<\/p>\n\n\n\n<ul class=\"wp-block-list\">\n<li>En lo social se orienta a contribuir a la restauraci\u00f3n de la dignidad de los pueblos ind\u00edgenas para la preservaci\u00f3n de la diversidad ling\u00fc\u00edstica en Bolivia y en Am\u00e9rica Latina.<\/li>\n<\/ul>\n\n\n\n<ul class=\"wp-block-list\">\n<li>En lo acad\u00e9mico busca sostener y profundizar la formaci\u00f3n en socioling\u00fc\u00edstica a nivel de posgrado para incidir en el fortalecimiento de la diversidad ling\u00fc\u00edstica de Bolivia y Am\u00e9rica Latina.<\/li>\n<\/ul>\n\n\n\n<div class=\"wp-block-stackable-spacer stk-block-spacer stk--no-padding stk-block stk-d26cc5d\" data-block-id=\"d26cc5d\"><\/div>\n\n\n\n<div class=\"wp-block-stackable-heading stk-block-heading stk-block-heading--v2 stk-block stk-4a7767a\" id=\"objetivo-general\" data-block-id=\"4a7767a\"><h2 class=\"stk-block-heading__text\">Objetivo General<\/h2><\/div>\n\n\n\n<div class=\"wp-block-stackable-text stk-block-text stk-block stk-b897a64\" data-block-id=\"b897a64\"><p class=\"stk-block-text__text\">Desarrollar procesos de perfeccionamiento profesional en estudios y pr\u00e1cticas de revitalizaci\u00f3n y fortalecimiento de lenguas ind\u00edgenas que respondan a los debates, desaf\u00edos y procesos sociales emergentes en Bolivia y Am\u00e9rica Latina, para la implementaci\u00f3n de Derechos y Pol\u00edticas Ling\u00fc\u00edsticas basados en la producci\u00f3n de conocimiento y los proyectos de vida de los pueblos ind\u00edgenas y afro descendientes.<\/p><\/div>\n\n\n\n<div class=\"wp-block-stackable-heading stk-block-heading stk-block-heading--v2 stk-block stk-871f32f\" id=\"objetivos-especificos\" data-block-id=\"871f32f\"><h2 class=\"stk-block-heading__text\">Objetivos espec\u00edficos<\/h2><\/div>\n\n\n\n<ul class=\"wp-block-list\">\n<li>Formar profesionales capaces de desarrollar e implementar propuestas de revitalizaci\u00f3n ling\u00fc\u00edstica en contextos de diversidad ling\u00fc\u00edstica y cultural.<\/li>\n\n\n\n<li>Sostener la formaci\u00f3n en socioling\u00fc\u00edstica a nivel de posgrado para incidir en el fortalecimiento de la diversidad ling\u00fc\u00edstica de Bolivia y pa\u00edses de Am\u00e9rica Latina.<\/li>\n\n\n\n<li>Sustentar procesos de formaci\u00f3n en producci\u00f3n de materiales educativos en lenguas ind\u00edgenas desde el pluralismo epistemol\u00f3gico y metodolog\u00edas de aprendizaje ind\u00edgenas.<\/li>\n<\/ul>\n\n\n\n<div class=\"wp-block-stackable-spacer stk-block-spacer stk--no-padding stk-block stk-9a23be2\" data-block-id=\"9a23be2\"><\/div>\n","protected":false},"excerpt":{"rendered":"<p>La Maestr\u00eda en Socioling\u00fc\u00edstica se plantea dos prop\u00f3sitos: uno social y otro acad\u00e9mico. Objetivo General Desarrollar procesos de perfeccionamiento profesional en estudios y pr\u00e1cticas de revitalizaci\u00f3n y fortalecimiento de lenguas ind\u00edgenas que respondan a los debates, desaf\u00edos y procesos sociales emergentes en Bolivia y Am\u00e9rica Latina, para la implementaci\u00f3n de Derechos y Pol\u00edticas Ling\u00fc\u00edsticas basados [&hellip;]<\/p>\n","protected":false},"author":1,"featured_media":0,"parent":40,"menu_order":1,"comment_status":"closed","ping_status":"closed","template":"","meta":{"footnotes":""},"class_list":["post-42","page","type-page","status-publish","hentry"],"blocksy_meta":[],"_links":{"self":[{"href":"https:\/\/www.proeibandes.org\/index.php?rest_route=\/wp\/v2\/pages\/42"}],"collection":[{"href":"https:\/\/www.proeibandes.org\/index.php?rest_route=\/wp\/v2\/pages"}],"about":[{"href":"https:\/\/www.proeibandes.org\/index.php?rest_route=\/wp\/v2\/types\/page"}],"author":[{"embeddable":true,"href":"https:\/\/www.proeibandes.org\/index.php?rest_route=\/wp\/v2\/users\/1"}],"replies":[{"embeddable":true,"href":"https:\/\/www.proeibandes.org\/index.php?rest_route=%2Fwp%2Fv2%2Fcomments&post=42"}],"version-history":[{"count":4,"href":"https:\/\/www.proeibandes.org\/index.php?rest_route=\/wp\/v2\/pages\/42\/revisions"}],"predecessor-version":[{"id":1334,"href":"https:\/\/www.proeibandes.org\/index.php?rest_route=\/wp\/v2\/pages\/42\/revisions\/1334"}],"up":[{"embeddable":true,"href":"https:\/\/www.proeibandes.org\/index.php?rest_route=\/wp\/v2\/pages\/40"}],"wp:attachment":[{"href":"https:\/\/www.proeibandes.org\/index.php?rest_route=%2Fwp%2Fv2%2Fmedia&parent=42"}],"curies":[{"name":"wp","href":"https:\/\/api.w.org\/{rel}","templated":true}]}}