{"id":46,"date":"2018-06-25T19:59:48","date_gmt":"2018-06-25T19:59:48","guid":{"rendered":"http:\/\/ciproeib.proeibandes.org\/?page_id=46"},"modified":"2024-06-20T10:56:33","modified_gmt":"2024-06-20T14:56:33","slug":"descripcion-del-programa","status":"publish","type":"page","link":"https:\/\/www.proeibandes.org\/?page_id=46","title":{"rendered":"Descripci\u00f3n del programa"},"content":{"rendered":"\n<div class=\"wp-block-stackable-spacer stk-block-spacer stk--no-padding stk-block stk-87dcaf9\" data-block-id=\"87dcaf9\"><style>.stk-87dcaf9{height:50px !important}<\/style><\/div>\n\n\n\n<p>La Maestr\u00eda en Socioling\u00fc\u00edstica, en tanto programa de formaci\u00f3n acad\u00e9mica a nivel de posgrado se instala como parte del PROEIB Andes que es parte, a su vez, del Departamento de Postgrado de la Facultad de Humanidades y Ciencias de la Educaci\u00f3n de la Universidad Mayor de San Sim\u00f3n, Cochabamba, Bolivia.<\/p>\n\n\n\n<p>La maestr\u00eda se ejecuta bajo modalidad presencial con un alcance internacional, dado que cuenta con estudiantes de pueblos ind\u00edgenas de Bolivia y de pa\u00edses latinoamericanos, que a su vez son representantes de los pueblos ind\u00edgenas de dichos pa\u00edses, certificados mediante sus organizaciones sociales, o mediante las universidades estatales de los pa\u00edses de origen.<\/p>\n\n\n\n<p>A fin de asegurar la calidad acad\u00e9mica y el prestigio institucional del PROEIB Andes, la Maestr\u00eda en Socioling\u00fc\u00edstica cuenta para su implementaci\u00f3n con un plantel de profesionales de las Ciencias Sociales con grado de doctorado y maestr\u00eda, permanente y dependiente del departamento de Posgrado. A su vez, se complementa el plantel docente con profesionales reconocidos a nivel nacional e internacional que participan en los distintos procesos y etapas de ejecuci\u00f3n de la maestr\u00eda.<\/p>\n\n\n\n<p>El Programa de Maestr\u00eda en Socioling\u00fc\u00edstica en su tercera versi\u00f3n contar\u00e1 con el apoyo de profesores invitados de Universidades de B\u00e9lgica como continuaci\u00f3n de la relaci\u00f3n acad\u00e9mica entre la Universit\u00e9 catholique de Louvain y la Universidad Mayor de San Sim\u00f3n.<\/p>\n\n\n\n<div class=\"wp-block-stackable-spacer stk-block-spacer stk--no-padding stk-block stk-b92dec8\" data-block-id=\"b92dec8\"><style>.stk-b92dec8{height:50px !important}<\/style><\/div>\n\n\n\n<div class=\"wp-block-stackable-heading stk-block-heading stk-block-heading--v2 stk-block stk-4fccf29\" id=\"estructura-curricular\" data-block-id=\"4fccf29\"><h2 class=\"stk-block-heading__text\">Estructura curricular<\/h2><\/div>\n\n\n\n<p>La Maestr\u00eda en Socioling\u00fc\u00edstica responde a las necesidades sociales y ling\u00fc\u00edsticas emergentes en estas \u00faltimas d\u00e9cadas en Bolivia y Am\u00e9rica Latina, como ser, los derechos ling\u00fc\u00edsticos, las pol\u00edticas ling\u00fc\u00edsticas de revitalizaci\u00f3n, de fortalecimiento y de estandarizaci\u00f3n de las lenguas ind\u00edgenas. En tal sentido, el programa toma en cuenta en su contenido curricular: la investigaci\u00f3n socioling\u00fc\u00edstica, la planificaci\u00f3n ling\u00fc\u00edstica y la elaboraci\u00f3n de materiales en lenguas ind\u00edgenas. A su vez, estos campos ser\u00e1n las l\u00edneas de acci\u00f3n para la sostenibilidad de la diversidad ling\u00fc\u00edstica de Bolivia y los pa\u00edses del Abya Yala.<\/p>\n\n\n\n<p>Se trata de una maestr\u00eda acad\u00e9mica, cuya duraci\u00f3n es de 2 a\u00f1os, con una dedicaci\u00f3n de 2400 horas acad\u00e9micas, equivalentes a 60 cr\u00e9ditos. El desarrollo curricular es modular.<\/p>\n\n\n\n<p>Los contenidos est\u00e1n organizados en los siguientes m\u00f3dulos:<\/p>\n\n\n\n<ul class=\"wp-block-list\">\n<li>Pueblos ind\u00edgenas y Estado<\/li>\n\n\n\n<li>Situaci\u00f3n socioling\u00fc\u00edstica de las lenguas ind\u00edgenas de Abya Yala<\/li>\n\n\n\n<li>Descripci\u00f3n fonol\u00f3gica de lenguas ind\u00edgenas<\/li>\n\n\n\n<li>Contacto y conflicto de lenguas<\/li>\n\n\n\n<li>Gesti\u00f3n de proyectos<\/li>\n\n\n\n<li>Metodolog\u00edas de investigaci\u00f3n social<\/li>\n\n\n\n<li>Investigaci\u00f3n de campo I y II<\/li>\n\n\n\n<li>Pedagog\u00edas para la ense\u00f1anza intercultural biling\u00fce<\/li>\n\n\n\n<li>Pol\u00edticas ling\u00fc\u00edsticas y revitalizaci\u00f3n<\/li>\n\n\n\n<li>Descripci\u00f3n morfosint\u00e1ctica de lenguas ind\u00edgenas<\/li>\n\n\n\n<li>Pol\u00edticas educativas y ling\u00fc\u00edsticas en contextos de diversidad cultural<\/li>\n\n\n\n<li>Ecolog\u00edas de las lenguas<\/li>\n\n\n\n<li>Metodolog\u00edas de investigaci\u00f3n socioling\u00fc\u00edstica<\/li>\n\n\n\n<li>Elaboraci\u00f3n de tesis I y II<\/li>\n\n\n\n<li>Identidad, lengua y pensamiento<\/li>\n\n\n\n<li>Elaboraci\u00f3n de materiales para la ense\u00f1anza de lenguas y culturas ind\u00edgenas<\/li>\n\n\n\n<li>Pragm\u00e1tica de las lenguas<\/li>\n\n\n\n<li>Evaluaci\u00f3n de procesos de revitalizaci\u00f3n.<\/li>\n<\/ul>\n\n\n\n<div class=\"wp-block-stackable-heading stk-block-heading stk-block-heading--v2 stk-block stk-645cbe0\" id=\"conexion-directa-al-doctorado\" data-block-id=\"645cbe0\"><h2 class=\"stk-block-heading__text\">Conexi\u00f3n directa al doctorado<\/h2><\/div>\n\n\n\n<div class=\"wp-block-stackable-text stk-block-text stk-block stk-cb2bf67\" data-block-id=\"cb2bf67\"><p class=\"stk-block-text__text\">El PROEIB Andes, siendo un centro de larga trayectoria, ofrece el nivel de doctorado, de manera que la Maestr\u00eda en Socioling\u00fc\u00edstica est\u00e1 conectada al Doctorado en Estudios Socioculturales (DES). Este programa doctoral oferta la Menci\u00f3n en Socioling\u00fc\u00edstica para profundizar los estudios en lenguas ind\u00edgenas. As\u00ed el o la estudiante una vez concluida la maestr\u00eda tiene la posibilidad de continuar con su formaci\u00f3n doctoral.<\/p><\/div>\n\n\n\n<div class=\"wp-block-stackable-spacer stk-block-spacer stk--no-padding stk-block stk-c166996\" data-block-id=\"c166996\"><\/div>\n","protected":false},"excerpt":{"rendered":"<p>La Maestr\u00eda en Socioling\u00fc\u00edstica, en tanto programa de formaci\u00f3n acad\u00e9mica a nivel de posgrado se instala como parte del PROEIB Andes que es parte, a su vez, del Departamento de Postgrado de la Facultad de Humanidades y Ciencias de la Educaci\u00f3n de la Universidad Mayor de San Sim\u00f3n, Cochabamba, Bolivia. La maestr\u00eda se ejecuta bajo [&hellip;]<\/p>\n","protected":false},"author":1,"featured_media":0,"parent":40,"menu_order":3,"comment_status":"closed","ping_status":"closed","template":"","meta":{"footnotes":""},"class_list":["post-46","page","type-page","status-publish","hentry"],"blocksy_meta":[],"_links":{"self":[{"href":"https:\/\/www.proeibandes.org\/index.php?rest_route=\/wp\/v2\/pages\/46"}],"collection":[{"href":"https:\/\/www.proeibandes.org\/index.php?rest_route=\/wp\/v2\/pages"}],"about":[{"href":"https:\/\/www.proeibandes.org\/index.php?rest_route=\/wp\/v2\/types\/page"}],"author":[{"embeddable":true,"href":"https:\/\/www.proeibandes.org\/index.php?rest_route=\/wp\/v2\/users\/1"}],"replies":[{"embeddable":true,"href":"https:\/\/www.proeibandes.org\/index.php?rest_route=%2Fwp%2Fv2%2Fcomments&post=46"}],"version-history":[{"count":5,"href":"https:\/\/www.proeibandes.org\/index.php?rest_route=\/wp\/v2\/pages\/46\/revisions"}],"predecessor-version":[{"id":1447,"href":"https:\/\/www.proeibandes.org\/index.php?rest_route=\/wp\/v2\/pages\/46\/revisions\/1447"}],"up":[{"embeddable":true,"href":"https:\/\/www.proeibandes.org\/index.php?rest_route=\/wp\/v2\/pages\/40"}],"wp:attachment":[{"href":"https:\/\/www.proeibandes.org\/index.php?rest_route=%2Fwp%2Fv2%2Fmedia&parent=46"}],"curies":[{"name":"wp","href":"https:\/\/api.w.org\/{rel}","templated":true}]}}