{"id":48,"date":"2018-06-25T20:05:06","date_gmt":"2018-06-25T20:05:06","guid":{"rendered":"http:\/\/ciproeib.proeibandes.org\/?page_id=48"},"modified":"2024-06-18T17:19:55","modified_gmt":"2024-06-18T21:19:55","slug":"perfil-del-postgraduado","status":"publish","type":"page","link":"https:\/\/www.proeibandes.org\/?page_id=48","title":{"rendered":"Perfil del postgraduado"},"content":{"rendered":"\n<div class=\"wp-block-stackable-spacer stk-block-spacer stk--no-padding stk-block stk-58d8b66\" data-block-id=\"58d8b66\"><style>.stk-58d8b66{height:50px !important}<\/style><\/div>\n\n\n\n<p>En respuesta a las necesidades y demandas sociales, el Mag\u00edster en Socioling\u00fc\u00edstica es un profesional cualificado en cuatro dimensiones: <\/p>\n\n\n\n<ul class=\"wp-block-list\">\n<li>Saber sobre socioling\u00fc\u00edstica y revitalizaci\u00f3n<\/li>\n\n\n\n<li>Hacer investigaci\u00f3n socioling\u00fc\u00edstica con enfoque etnogr\u00e1fico y\/o de investigaci\u00f3n-acci\u00f3n<\/li>\n\n\n\n<li>Preparar la planificaci\u00f3n de adquisici\u00f3n de una lengua ind\u00edgena<\/li>\n\n\n\n<li>Ser sensible a las actitudes interculturales que fortalezcan las relaciones entre pueblos.<\/li>\n<\/ul>\n\n\n\n<div class=\"wp-block-stackable-spacer stk-block-spacer stk--no-padding stk-block stk-39ce5f3\" data-block-id=\"39ce5f3\"><style>.stk-39ce5f3{height:50px !important}<\/style><\/div>\n","protected":false},"excerpt":{"rendered":"<p>En respuesta a las necesidades y demandas sociales, el Mag\u00edster en Socioling\u00fc\u00edstica es un profesional cualificado en cuatro dimensiones:<\/p>\n","protected":false},"author":1,"featured_media":0,"parent":40,"menu_order":4,"comment_status":"closed","ping_status":"closed","template":"","meta":{"footnotes":""},"class_list":["post-48","page","type-page","status-publish","hentry"],"blocksy_meta":[],"_links":{"self":[{"href":"https:\/\/www.proeibandes.org\/index.php?rest_route=\/wp\/v2\/pages\/48"}],"collection":[{"href":"https:\/\/www.proeibandes.org\/index.php?rest_route=\/wp\/v2\/pages"}],"about":[{"href":"https:\/\/www.proeibandes.org\/index.php?rest_route=\/wp\/v2\/types\/page"}],"author":[{"embeddable":true,"href":"https:\/\/www.proeibandes.org\/index.php?rest_route=\/wp\/v2\/users\/1"}],"replies":[{"embeddable":true,"href":"https:\/\/www.proeibandes.org\/index.php?rest_route=%2Fwp%2Fv2%2Fcomments&post=48"}],"version-history":[{"count":4,"href":"https:\/\/www.proeibandes.org\/index.php?rest_route=\/wp\/v2\/pages\/48\/revisions"}],"predecessor-version":[{"id":1340,"href":"https:\/\/www.proeibandes.org\/index.php?rest_route=\/wp\/v2\/pages\/48\/revisions\/1340"}],"up":[{"embeddable":true,"href":"https:\/\/www.proeibandes.org\/index.php?rest_route=\/wp\/v2\/pages\/40"}],"wp:attachment":[{"href":"https:\/\/www.proeibandes.org\/index.php?rest_route=%2Fwp%2Fv2%2Fmedia&parent=48"}],"curies":[{"name":"wp","href":"https:\/\/api.w.org\/{rel}","templated":true}]}}