{"id":66,"date":"2018-06-25T20:28:24","date_gmt":"2018-06-25T20:28:24","guid":{"rendered":"http:\/\/ciproeib.proeibandes.org\/?page_id=66"},"modified":"2024-06-14T11:44:17","modified_gmt":"2024-06-14T15:44:17","slug":"eib-amaz","status":"publish","type":"page","link":"https:\/\/www.proeibandes.org\/?page_id=66","title":{"rendered":"EIB-AMAZ"},"content":{"rendered":"\n<div class=\"wp-block-stackable-spacer stk-block-spacer stk--no-padding stk-block stk-d8c6aca\" data-block-id=\"d8c6aca\"><\/div>\n\n\n\n<div class=\"wp-block-stackable-columns stk-block-columns stk-block stk-9ca6d36\" data-block-id=\"9ca6d36\"><style>.stk-9ca6d36 .stk--block-align-9ca6d36{align-items:center !important}<\/style><div class=\"stk-row stk-inner-blocks stk--block-align-9ca6d36 stk-block-content stk-content-align stk-9ca6d36-column\">\n<div class=\"wp-block-stackable-column stk-block-column stk-column stk-block stk-2c80f77\" data-v=\"4\" data-block-id=\"2c80f77\"><div class=\"stk-column-wrapper stk-block-column__content stk-container stk-2c80f77-container stk--no-background stk--no-padding\"><div class=\"stk-block-content stk-inner-blocks stk-2c80f77-inner-blocks\">\n<div class=\"wp-block-stackable-heading stk-block-heading stk-block-heading--v2 stk-block stk-e31a45b\" id=\"programa-de-educacion-intercultural-bilingue-en-la-amazonia\" data-block-id=\"e31a45b\"><style>.stk-e31a45b .stk-block-heading__text{font-size:40px !important}@media screen and (max-width:999px){.stk-e31a45b .stk-block-heading__text{font-size:40px !important}}<\/style><h2 class=\"stk-block-heading__text\">Programa de Educaci\u00f3n Intercultural Biling\u00fce en la Amazon\u00eda<\/h2><\/div>\n\n\n\n<p>El programa de Educaci\u00f3n Intercultural Biling\u00fce para la Amazon\u00eda, EIBAMAZ, es un programa educativo de car\u00e1cter regional que se lleva a cabo en con pueblos ind\u00edgenas de Ecuador, Per\u00fa y Bolivia. El programa est\u00e1 constituido por un convenio de cooperaci\u00f3n entre el Gobierno de Finlandia, Ministerios de Educaci\u00f3n de los tres pa\u00edses y UNICEF. Desde el a\u00f1o 2006, est\u00e1 siendo ejecutado por Ministerios de Educaci\u00f3n y Universidades Como prop\u00f3sito fundamental, el EIBAMAZ en Bolivia busca elevar la calidad educativa de los estudiantes de cinco pueblos ind\u00edgenas Moset\u00e9n, Takana, Tsimane\u2019, Cavine\u00f1o y Movima a partir de la elaboraci\u00f3n e implementaci\u00f3n de curr\u00edculos escolares acordes a la realidad espec\u00edfica de cada uno de estos pueblos, es decir, al contexto cultural y ling\u00fc\u00edstico en el que los ni\u00f1os viven y construyen sus conocimientos. Para hacer m\u00e1s eficiente este proceso de intervenci\u00f3n educativa, el programa consta de tres componentes estrat\u00e9gicos: El primero de ellos, \u201cComponente de Investigaci\u00f3n\u201d, se encuentra a cargo del PROEIB ANDES, de la Universidad Mayor de San Sim\u00f3n de Cochabamba, en tanto que el segundo y el tercero, \u201cFormaci\u00f3n docente\u201d y \u201cProducci\u00f3n de Materiales\u201d, est\u00e1n a cargo del Ministerio de Educaci\u00f3n y Culturas de Bolivia.<\/p>\n\n\n\n<p>El trabajo realizado por el equipo de investigaci\u00f3n del PROEIB Andes se ha llevado a cabo en las cinco TCOs de los pueblos Moset\u00e9n, Takana, Tsimane\u2019, Cavine\u00f1o y Movima, adem\u00e1s de la TCO Tsimane\u2019 Moset\u00e9n Reserva de la Bi\u00f3sfera de Pilon Lajas. El siguiente mapa nos muestra la zona de intervenci\u00f3n del EIB AMAZ en Bolivia.<\/p>\n<\/div><\/div><\/div>\n\n\n\n<div class=\"wp-block-stackable-column stk-block-column stk-column stk-block stk-e01d836\" data-v=\"4\" data-block-id=\"e01d836\"><div class=\"stk-column-wrapper stk-block-column__content stk-container stk-e01d836-container stk--no-background stk--no-padding\"><div class=\"stk-block-content stk-inner-blocks stk-e01d836-inner-blocks\">\n<div class=\"wp-block-stackable-image stk-block-image stk-block stk-de26b7b\" data-block-id=\"de26b7b\"><figure><span class=\"stk-img-wrapper stk-image--shape-stretch\"><img loading=\"lazy\" decoding=\"async\" class=\"stk-img wp-image-67\" src=\"http:\/\/www.proeibandes.org\/wp-content\/uploads\/2018\/06\/serpiente.jpg\" width=\"500\" height=\"441\" srcset=\"https:\/\/www.proeibandes.org\/wp-content\/uploads\/2018\/06\/serpiente.jpg 500w, https:\/\/www.proeibandes.org\/wp-content\/uploads\/2018\/06\/serpiente-300x265.jpg 300w\" sizes=\"(max-width: 500px) 100vw, 500px\" \/><\/span><\/figure><\/div>\n\n\n\n<p class=\"has-text-align-center\">Serpiente tallada en una piedra del r\u00edo Beni perteneciente a la cultura tsimane\u2019 moset\u00e9n<br>Ecuador, Per\u00fa Bolivia<br>2008<\/p>\n<\/div><\/div><\/div>\n<\/div><\/div>\n\n\n\n<div class=\"wp-block-stackable-spacer stk-block-spacer stk--no-padding stk-block stk-8bb6362\" data-block-id=\"8bb6362\"><\/div>\n","protected":false},"excerpt":{"rendered":"<p>Programa de Educaci\u00f3n Intercultural Biling\u00fce en la Amazon\u00eda El programa de Educaci\u00f3n Intercultural Biling\u00fce para la Amazon\u00eda, EIBAMAZ, es un programa educativo de car\u00e1cter regional que se lleva a cabo en con pueblos ind\u00edgenas de Ecuador, Per\u00fa y Bolivia. El programa est\u00e1 constituido por un convenio de cooperaci\u00f3n entre el Gobierno de Finlandia, Ministerios de [&hellip;]<\/p>\n","protected":false},"author":1,"featured_media":0,"parent":0,"menu_order":0,"comment_status":"closed","ping_status":"closed","template":"","meta":{"footnotes":""},"class_list":["post-66","page","type-page","status-publish","hentry"],"blocksy_meta":[],"_links":{"self":[{"href":"https:\/\/www.proeibandes.org\/index.php?rest_route=\/wp\/v2\/pages\/66"}],"collection":[{"href":"https:\/\/www.proeibandes.org\/index.php?rest_route=\/wp\/v2\/pages"}],"about":[{"href":"https:\/\/www.proeibandes.org\/index.php?rest_route=\/wp\/v2\/types\/page"}],"author":[{"embeddable":true,"href":"https:\/\/www.proeibandes.org\/index.php?rest_route=\/wp\/v2\/users\/1"}],"replies":[{"embeddable":true,"href":"https:\/\/www.proeibandes.org\/index.php?rest_route=%2Fwp%2Fv2%2Fcomments&post=66"}],"version-history":[{"count":7,"href":"https:\/\/www.proeibandes.org\/index.php?rest_route=\/wp\/v2\/pages\/66\/revisions"}],"predecessor-version":[{"id":1202,"href":"https:\/\/www.proeibandes.org\/index.php?rest_route=\/wp\/v2\/pages\/66\/revisions\/1202"}],"wp:attachment":[{"href":"https:\/\/www.proeibandes.org\/index.php?rest_route=%2Fwp%2Fv2%2Fmedia&parent=66"}],"curies":[{"name":"wp","href":"https:\/\/api.w.org\/{rel}","templated":true}]}}