{"id":977,"date":"2024-06-11T10:14:38","date_gmt":"2024-06-11T14:14:38","guid":{"rendered":"https:\/\/www.proeibandes.org\/?page_id=977"},"modified":"2025-04-07T15:30:00","modified_gmt":"2025-04-07T19:30:00","slug":"historia","status":"publish","type":"page","link":"https:\/\/www.proeibandes.org\/?page_id=977","title":{"rendered":"Historia"},"content":{"rendered":"\n<div class=\"wp-block-stackable-divider stk-block-divider stk-block stk-04e8cf0\" data-block-id=\"04e8cf0\"><hr class=\"stk-block-divider__hr\"\/><\/div>\n\n\n\n<div class=\"wp-block-stackable-columns stk-block-columns stk-block stk-4ababd7 stk-block-background\" data-block-id=\"4ababd7\"><style>.stk-4ababd7 {background-color:#b0845d59 !important;}.stk-4ababd7:before{background-color:#b0845d59 !important;}<\/style><div class=\"stk-row stk-inner-blocks stk-block-content stk-content-align stk-4ababd7-column\">\n<div class=\"wp-block-stackable-column stk-block-column stk-column stk-block stk-4324b56\" data-v=\"4\" data-block-id=\"4324b56\"><div class=\"stk-column-wrapper stk-block-column__content stk-container stk-4324b56-container stk--no-background stk--no-padding\"><div class=\"stk-block-content stk-inner-blocks stk-4324b56-inner-blocks\">\n<p>El Programa de Formaci\u00f3n en Educaci\u00f3n Intercultural Biling\u00fce para los Pa\u00edses Andinos (PROEIB Andes) desarrolla sus actividades desde 1996 en la Facultad de Humanidades, de la Universidad Mayor de San Sim\u00f3n, constituy\u00e9ndose en referente internacional en educaci\u00f3n intercultural biling\u00fce e investigaci\u00f3n en problem\u00e1ticas relativas a los pueblos ind\u00edgenas.<\/p>\n\n\n\n<p>Este programa se fund\u00f3 como iniciativa conjunta entre universidades, ministerios de educaci\u00f3n y organizaciones de Bolivia y Am\u00e9rica Latina (Colombia, Chile, Ecuador, Per\u00fa y Argentina), y agencias de cooperaci\u00f3n internacional. Desde el 2000 al 2011 fue parte del Proyecto Universidad Ind\u00edgena Intercultural, en convenio con el Fondo de Desarrollo para los Pueblos Ind\u00edgenas de Am\u00e9rica Latina y El Caribe, con lo cual ampli\u00f3 su radio de acci\u00f3n a Centro Am\u00e9rica con 19 universidades aliadas.<\/p>\n<\/div><\/div><\/div>\n\n\n\n<div class=\"wp-block-stackable-column stk-block-column stk-column stk-block stk-34d726d\" data-v=\"4\" data-block-id=\"34d726d\"><style>.stk-34d726d {align-self:center !important;}<\/style><div class=\"stk-column-wrapper stk-block-column__content stk-container stk-34d726d-container stk--no-background stk--no-padding\"><div class=\"stk-block-content stk-inner-blocks stk-34d726d-inner-blocks\">\n<figure class=\"wp-block-image size-large is-resized\"><img loading=\"lazy\" decoding=\"async\" width=\"1024\" height=\"576\" src=\"https:\/\/www.proeibandes.org\/wp-content\/uploads\/2024\/06\/DSC00596-1024x576.jpg\" alt=\"\" class=\"wp-image-1098\" style=\"width:652px;height:auto\" srcset=\"https:\/\/www.proeibandes.org\/wp-content\/uploads\/2024\/06\/DSC00596-1024x576.jpg 1024w, https:\/\/www.proeibandes.org\/wp-content\/uploads\/2024\/06\/DSC00596-300x169.jpg 300w, https:\/\/www.proeibandes.org\/wp-content\/uploads\/2024\/06\/DSC00596-768x432.jpg 768w, https:\/\/www.proeibandes.org\/wp-content\/uploads\/2024\/06\/DSC00596-1536x864.jpg 1536w, https:\/\/www.proeibandes.org\/wp-content\/uploads\/2024\/06\/DSC00596-2048x1152.jpg 2048w\" sizes=\"(max-width: 1024px) 100vw, 1024px\" \/><\/figure>\n<\/div><\/div><\/div>\n<\/div><\/div>\n\n\n\n<div class=\"wp-block-stackable-columns stk-block-columns stk-block stk-5f5118e stk-block-background\" data-block-id=\"5f5118e\"><div class=\"stk-row stk-inner-blocks stk-block-content stk-content-align stk-5f5118e-column\">\n<div class=\"wp-block-stackable-column stk-block-column stk-column stk-block stk-2335d3d\" data-v=\"4\" data-block-id=\"2335d3d\"><style>.stk-2335d3d {align-self:center !important;}<\/style><div class=\"stk-column-wrapper stk-block-column__content stk-container stk-2335d3d-container stk--no-background stk--no-padding\"><div class=\"stk-block-content stk-inner-blocks stk-2335d3d-inner-blocks\">\n<figure class=\"wp-block-image aligncenter size-large\"><img loading=\"lazy\" decoding=\"async\" width=\"1024\" height=\"778\" src=\"https:\/\/www.proeibandes.org\/wp-content\/uploads\/2024\/06\/foto-4ta.-prom-jardin-1024x778.jpg\" alt=\"\" class=\"wp-image-1100\" srcset=\"https:\/\/www.proeibandes.org\/wp-content\/uploads\/2024\/06\/foto-4ta.-prom-jardin-1024x778.jpg 1024w, https:\/\/www.proeibandes.org\/wp-content\/uploads\/2024\/06\/foto-4ta.-prom-jardin-300x228.jpg 300w, https:\/\/www.proeibandes.org\/wp-content\/uploads\/2024\/06\/foto-4ta.-prom-jardin-768x583.jpg 768w, https:\/\/www.proeibandes.org\/wp-content\/uploads\/2024\/06\/foto-4ta.-prom-jardin.jpg 1315w\" sizes=\"(max-width: 1024px) 100vw, 1024px\" \/><\/figure>\n<\/div><\/div><\/div>\n\n\n\n<div class=\"wp-block-stackable-column stk-block-column stk-column stk-block stk-11ed36f\" data-v=\"4\" data-block-id=\"11ed36f\"><div class=\"stk-column-wrapper stk-block-column__content stk-container stk-11ed36f-container stk--no-background stk--no-padding\"><div class=\"stk-block-content stk-inner-blocks stk-11ed36f-inner-blocks\">\n<p>El PROEIB Andes ha atravesado por 2 etapas. Una bajo el auspicio de la Cooperaci\u00f3n Internacional, especialmente de la Rep\u00fablica de Alemania (GTZ), y otra desde el 2007 cuando pas\u00f3 a ser parte de la UMSS. Considerado como un programa de referencia en Am\u00e9rica Latina, se abre una tercera etapa de desaf\u00edos a nivel regional que implican mantener y fortalecer su nicho hist\u00f3rico acad\u00e9mico en lo que respecta a la Educaci\u00f3n y a la Interculturalidad, ampliar su know how y servicios atendiendo a las demandas todav\u00eda crecientes por una formaci\u00f3n educativa y de investigaci\u00f3n no cubiertas en la regi\u00f3n latinoamericana, bajo un enfoque intercultural.<\/p>\n\n\n\n<p>Desde 1998 a la fecha, ha concluido con ocho versiones de su Maestr\u00eda en EIB, cuatro versiones de un Curso de Especializaci\u00f3n en EIB en Am\u00e9rica Latina, y dos versiones de la Maestr\u00eda en Socioling\u00fc\u00edstica. En ambas maestr\u00edas m\u00e1s de 243 estudiantes han concluido sus estudios y de ellos, se han titulado m\u00e1s de 205 entre hombres y mujeres de origen ind\u00edgena provenientes de varios pa\u00edses de Am\u00e9rica Latina, superando el 84% de titulaci\u00f3n. Fueron parte de estos cursos, estudiantes ind\u00edgenas y no ind\u00edgenas de Argentina, Belice, Bolivia, Chile, Colombia, Costa Rica, Ecuador, Guatemala, Honduras, M\u00e9xico, Nicaragua, Panam\u00e1, Paraguay, Per\u00fa y Venezuela. El 2016 el PROEIB Andes inici\u00f3 el doctorado en Estudios Socioculturales. Tambi\u00e9n ampl\u00eda su campo de acci\u00f3n con la maestr\u00eda en Bioeducaci\u00f3n y Culturas desde el a\u00f1o 2024.<\/p>\n<\/div><\/div><\/div>\n<\/div><\/div>\n\n\n\n<div class=\"wp-block-stackable-columns stk-block-columns stk-block stk-5fa45d5 stk-block-background\" data-block-id=\"5fa45d5\"><style>.stk-5fa45d5 {background-color:#692b1342 !important;}.stk-5fa45d5:before{background-color:#692b1342 !important;}<\/style><div class=\"stk-row stk-inner-blocks stk-block-content stk-content-align stk-5fa45d5-column\">\n<div class=\"wp-block-stackable-column stk-block-column stk-column stk-block stk-e45dad7\" data-v=\"4\" data-block-id=\"e45dad7\"><div class=\"stk-column-wrapper stk-block-column__content stk-container stk-e45dad7-container stk--no-background stk--no-padding\"><div class=\"stk-block-content stk-inner-blocks stk-e45dad7-inner-blocks\">\n<p>El 2017, con base en su trayectoria, experiencia y prestigio internacional, se ha constituido en Centro Interdisciplinario PROEIB Andes, como unidad de investigaci\u00f3n especializada y de formaci\u00f3n posgradual.<\/p>\n\n\n\n<p>Actualmente, y despu\u00e9s de la pandemia del COVID-19, la unidad se ha enfocado en trabajar las l\u00edneas de investigaci\u00f3n con varios trabajos, as\u00ed como preparar el enfoque de una nueva maestr\u00eda especializada en pueblos ind\u00edgenas y educaci\u00f3n.<\/p>\n\n\n\n<p>Sus principales actividades son la formaci\u00f3n, la investigaci\u00f3n, la asistencia t\u00e9cnica, la asesor\u00eda en Educaci\u00f3n e Interculturalidad, la gesti\u00f3n documental y la publicaci\u00f3n e interacci\u00f3n social. El desarrollo de sus actividades est\u00e1 en consonancia con las demandas sociales por una educaci\u00f3n cultural y ling\u00fc\u00edsticamente pertinente en los contextos de diversidad cultural de Am\u00e9rica Latina. Por ello, coordina con organizaciones ind\u00edgenas, ministerios, universidades, organismos de cooperaci\u00f3n internacional y otras instituciones que trabajan con la Educaci\u00f3n Intercultural y Biling\u00fce.<\/p>\n<\/div><\/div><\/div>\n\n\n\n<div class=\"wp-block-stackable-column stk-block-column stk-column stk-block stk-c35eb44\" data-v=\"4\" data-block-id=\"c35eb44\"><style>.stk-c35eb44 {align-self:center !important;}<\/style><div class=\"stk-column-wrapper stk-block-column__content stk-container stk-c35eb44-container stk--no-background stk--no-padding\"><div class=\"stk-block-content stk-inner-blocks stk-c35eb44-inner-blocks\">\n<figure class=\"wp-block-image size-large\"><img loading=\"lazy\" decoding=\"async\" width=\"1024\" height=\"502\" src=\"https:\/\/www.proeibandes.org\/wp-content\/uploads\/2024\/06\/85.jpg-1024x502.jpg\" alt=\"\" class=\"wp-image-1101\" srcset=\"https:\/\/www.proeibandes.org\/wp-content\/uploads\/2024\/06\/85.jpg-1024x502.jpg 1024w, https:\/\/www.proeibandes.org\/wp-content\/uploads\/2024\/06\/85.jpg-300x147.jpg 300w, https:\/\/www.proeibandes.org\/wp-content\/uploads\/2024\/06\/85.jpg-768x377.jpg 768w, https:\/\/www.proeibandes.org\/wp-content\/uploads\/2024\/06\/85.jpg-1536x753.jpg 1536w, https:\/\/www.proeibandes.org\/wp-content\/uploads\/2024\/06\/85.jpg-2048x1005.jpg 2048w\" sizes=\"(max-width: 1024px) 100vw, 1024px\" \/><\/figure>\n<\/div><\/div><\/div>\n<\/div><\/div>\n\n\n\n<div class=\"wp-block-stackable-divider stk-block-divider stk-block stk-812af98\" data-block-id=\"812af98\"><hr class=\"stk-block-divider__hr\"\/><\/div>\n","protected":false},"excerpt":{"rendered":"<p>El Programa de Formaci\u00f3n en Educaci\u00f3n Intercultural Biling\u00fce para los Pa\u00edses Andinos (PROEIB Andes) desarrolla sus actividades desde 1996 en la Facultad de Humanidades, de la Universidad Mayor de San Sim\u00f3n, constituy\u00e9ndose en referente internacional en educaci\u00f3n intercultural biling\u00fce e investigaci\u00f3n en problem\u00e1ticas relativas a los pueblos ind\u00edgenas. Este programa se fund\u00f3 como iniciativa conjunta [&hellip;]<\/p>\n","protected":false},"author":2,"featured_media":0,"parent":0,"menu_order":0,"comment_status":"closed","ping_status":"closed","template":"","meta":{"footnotes":""},"class_list":["post-977","page","type-page","status-publish","hentry"],"blocksy_meta":[],"_links":{"self":[{"href":"https:\/\/www.proeibandes.org\/index.php?rest_route=\/wp\/v2\/pages\/977"}],"collection":[{"href":"https:\/\/www.proeibandes.org\/index.php?rest_route=\/wp\/v2\/pages"}],"about":[{"href":"https:\/\/www.proeibandes.org\/index.php?rest_route=\/wp\/v2\/types\/page"}],"author":[{"embeddable":true,"href":"https:\/\/www.proeibandes.org\/index.php?rest_route=\/wp\/v2\/users\/2"}],"replies":[{"embeddable":true,"href":"https:\/\/www.proeibandes.org\/index.php?rest_route=%2Fwp%2Fv2%2Fcomments&post=977"}],"version-history":[{"count":8,"href":"https:\/\/www.proeibandes.org\/index.php?rest_route=\/wp\/v2\/pages\/977\/revisions"}],"predecessor-version":[{"id":2085,"href":"https:\/\/www.proeibandes.org\/index.php?rest_route=\/wp\/v2\/pages\/977\/revisions\/2085"}],"wp:attachment":[{"href":"https:\/\/www.proeibandes.org\/index.php?rest_route=%2Fwp%2Fv2%2Fmedia&parent=977"}],"curies":[{"name":"wp","href":"https:\/\/api.w.org\/{rel}","templated":true}]}}