{"id":989,"date":"2024-06-11T10:17:22","date_gmt":"2024-06-11T14:17:22","guid":{"rendered":"https:\/\/www.proeibandes.org\/?page_id=989"},"modified":"2024-07-16T10:54:09","modified_gmt":"2024-07-16T14:54:09","slug":"pasantias","status":"publish","type":"page","link":"https:\/\/www.proeibandes.org\/?page_id=989","title":{"rendered":"Pasant\u00edas"},"content":{"rendered":"\n<div class=\"wp-block-stackable-spacer stk-block-spacer stk--no-padding stk-block stk-3844fb7\" data-block-id=\"3844fb7\"><\/div>\n\n\n\n<div class=\"wp-block-stackable-columns alignfull stk-block-columns stk-block stk-fa06ac5 stk-block-background stk--has-background-overlay\" data-block-id=\"fa06ac5\"><style>.stk-fa06ac5 .stk--block-align-fa06ac5{align-items:center !important}.stk-fa06ac5{background-color:#000000 !important;background-image:url(http:\/\/www.proeibandes.org\/wp-content\/uploads\/2024\/06\/DSC00097.jpg) !important;padding-top:150px !important;padding-bottom:150px !important;margin-bottom:0px !important}.stk-fa06ac5:before{background-color:#000000 !important;opacity:0.3 !important}.stk-fa06ac5-column{--stk-column-gap:35px !important}@media screen and (max-width:999px){.stk-fa06ac5{padding-top:100px !important;padding-bottom:100px !important}}<\/style><div class=\"stk-row stk-inner-blocks stk--block-align-fa06ac5 stk-block-content stk-content-align stk-fa06ac5-column\">\n<div class=\"wp-block-stackable-column stk-block-column stk-column stk-block stk-fedc1ed\" data-v=\"4\" data-block-id=\"fedc1ed\"><style>.stk-fedc1ed-container{margin-top:0px !important;margin-right:0px !important;margin-bottom:0px !important;margin-left:0px !important}@media screen and (min-width:690px) and (max-width:999px){.stk-fedc1ed{flex:var(--stk-flex-grow,1) 1 calc(100% - var(--stk-column-gap,0px) * 0 \/ 1 ) !important}}<\/style><div class=\"stk-column-wrapper stk-block-column__content stk-container stk-fedc1ed-container stk--no-background stk--no-padding\"><div class=\"stk-block-content stk-inner-blocks stk-fedc1ed-inner-blocks\">\n<div class=\"wp-block-stackable-text stk-block-text stk-block stk-364ff0d\" data-block-id=\"364ff0d\"><style>.stk-364ff0d{margin-bottom:10px !important}.stk-364ff0d .stk-block-text__text{color:var(--theme-palette-color-5,#edeff2) !important}<\/style><p class=\"stk-block-text__text has-text-color has-palette-color-5-color has-text-align-center-mobile\"><strong>Trabaja con nosotros<\/strong><\/p><\/div>\n\n\n\n<div class=\"wp-block-stackable-divider stk-block-divider stk--hide-mobile has-text-align-left stk-block stk-dcead3d is-style-bar\" data-block-id=\"dcead3d\"><style>.stk-dcead3d{margin-bottom:15px !important}.stk-dcead3d hr.stk-block-divider__hr{background:var(--theme-palette-color-1,#ffcd05) !important;border-radius:calc(4px \/ 2) !important;height:4px !important;width:17% !important}<\/style><hr class=\"stk-block-divider__hr\"\/><\/div>\n\n\n\n<div class=\"wp-block-stackable-heading stk-block-heading stk-block-heading--v2 stk-block stk-c386a7c\" id=\"pasantias-en-el-ci-proeib-andes\" data-block-id=\"c386a7c\"><style>.stk-c386a7c{margin-bottom:20px !important}.stk-c386a7c .stk-block-heading__text{font-size:50px !important;color:var(--theme-palette-color-8,#ffffff) !important;line-height:1.2em !important}@media screen and (max-width:999px){.stk-c386a7c .stk-block-heading__text{font-size:40px !important}}<\/style><h2 class=\"stk-block-heading__text has-text-color has-palette-color-8-color has-text-align-center-mobile\">Pasant\u00edas en el CI PROEIB Andes<\/h2><\/div>\n\n\n\n<div class=\"wp-block-stackable-text stk-block-text stk-block stk-35e8da2\" data-block-id=\"35e8da2\"><style>.stk-35e8da2{margin-bottom:40px !important}.stk-35e8da2 .stk-block-text__text{color:var(--theme-palette-color-5,#edeff2) !important}<\/style><p class=\"stk-block-text__text has-text-color has-palette-color-5-color has-text-align-center-mobile\">Ampl\u00eda tu formaci\u00f3n sobre interculturalidad, lenguas y bioeducaci\u00f3n realizando trabajos de investigaci\u00f3n en nuestra instituci\u00f3n que tiene 28 a\u00f1os de trayectoria en este campo.<\/p><\/div>\n\n\n\n<div class=\"wp-block-stackable-button-group stk-block-button-group stk-block stk-743ddb6\" data-block-id=\"743ddb6\"><div class=\"stk-row stk-inner-blocks has-text-align-center-mobile stk-block-content stk-button-group\">\n<div class=\"wp-block-stackable-button stk-block-button stk-block stk-ad610b2\" data-block-id=\"ad610b2\"><style>.stk-ad610b2 .stk-button{padding-top:12px !important;padding-right:30px !important;padding-bottom:12px !important;padding-left:30px !important;border-top-left-radius:3px !important;border-top-right-radius:3px !important;border-bottom-right-radius:3px !important;border-bottom-left-radius:3px !important}.stk-ad610b2 .stk-button__inner-text{font-size:1.15em !important;color:var(--theme-palette-color-4,#111518) !important}@media screen and (max-width:999px){.stk-ad610b2 .stk-button__inner-text{font-size:1.15em !important}}<\/style><a class=\"stk-link stk-button stk--hover-effect-darken\" href=\"https:\/\/bit.ly\/4evCUM8\" target=\"_blank\" rel=\"noreferrer noopener\"><span class=\"has-text-color has-palette-color-4-color stk-button__inner-text\">M\u00e1s informaci\u00f3n<\/span><\/a><\/div>\n<\/div><\/div>\n<\/div><\/div><\/div>\n\n\n\n<div class=\"wp-block-stackable-column stk-block-column stk-column stk-block stk-87db624\" data-v=\"4\" data-block-id=\"87db624\"><style>.stk-87db624-container{margin-top:0px !important;margin-right:0px !important;margin-bottom:0px !important;margin-left:0px !important}@media screen and (min-width:690px) and (max-width:999px){.stk-87db624{flex:var(--stk-flex-grow,1) 1 calc(50% - var(--stk-column-gap,0px) * 0 \/ 1 ) !important}}<\/style><div class=\"stk-column-wrapper stk-block-column__content stk-container stk-87db624-container stk--no-background stk--no-padding\"><div class=\"stk-block-content stk-inner-blocks stk-87db624-inner-blocks\"><\/div><\/div><\/div>\n<\/div><\/div>\n\n\n\n<div class=\"wp-block-stackable-spacer stk-block-spacer stk--no-padding stk-block stk-e4be689\" data-block-id=\"e4be689\"><\/div>\n","protected":false},"excerpt":{"rendered":"<p>Trabaja con nosotros Pasant\u00edas en el CI PROEIB Andes Ampl\u00eda tu formaci\u00f3n sobre interculturalidad, lenguas y bioeducaci\u00f3n realizando trabajos de investigaci\u00f3n en nuestra instituci\u00f3n que tiene 28 a\u00f1os de trayectoria en este campo. M\u00e1s informaci\u00f3n<\/p>\n","protected":false},"author":2,"featured_media":0,"parent":0,"menu_order":0,"comment_status":"closed","ping_status":"closed","template":"","meta":{"footnotes":""},"class_list":["post-989","page","type-page","status-publish","hentry"],"blocksy_meta":[],"_links":{"self":[{"href":"https:\/\/www.proeibandes.org\/index.php?rest_route=\/wp\/v2\/pages\/989"}],"collection":[{"href":"https:\/\/www.proeibandes.org\/index.php?rest_route=\/wp\/v2\/pages"}],"about":[{"href":"https:\/\/www.proeibandes.org\/index.php?rest_route=\/wp\/v2\/types\/page"}],"author":[{"embeddable":true,"href":"https:\/\/www.proeibandes.org\/index.php?rest_route=\/wp\/v2\/users\/2"}],"replies":[{"embeddable":true,"href":"https:\/\/www.proeibandes.org\/index.php?rest_route=%2Fwp%2Fv2%2Fcomments&post=989"}],"version-history":[{"count":4,"href":"https:\/\/www.proeibandes.org\/index.php?rest_route=\/wp\/v2\/pages\/989\/revisions"}],"predecessor-version":[{"id":1748,"href":"https:\/\/www.proeibandes.org\/index.php?rest_route=\/wp\/v2\/pages\/989\/revisions\/1748"}],"wp:attachment":[{"href":"https:\/\/www.proeibandes.org\/index.php?rest_route=%2Fwp%2Fv2%2Fmedia&parent=989"}],"curies":[{"name":"wp","href":"https:\/\/api.w.org\/{rel}","templated":true}]}}